{"id":189014,"date":"2024-11-25T11:45:15","date_gmt":"2024-11-25T09:45:15","guid":{"rendered":"https:\/\/totalblue.ro\/?post_type=product&#038;p=189014"},"modified":"2026-01-04T15:53:16","modified_gmt":"2026-01-04T13:53:16","slug":"maidlhof-celeri-en-tranches-650-g-import-allemagne","status":"publish","type":"product","link":"https:\/\/totalblue.ro\/fr\/produs\/maidlhof-felii-de-telina-650-g-import-germania\/","title":{"rendered":"Tranches de c\u00e9leri Maidlhof 650 g, import\u00e9 d'Allemagne"},"content":{"rendered":"<p>Notre c\u00e9leri l\u00e9g\u00e8rement \u00e9pic\u00e9 est parfait pour les salades ou comme garniture de l\u00e9gumes !<\/p>\n<p>Ingr\u00e9dients : c\u00e9leri, eau, vinaigre d'alcool, sucre, sel de table, acidifiant : acide citrique.<br \/>\nValeurs nutritionnelles \/ 100 g :<br \/>\n\u00c9nergie 264 kJ \/ 62 kcal<br \/>\nMati\u00e8res grasses 0,3 g dont acides gras satur\u00e9s &lt;0,1 g<br \/>\nGlucides 13,3 g dont sucres 12,7 g<br \/>\nProt\u00e9ines 0,8 g<br \/>\nSel 1,34 g<\/p>","protected":false},"excerpt":{"rendered":"<p>Telina usor picanta \u2013 telina noastra este perfecta pentru salate sau ca garnitura de legume! Ingrediente: telina, apa, otet de rachiu, zahar, sare de masa, acidifiant: acid citric Valori nutritionale \/ 100 g: Energie 264 kJ \/ 62 kcal Grasimi 0.3 g din care acizi grasi saturati &lt;0,1 g Glucide 13.3 g din care zaharuri [&#8230;]\n","protected":false},"featured_media":189020,"comment_status":"open","ping_status":"closed","template":"","meta":{"_acf_changed":false,"_seopress_robots_primary_cat":"none","_seopress_titles_title":"","_seopress_titles_desc":"","_seopress_robots_index":""},"product_brand":[27242],"product_cat":[1555,1683,3372,21826,1950,21880,22064],"giftcard-category":[],"class_list":{"0":"post-189014","1":"product","2":"type-product","3":"status-publish","4":"has-post-thumbnail","6":"product_brand-maidhof","7":"product_cat-bacanie","8":"product_cat-conserve-mancare-gatita","9":"product_cat-conserve-produse-germania","10":"product_cat-produse-bio-dietetice","11":"product_cat-produse-germania","12":"product_cat-vegan","13":"product_cat-vegetarian","15":"first","16":"instock","17":"taxable","18":"shipping-taxable","19":"purchasable","20":"product-type-simple"},"acf":[],"_links":{"self":[{"href":"https:\/\/totalblue.ro\/fr\/wp-json\/wp\/v2\/product\/189014","targetHints":{"allow":["GET"]}}],"collection":[{"href":"https:\/\/totalblue.ro\/fr\/wp-json\/wp\/v2\/product"}],"about":[{"href":"https:\/\/totalblue.ro\/fr\/wp-json\/wp\/v2\/types\/product"}],"replies":[{"embeddable":true,"href":"https:\/\/totalblue.ro\/fr\/wp-json\/wp\/v2\/comments?post=189014"}],"wp:featuredmedia":[{"embeddable":true,"href":"https:\/\/totalblue.ro\/fr\/wp-json\/wp\/v2\/media\/189020"}],"wp:attachment":[{"href":"https:\/\/totalblue.ro\/fr\/wp-json\/wp\/v2\/media?parent=189014"}],"wp:term":[{"taxonomy":"product_brand","embeddable":true,"href":"https:\/\/totalblue.ro\/fr\/wp-json\/wp\/v2\/product_brand?post=189014"},{"taxonomy":"product_cat","embeddable":true,"href":"https:\/\/totalblue.ro\/fr\/wp-json\/wp\/v2\/product_cat?post=189014"},{"taxonomy":"giftcard-category","embeddable":true,"href":"https:\/\/totalblue.ro\/fr\/wp-json\/wp\/v2\/giftcard-category?post=189014"}],"curies":[{"name":"wp","href":"https:\/\/api.w.org\/{rel}","templated":true}]}}