{"id":195207,"date":"2024-12-12T12:50:10","date_gmt":"2024-12-12T10:50:10","guid":{"rendered":"https:\/\/totalblue.ro\/?post_type=product&#038;p=195207"},"modified":"2026-04-20T15:25:12","modified_gmt":"2026-04-20T12:25:12","slug":"jumbo-crunchy-peanut-cocktail-cocktail-borrelnoten-500-g","status":"publish","type":"product","link":"https:\/\/totalblue.ro\/fr\/produs\/jumbo-arahide-crocante-cocktail-borrelnoten-500-g\/","title":{"rendered":"Jumbo Crunchy Peanut Cocktail Borrelnoten 500 g"},"content":{"rendered":"<p>Ingr\u00e9dients : arachides 49,4%, amidon (pomme de terre, ma\u00efs, GRAU), huile de tournesol, sucre en poudre, poudre de riz, sel, sucre, farine de GRAU, inuline, dextrose, \u00e9pices (poudre d'ail, poudre de paprika, poivre blanc), chlorure de potassium, poudre d'oignon, sucre caram\u00e9lis\u00e9, colorant : E100, extrait de paprika et E172, extrait de levure, extrait d'\u00e9pices (paprika, curcuma), maltodextrine, acide alimentaire : acide citrique, ar\u00f4me, ar\u00f4me de fum\u00e9e, E = additif approuv\u00e9 par l'UE.<br \/>\nAllerg\u00e8nes<br \/>\nContient : Gluten, arachide, c\u00e9r\u00e9ales<br \/>\nPeut contenir : Noix<br \/>\nValeurs nutritionnelles \/ 100 g :<br \/>\nEnergie: 2183 kJ \/ 524 kcal<br \/>\nMati\u00e8res grasses : 32,5 g dont acides gras satur\u00e9s : 4,8 g<br \/>\nGlucides 42 g ou dont sucres 7,5 g<br \/>\nFibres 5 g<br \/>\nProt\u00e9ines : 13,3 g<br \/>\nSel : 1,62 g<\/p>","protected":false},"excerpt":{"rendered":"<p>Ingrediente: Arahide 49,4%, amidon (cartof, porumb, GRAU), ulei de floarea soarelui, zahar pudra, pudra de orez, sare, zahar, faina de GRAU, inulina, dextroza, condimente (pudra de usturoi, praf de boia, piper alb), clorura de potasiu, praf de ceapa , zahar caramelizat, coloranti: E100, extract de boia de ardei si E172, extract de drojdie, extract de [&#8230;]\n","protected":false},"featured_media":195213,"comment_status":"open","ping_status":"closed","template":"","meta":{"_acf_changed":false,"_seopress_robots_primary_cat":"none","_seopress_titles_title":"","_seopress_titles_desc":"","_seopress_robots_index":""},"product_brand":[4077],"product_cat":[1555,3338,1767],"giftcard-category":[],"class_list":{"0":"post-195207","1":"product","2":"type-product","3":"status-publish","4":"has-post-thumbnail","6":"product_brand-jumbo","7":"product_cat-bacanie","8":"product_cat-dulciuri-snacksuri","9":"product_cat-produse-olanda","11":"first","12":"outofstock","13":"taxable","14":"shipping-taxable","15":"purchasable","16":"product-type-simple"},"acf":[],"_links":{"self":[{"href":"https:\/\/totalblue.ro\/fr\/wp-json\/wp\/v2\/product\/195207","targetHints":{"allow":["GET"]}}],"collection":[{"href":"https:\/\/totalblue.ro\/fr\/wp-json\/wp\/v2\/product"}],"about":[{"href":"https:\/\/totalblue.ro\/fr\/wp-json\/wp\/v2\/types\/product"}],"replies":[{"embeddable":true,"href":"https:\/\/totalblue.ro\/fr\/wp-json\/wp\/v2\/comments?post=195207"}],"wp:featuredmedia":[{"embeddable":true,"href":"https:\/\/totalblue.ro\/fr\/wp-json\/wp\/v2\/media\/195213"}],"wp:attachment":[{"href":"https:\/\/totalblue.ro\/fr\/wp-json\/wp\/v2\/media?parent=195207"}],"wp:term":[{"taxonomy":"product_brand","embeddable":true,"href":"https:\/\/totalblue.ro\/fr\/wp-json\/wp\/v2\/product_brand?post=195207"},{"taxonomy":"product_cat","embeddable":true,"href":"https:\/\/totalblue.ro\/fr\/wp-json\/wp\/v2\/product_cat?post=195207"},{"taxonomy":"giftcard-category","embeddable":true,"href":"https:\/\/totalblue.ro\/fr\/wp-json\/wp\/v2\/giftcard-category?post=195207"}],"curies":[{"name":"wp","href":"https:\/\/api.w.org\/{rel}","templated":true}]}}