{"id":196365,"date":"2025-01-20T13:50:47","date_gmt":"2025-01-20T11:50:47","guid":{"rendered":"https:\/\/totalblue.ro\/?post_type=product&#038;p=196365"},"modified":"2025-08-05T13:10:26","modified_gmt":"2025-08-05T10:10:26","slug":"bolletje-biscuiti-crocanti-ciabatta-cu-rozmarin-190-g-import-olanda","status":"publish","type":"product","link":"https:\/\/totalblue.ro\/fr\/produs\/bolletje-biscuiti-crocanti-ciabatta-cu-rozmarin-190-g-import-olanda\/","title":{"rendered":"Bolletje Biscuits Ciabatta croustillants au romarin 190 g, import\u00e9 des Pays-Bas"},"content":{"rendered":"<p>Biscuitii Ciabatta cu rozmarin sunt deliciosi si crocanti.<br \/>\nO gustare delicioasa, inspirata de ciabatta italiana autentica<br \/>\nCu ulei de masline extravirgin<br \/>\nSursa de fibre<br \/>\nIngrediente: FAINA DE GRAU, ulei de rapita, fibre vegetale (oligofructoza), zahar, drojdie, rozmarin 1,8%, ulei de masline extravirgin 1,6%, sare minerala (potasiu), sare, maltodextrina, FAINA DE MALT DE GRAU. Poate contine alte cereale care contin gluten, oua, lapte, nuci si seminte de susan.<br \/>\nInformations sur les allergies<br \/>\nContient : c\u00e9r\u00e9ales contenant du gluten, bl\u00e9<br \/>\nPoate contine: oua, lapte, nuci, seminte de susan<br \/>\nValeurs nutritionnelles<br \/>\nCes valeurs s'appliquent au produit non pr\u00e9par\u00e9.<br \/>\nConseil pour 100 grammes<br \/>\nEnergie 1874 kJ (445 kcal)<br \/>\nGrasimi 13 g din care saturate 1,2 g<br \/>\nGlucide 70 g din care zaharuri 3 g<br \/>\nFibre alimentare 5,4 g<br \/>\nProt\u00e9ines 10 g<br \/>\nsare 0,8 g<br \/>\nDepozitare: Dupa deschidere, pastrati inchis intr-un loc intunecat si uscat.<\/p>","protected":false},"excerpt":{"rendered":"<p>Biscuitii Ciabatta cu rozmarin sunt deliciosi si crocanti. O gustare delicioasa, inspirata de ciabatta italiana autentica Cu ulei de masline extravirgin Sursa de fibre Ingrediente: FAINA DE GRAU, ulei de rapita, fibre vegetale (oligofructoza), zahar, drojdie, rozmarin 1,8%, ulei de masline extravirgin 1,6%, sare minerala (potasiu), sare, maltodextrina, FAINA DE MALT DE GRAU. Poate contine [&#8230;]\n","protected":false},"featured_media":196367,"comment_status":"open","ping_status":"closed","template":"","meta":{"_acf_changed":false,"_seopress_robots_primary_cat":"none","_seopress_titles_title":"","_seopress_titles_desc":"","_seopress_robots_index":""},"product_brand":[2017],"product_cat":[1555,3338,7021,21826,1767,21880],"giftcard-category":[],"class_list":{"0":"post-196365","1":"product","2":"type-product","3":"status-publish","4":"has-post-thumbnail","6":"product_brand-bolletje","7":"product_cat-bacanie","8":"product_cat-dulciuri-snacksuri","9":"product_cat-dulciuri-snacks","10":"product_cat-produse-bio-dietetice","11":"product_cat-produse-olanda","12":"product_cat-vegan","14":"first","15":"outofstock","16":"taxable","17":"shipping-taxable","18":"purchasable","19":"product-type-simple"},"acf":[],"_links":{"self":[{"href":"https:\/\/totalblue.ro\/fr\/wp-json\/wp\/v2\/product\/196365","targetHints":{"allow":["GET"]}}],"collection":[{"href":"https:\/\/totalblue.ro\/fr\/wp-json\/wp\/v2\/product"}],"about":[{"href":"https:\/\/totalblue.ro\/fr\/wp-json\/wp\/v2\/types\/product"}],"replies":[{"embeddable":true,"href":"https:\/\/totalblue.ro\/fr\/wp-json\/wp\/v2\/comments?post=196365"}],"wp:featuredmedia":[{"embeddable":true,"href":"https:\/\/totalblue.ro\/fr\/wp-json\/wp\/v2\/media\/196367"}],"wp:attachment":[{"href":"https:\/\/totalblue.ro\/fr\/wp-json\/wp\/v2\/media?parent=196365"}],"wp:term":[{"taxonomy":"product_brand","embeddable":true,"href":"https:\/\/totalblue.ro\/fr\/wp-json\/wp\/v2\/product_brand?post=196365"},{"taxonomy":"product_cat","embeddable":true,"href":"https:\/\/totalblue.ro\/fr\/wp-json\/wp\/v2\/product_cat?post=196365"},{"taxonomy":"giftcard-category","embeddable":true,"href":"https:\/\/totalblue.ro\/fr\/wp-json\/wp\/v2\/giftcard-category?post=196365"}],"curies":[{"name":"wp","href":"https:\/\/api.w.org\/{rel}","templated":true}]}}