{"id":200854,"date":"2025-01-28T13:13:02","date_gmt":"2025-01-28T11:13:02","guid":{"rendered":"https:\/\/totalblue.ro\/?post_type=product&#038;p=200854"},"modified":"2026-01-23T10:20:21","modified_gmt":"2026-01-23T08:20:21","slug":"indomie-noodles-taitei-instant-cu-legume-si-lime-75g","status":"publish","type":"product","link":"https:\/\/totalblue.ro\/fr\/produs\/indomie-noodles-taitei-instant-cu-legume-si-lime-75g\/","title":{"rendered":"Indomie Noodles, Taitei instant cu legume si lime 75g"},"content":{"rendered":"<p><span class=\"HwtZe\" lang=\"ro\"><span class=\"jCAhz ChMk0b\"><span class=\"ryNqvb\">Ingrediente : Taitei: faina de grau 70%, ulei de palmier rafinat (contine antioxidant E319), regulatori de aciditate E452(i), E500(i), agent de ingrosare E412, colorant E101(1), sare. <\/span><\/span><span class=\"jCAhz ChMk0b\"><span class=\"ryNqvb\">Pudr\u0103 de condimente: zah\u0103r, sare, poten\u021biatori de arom\u0103 (E621, E627, E631), pudr\u0103 de usturoi, piper, arom\u0103 artificial\u0103 1,9%, praz, praz de ceap\u0103, extract de drojdie, regulator de aciditate E330, arom\u0103 de l\u0103m\u00e2ie.<\/span><\/span><\/span><\/p>\n<p>Pr\u00e9paration :<br \/>\nMettre le contenu du sachet dans une assiette ou un bol.<br \/>\nTurnati peste noodles 400 ml de apa fierbinte si acoperiti cu un capac timp de 3 minute.<br \/>\nScurgeti surplusul de apa si amestecati pastele cu condimentele incluse in pachet.<br \/>\nPofta buna!<\/p>\n<p>Valeurs nutritionnelles pour 100 g :<br \/>\nEnergie 1996 kJ \/ 476 kcal<br \/>\nGrasimi 20.3 g din care acizi saturati 8.9 g<br \/>\nCarbohidrati 61.4 g din care zaharuri 3.8 g<br \/>\nFibe 3.2 g<br \/>\nProteine \u200b\u200b10.3 g<br \/>\nSare 4.6 g<\/p>","protected":false},"excerpt":{"rendered":"<p>Ingrediente : Taitei: faina de grau 70%, ulei de palmier rafinat (contine antioxidant E319), regulatori de aciditate E452(i), E500(i), agent de ingrosare E412, colorant E101(1), sare. Pudr\u0103 de condimente: zah\u0103r, sare, poten\u021biatori de arom\u0103 (E621, E627, E631), pudr\u0103 de usturoi, piper, arom\u0103 artificial\u0103 1,9%, praz, praz de ceap\u0103, extract de drojdie, regulator de aciditate E330, [&#8230;]\n","protected":false},"featured_media":200860,"comment_status":"open","ping_status":"closed","template":"","meta":{"_acf_changed":false,"_seopress_robots_primary_cat":"none","_seopress_titles_title":"","_seopress_titles_desc":"","_seopress_robots_index":""},"product_brand":[27329],"product_cat":[1555,1683,17494,21594,1463,3328,1767],"giftcard-category":[],"class_list":{"0":"post-200854","1":"product","2":"type-product","3":"status-publish","4":"has-post-thumbnail","6":"product_brand-indomie","7":"product_cat-bacanie","8":"product_cat-conserve-mancare-gatita","9":"product_cat-influente-asiatice","10":"product_cat-noodles-supe-instant","11":"product_cat-orez","12":"product_cat-paste-orez-ulei-otet","13":"product_cat-produse-olanda","15":"first","16":"outofstock","17":"taxable","18":"shipping-taxable","19":"purchasable","20":"product-type-simple"},"acf":[],"_links":{"self":[{"href":"https:\/\/totalblue.ro\/fr\/wp-json\/wp\/v2\/product\/200854","targetHints":{"allow":["GET"]}}],"collection":[{"href":"https:\/\/totalblue.ro\/fr\/wp-json\/wp\/v2\/product"}],"about":[{"href":"https:\/\/totalblue.ro\/fr\/wp-json\/wp\/v2\/types\/product"}],"replies":[{"embeddable":true,"href":"https:\/\/totalblue.ro\/fr\/wp-json\/wp\/v2\/comments?post=200854"}],"wp:featuredmedia":[{"embeddable":true,"href":"https:\/\/totalblue.ro\/fr\/wp-json\/wp\/v2\/media\/200860"}],"wp:attachment":[{"href":"https:\/\/totalblue.ro\/fr\/wp-json\/wp\/v2\/media?parent=200854"}],"wp:term":[{"taxonomy":"product_brand","embeddable":true,"href":"https:\/\/totalblue.ro\/fr\/wp-json\/wp\/v2\/product_brand?post=200854"},{"taxonomy":"product_cat","embeddable":true,"href":"https:\/\/totalblue.ro\/fr\/wp-json\/wp\/v2\/product_cat?post=200854"},{"taxonomy":"giftcard-category","embeddable":true,"href":"https:\/\/totalblue.ro\/fr\/wp-json\/wp\/v2\/giftcard-category?post=200854"}],"curies":[{"name":"wp","href":"https:\/\/api.w.org\/{rel}","templated":true}]}}