{"id":200977,"date":"2025-01-28T16:23:30","date_gmt":"2025-01-28T14:23:30","guid":{"rendered":"https:\/\/totalblue.ro\/?post_type=product&#038;p=200977"},"modified":"2026-02-27T13:06:01","modified_gmt":"2026-02-27T11:06:01","slug":"yildriz-sos-turcesc-de-usturoi-535-ml-import-olanda","status":"publish","type":"product","link":"https:\/\/totalblue.ro\/fr\/produs\/yildriz-sos-turcesc-de-usturoi-535-ml-import-olanda\/","title":{"rendered":"Yildriz Turkish Garlic Sauce 535 ml, import\u00e9 des Pays-Bas"},"content":{"rendered":"<p>Sauce \u00e0 l'ail selon la recette turque<br \/>\nD\u00e9licieux avec la pizza turque, le shaworma et d'autres plats de viande<br \/>\nAvec bouchon distributeur pratique<br \/>\nYildriz fabrique les sauces les plus savoureuses du monde, \u00e0 partir de recettes locales et d'ingr\u00e9dients du monde entier. Les sauces du monde Yildriz : pour ceux qui ont du go\u00fbt !<br \/>\nIngrediente: apa, ulei de rapita, otet natural, zahar, sirop de glucoza-fructoza, amidon de porumb modificat, amidon de porumb, usturoi 2,2%, OU LIBER si GALBENUS DE OU, sare, condimente, acid: acid citric, FAINA DE MUSTAR, clorura de potasiu, agenti de ingrosare: guma guar si guma xantan, condimente, arome naturale, conservanti: sorbat de potasiu si E211, antioxidant: E385.<br \/>\nInformations sur les allergies<br \/>\nContient : \u0153ufs, moutarde<br \/>\nValeurs nutritionnelles<br \/>\nCes valeurs s'appliquent au produit non pr\u00e9par\u00e9.<br \/>\nEmbout pour 100 millilitres<br \/>\nEnergie 1217 kJ (293 kcal)<br \/>\nGraisses 23 g dont 1,7 g de graisses satur\u00e9es<br \/>\nCarbohidrati 20 g din care zaharuri 12 g<br \/>\nProt\u00e9ines 0,9 g<br \/>\nSel 1,5 g<br \/>\nStockage : conserver au frais apr\u00e8s ouverture.<br \/>\nAvec des piments provenant de l'ext\u00e9rieur de l'UE.<br \/>\nFournisseur Yildriz PO Box 362, 3700 AJ AJ Zeist<\/p>","protected":false},"excerpt":{"rendered":"<p>Sos de usturoi dupa reteta turceasca Delicios cu pizza turceasca, shaworma si alte preparate din carne Cu capac de dozare la indemana Yildriz face cele mai gustoase sosuri din lume, pe baza retetelor locale si a ingredientelor din toata lumea. Sosuri din lume Yildriz: pentru cei cu gust! Ingrediente: apa, ulei de rapita, otet natural, [&#8230;]\n","protected":false},"featured_media":164292,"comment_status":"open","ping_status":"closed","template":"","meta":{"_acf_changed":false,"_seopress_robots_primary_cat":"none","_seopress_titles_title":"","_seopress_titles_desc":"","_seopress_robots_index":""},"product_brand":[25865],"product_cat":[1555,21674,3280,1451,17494,1767],"giftcard-category":[],"class_list":{"0":"post-200977","1":"product","2":"type-product","3":"status-publish","4":"has-post-thumbnail","6":"product_brand-yildriz","7":"product_cat-bacanie","8":"product_cat-condimente-sosuri-influente-asiatice","9":"product_cat-condimente-sosuri","10":"product_cat-condimente-produse-instant","11":"product_cat-influente-asiatice","12":"product_cat-produse-olanda","14":"first","15":"outofstock","16":"taxable","17":"shipping-taxable","18":"purchasable","19":"product-type-simple"},"acf":[],"_links":{"self":[{"href":"https:\/\/totalblue.ro\/fr\/wp-json\/wp\/v2\/product\/200977","targetHints":{"allow":["GET"]}}],"collection":[{"href":"https:\/\/totalblue.ro\/fr\/wp-json\/wp\/v2\/product"}],"about":[{"href":"https:\/\/totalblue.ro\/fr\/wp-json\/wp\/v2\/types\/product"}],"replies":[{"embeddable":true,"href":"https:\/\/totalblue.ro\/fr\/wp-json\/wp\/v2\/comments?post=200977"}],"wp:featuredmedia":[{"embeddable":true,"href":"https:\/\/totalblue.ro\/fr\/wp-json\/wp\/v2\/media\/164292"}],"wp:attachment":[{"href":"https:\/\/totalblue.ro\/fr\/wp-json\/wp\/v2\/media?parent=200977"}],"wp:term":[{"taxonomy":"product_brand","embeddable":true,"href":"https:\/\/totalblue.ro\/fr\/wp-json\/wp\/v2\/product_brand?post=200977"},{"taxonomy":"product_cat","embeddable":true,"href":"https:\/\/totalblue.ro\/fr\/wp-json\/wp\/v2\/product_cat?post=200977"},{"taxonomy":"giftcard-category","embeddable":true,"href":"https:\/\/totalblue.ro\/fr\/wp-json\/wp\/v2\/giftcard-category?post=200977"}],"curies":[{"name":"wp","href":"https:\/\/api.w.org\/{rel}","templated":true}]}}