{"id":201445,"date":"2025-01-30T11:19:48","date_gmt":"2025-01-30T09:19:48","guid":{"rendered":"https:\/\/totalblue.ro\/?post_type=product&#038;p=201445"},"modified":"2025-10-03T15:37:32","modified_gmt":"2025-10-03T12:37:32","slug":"unox-noodles-cu-4-tipuri-de-branza-66-g-gata-in-5-minute","status":"publish","type":"product","link":"https:\/\/totalblue.ro\/fr\/produs\/unox-noodles-cu-4-tipuri-de-branza-66-g-gata-in-5-minute\/","title":{"rendered":"Unox Good Paste cu 4 tipuri de branza 66 g \u2013 gata in 5 minute!"},"content":{"rendered":"<p>Pr\u00eat en 5 minutes ! Facile \u00e0 pr\u00e9parer !<br \/>\nNe mettez pas l'emballage au micro-ondes ! Ouvrez le couvercle. Versez de l'eau bouillante directement dans le verre jusqu'\u00e0 la ligne. Fermez le couvercle. Laisser reposer les nouilles pendant 5 minutes. M\u00e9langez bien ! C'est pr\u00eat ! Bon app\u00e9tit ! Note : le verre peut \u00eatre chaud !<br \/>\nIngrediente: Paste paste 61% (gris de grau dur, faina de grau), faina de grau, lapte praf degresat, branza praf 7,6% (branza albastra, branza tare, branza Crescenza, mozarella, branza, gorgonzala, zer, mascarpon de palmier), grasime, aroma (contine LAPTE), sare, sare minerala (potasiu), sare iodata, praf de ceapa\u00b9, sirop de glucoza, condimente (pudra de usturoi, piper, turmeric, pudra de radacina de patrunjel\u00b9), PROTEINE DE LAPTE, arpagic\u00b9 0,15%, extract de drojdie. Poate contine si alte cereale care contin gluten, telina, ou, mustar, susan, soia. \u00b9crescut in mod durabil<br \/>\nInformations sur les allergies<br \/>\nContient :<br \/>\nGrau, lapte, cereale care contin gluten<br \/>\nPeut contenir :<br \/>\nTelina, seminte de susan, mustar, soia, oua<br \/>\nValeurs nutritionnelles<br \/>\nAceste valori se aplica produsului preparat.<br \/>\nConseil pour 100 grammes<br \/>\nEnergie 440 kJ (105 kcal)<br \/>\nGrasimi 2 g din care saturate 1,1 g<br \/>\nGlucide 18 g din care zaharuri 2 g<br \/>\nFibres alimentaires 0,6 g<br \/>\nProt\u00e9ines 3,7 g<br \/>\nsare 0,57 g<br \/>\nStockage : conserver dans un endroit sec \u00e0 temp\u00e9rature ambiante.<br \/>\nFabriqu\u00e9 aux Pays-Bas par Unilever Nederland Unox, Postbus 160 3000 AD AD Rotterdam<br \/>\nImportateur et distributeur Total Blue Impex SRL<\/p>","protected":false},"excerpt":{"rendered":"<p>Gata in 5 minute ! Usor de pregatit ! Mod de preparare: Nu introduceti ambalajul in cuptorul cu microunde! Desfaceti capacul. Se toarna apa clocotita direct in pahar pana la linie. Se inchide capacul. Lasati noodles sa stea 5 minute. Amestecati bine ! Gata ! Va dorim pofta buna ! Nota: paharul poate fi fierbinte [&#8230;]\n","protected":false},"featured_media":201451,"comment_status":"open","ping_status":"closed","template":"","meta":{"_acf_changed":false,"_seopress_robots_primary_cat":"none","_seopress_titles_title":"","_seopress_titles_desc":"","_seopress_robots_index":""},"product_brand":[1925],"product_cat":[1555,3272,17494,21594,1463,3328,1767],"giftcard-category":[],"class_list":{"0":"post-201445","1":"product","2":"type-product","3":"status-publish","4":"has-post-thumbnail","6":"product_brand-unox","7":"product_cat-bacanie","8":"product_cat-conserve","9":"product_cat-influente-asiatice","10":"product_cat-noodles-supe-instant","11":"product_cat-orez","12":"product_cat-paste-orez-ulei-otet","13":"product_cat-produse-olanda","15":"first","16":"instock","17":"taxable","18":"shipping-taxable","19":"purchasable","20":"product-type-simple"},"acf":[],"_links":{"self":[{"href":"https:\/\/totalblue.ro\/fr\/wp-json\/wp\/v2\/product\/201445","targetHints":{"allow":["GET"]}}],"collection":[{"href":"https:\/\/totalblue.ro\/fr\/wp-json\/wp\/v2\/product"}],"about":[{"href":"https:\/\/totalblue.ro\/fr\/wp-json\/wp\/v2\/types\/product"}],"replies":[{"embeddable":true,"href":"https:\/\/totalblue.ro\/fr\/wp-json\/wp\/v2\/comments?post=201445"}],"wp:featuredmedia":[{"embeddable":true,"href":"https:\/\/totalblue.ro\/fr\/wp-json\/wp\/v2\/media\/201451"}],"wp:attachment":[{"href":"https:\/\/totalblue.ro\/fr\/wp-json\/wp\/v2\/media?parent=201445"}],"wp:term":[{"taxonomy":"product_brand","embeddable":true,"href":"https:\/\/totalblue.ro\/fr\/wp-json\/wp\/v2\/product_brand?post=201445"},{"taxonomy":"product_cat","embeddable":true,"href":"https:\/\/totalblue.ro\/fr\/wp-json\/wp\/v2\/product_cat?post=201445"},{"taxonomy":"giftcard-category","embeddable":true,"href":"https:\/\/totalblue.ro\/fr\/wp-json\/wp\/v2\/giftcard-category?post=201445"}],"curies":[{"name":"wp","href":"https:\/\/api.w.org\/{rel}","templated":true}]}}