{"id":201472,"date":"2025-01-30T12:04:03","date_gmt":"2025-01-30T10:04:03","guid":{"rendered":"https:\/\/totalblue.ro\/?post_type=product&#038;p=201472"},"modified":"2026-02-25T16:44:57","modified_gmt":"2026-02-25T14:44:57","slug":"unox-good-paste-cu-branza-si-pesto-68-g-gata-in-5-minute","status":"publish","type":"product","link":"https:\/\/totalblue.ro\/fr\/produs\/unox-good-paste-cu-branza-si-pesto-68-g-gata-in-5-minute\/","title":{"rendered":"Unox Good Paste cu branza si pesto 68 g \u2013 gata in 5 minute!"},"content":{"rendered":"<p>Pr\u00eat en 5 minutes ! Facile \u00e0 pr\u00e9parer !<br \/>\nNe mettez pas l'emballage au micro-ondes ! Ouvrez le couvercle. Versez de l'eau bouillante directement dans le verre jusqu'\u00e0 la ligne. Fermez le couvercle. Laisser reposer les nouilles pendant 5 minutes. M\u00e9langez bien ! C'est pr\u00eat ! Bon app\u00e9tit ! Note : le verre peut \u00eatre chaud !<br \/>\nIngrediente: Paste paste 57% (GRIS DE GRAU dur, FAINA DE GRAU), amidon, LAPTE praf degresat, arome, praf de branza procesata 4,2% (BRANZA, MOZZARELLA, BRANZA ALBASTRA, BRANZA Crescenza, BRANZA tare, produs din zer (contine LAPTE), sare, aroma (contine Grau), pudra de usturoi, ulei de floarea soarelui, praf de ceapa, grasime de palmier, sare minerala (potasiu), zahar, ierburi (patrunjel, busuioc 0,25%), ZAHAR DE LAPTE, spanac pudra\u00b9, suc de lamaie pudra, maltodextrina, sare, sare iodata, PROTEINE DE LAPTE, piper, turmeric, ulei de masline extravirgin obtinut la prima presare 0,05%, extract de drojdie, pudra de radacina de patrunjel\u00b9. Poate contine si alte cereale care contin gluten, ou, mustar, telina, susan, soia.<br \/>\nValeurs nutritionnelles \/ 100 g :<br \/>\nEnergie 448 kJ (106 kcal)<br \/>\nGrasimi 2 g din care saturate 0.6 g<br \/>\nGlucide 18 g din care zaharuri 2.4 g<br \/>\nFibres alimentaires 0,6 g<br \/>\nProteine \u200b\u200b3,5 g<br \/>\nsare 0,62 g<br \/>\nStockage : conserver dans un endroit sec \u00e0 temp\u00e9rature ambiante.<br \/>\nFabriqu\u00e9 aux Pays-Bas par Unilever Nederland Unox, Postbus 160 3000 AD AD Rotterdam<br \/>\nImportateur et distributeur Total Blue Impex SRL<\/p>","protected":false},"excerpt":{"rendered":"<p>Gata in 5 minute ! Usor de pregatit ! Mod de preparare: Nu introduceti ambalajul in cuptorul cu microunde! Desfaceti capacul. Se toarna apa clocotita direct in pahar pana la linie. Se inchide capacul. Lasati noodles sa stea 5 minute. Amestecati bine ! Gata ! Va dorim pofta buna ! Nota: paharul poate fi fierbinte [&#8230;]\n","protected":false},"featured_media":201478,"comment_status":"open","ping_status":"closed","template":"","meta":{"_acf_changed":false,"_seopress_robots_primary_cat":"none","_seopress_titles_title":"","_seopress_titles_desc":"","_seopress_robots_index":""},"product_brand":[1925],"product_cat":[1555,3272,17494,21594,1463,3328,1767],"giftcard-category":[],"class_list":{"0":"post-201472","1":"product","2":"type-product","3":"status-publish","4":"has-post-thumbnail","6":"product_brand-unox","7":"product_cat-bacanie","8":"product_cat-conserve","9":"product_cat-influente-asiatice","10":"product_cat-noodles-supe-instant","11":"product_cat-orez","12":"product_cat-paste-orez-ulei-otet","13":"product_cat-produse-olanda","15":"first","16":"instock","17":"taxable","18":"shipping-taxable","19":"purchasable","20":"product-type-simple"},"acf":[],"_links":{"self":[{"href":"https:\/\/totalblue.ro\/fr\/wp-json\/wp\/v2\/product\/201472","targetHints":{"allow":["GET"]}}],"collection":[{"href":"https:\/\/totalblue.ro\/fr\/wp-json\/wp\/v2\/product"}],"about":[{"href":"https:\/\/totalblue.ro\/fr\/wp-json\/wp\/v2\/types\/product"}],"replies":[{"embeddable":true,"href":"https:\/\/totalblue.ro\/fr\/wp-json\/wp\/v2\/comments?post=201472"}],"wp:featuredmedia":[{"embeddable":true,"href":"https:\/\/totalblue.ro\/fr\/wp-json\/wp\/v2\/media\/201478"}],"wp:attachment":[{"href":"https:\/\/totalblue.ro\/fr\/wp-json\/wp\/v2\/media?parent=201472"}],"wp:term":[{"taxonomy":"product_brand","embeddable":true,"href":"https:\/\/totalblue.ro\/fr\/wp-json\/wp\/v2\/product_brand?post=201472"},{"taxonomy":"product_cat","embeddable":true,"href":"https:\/\/totalblue.ro\/fr\/wp-json\/wp\/v2\/product_cat?post=201472"},{"taxonomy":"giftcard-category","embeddable":true,"href":"https:\/\/totalblue.ro\/fr\/wp-json\/wp\/v2\/giftcard-category?post=201472"}],"curies":[{"name":"wp","href":"https:\/\/api.w.org\/{rel}","templated":true}]}}