{"id":201612,"date":"2025-01-30T15:12:30","date_gmt":"2025-01-30T13:12:30","guid":{"rendered":"https:\/\/totalblue.ro\/?post_type=product&#038;p=201612"},"modified":"2026-03-27T12:27:14","modified_gmt":"2026-03-27T10:27:14","slug":"look-o-look-benzi-de-jeleuri-fructate-115g-import-olanda","status":"publish","type":"product","link":"https:\/\/totalblue.ro\/fr\/produs\/look-o-look-benzi-de-jeleuri-fructate-115g-import-olanda\/","title":{"rendered":"Look-O-Look Fruit jelly sticks 115g import\u00e9 des Pays-Bas"},"content":{"rendered":"<p>Ingrediente: zahar, sirop de glucoza, faina de GRAU, sirop de glucoza-fructoza, acizi alimentari (acid malic, acid citric), ulei de cocos, ulei de rapita complet hidrogenat, arome, unt de cacao, concentrate (cartof dulci, morcov negru), coloranti (curcumina). , albastru stralucitor FCF).<br \/>\nInformations sur les allergies<br \/>\nContient : c\u00e9r\u00e9ales contenant du gluten, bl\u00e9<br \/>\nValeurs nutritionnelles<br \/>\nCes valeurs s'appliquent au produit non pr\u00e9par\u00e9.<br \/>\nConseil pour 100 grammes<br \/>\nEnergie 1543 kJ (364 kcal)<br \/>\nGrasimi 2 g din care saturate 1,7 g<br \/>\nGlucide 81 g din care zaharuri 63 g<br \/>\nProteine \u200b\u200b2,1 g<br \/>\nsel 0 g<\/p>","protected":false},"excerpt":{"rendered":"<p>Ingrediente: zahar, sirop de glucoza, faina de GRAU, sirop de glucoza-fructoza, acizi alimentari (acid malic, acid citric), ulei de cocos, ulei de rapita complet hidrogenat, arome, unt de cacao, concentrate (cartof dulci, morcov negru), coloranti (curcumina). , albastru stralucitor FCF). Informatii despre alergii Contine: cereale care contin gluten, grau Valori nutritive Aceste valori se aplica [&#8230;]\n","protected":false},"featured_media":201618,"comment_status":"open","ping_status":"closed","template":"","meta":{"_acf_changed":false,"_seopress_robots_primary_cat":"none","_seopress_titles_title":"Look-O-Look Sticksuri cu aroma de cirese, dulci acrisoare Olanda","_seopress_titles_desc":"Cauti bomboane dulci acrisoare cu aroma de cirese? Cumpara acum online, ieftin cu livrare rapida\r\nLook-O-Look Sticksuri cu aroma de cirese Olanda","_seopress_robots_index":""},"product_brand":[3734],"product_cat":[1555,3338,7021,1767],"giftcard-category":[],"class_list":{"0":"post-201612","1":"product","2":"type-product","3":"status-publish","4":"has-post-thumbnail","6":"product_brand-look-o-look","7":"product_cat-bacanie","8":"product_cat-dulciuri-snacksuri","9":"product_cat-dulciuri-snacks","10":"product_cat-produse-olanda","12":"first","13":"outofstock","14":"taxable","15":"shipping-taxable","16":"purchasable","17":"product-type-simple"},"acf":[],"_links":{"self":[{"href":"https:\/\/totalblue.ro\/fr\/wp-json\/wp\/v2\/product\/201612","targetHints":{"allow":["GET"]}}],"collection":[{"href":"https:\/\/totalblue.ro\/fr\/wp-json\/wp\/v2\/product"}],"about":[{"href":"https:\/\/totalblue.ro\/fr\/wp-json\/wp\/v2\/types\/product"}],"replies":[{"embeddable":true,"href":"https:\/\/totalblue.ro\/fr\/wp-json\/wp\/v2\/comments?post=201612"}],"wp:featuredmedia":[{"embeddable":true,"href":"https:\/\/totalblue.ro\/fr\/wp-json\/wp\/v2\/media\/201618"}],"wp:attachment":[{"href":"https:\/\/totalblue.ro\/fr\/wp-json\/wp\/v2\/media?parent=201612"}],"wp:term":[{"taxonomy":"product_brand","embeddable":true,"href":"https:\/\/totalblue.ro\/fr\/wp-json\/wp\/v2\/product_brand?post=201612"},{"taxonomy":"product_cat","embeddable":true,"href":"https:\/\/totalblue.ro\/fr\/wp-json\/wp\/v2\/product_cat?post=201612"},{"taxonomy":"giftcard-category","embeddable":true,"href":"https:\/\/totalblue.ro\/fr\/wp-json\/wp\/v2\/giftcard-category?post=201612"}],"curies":[{"name":"wp","href":"https:\/\/api.w.org\/{rel}","templated":true}]}}