{"id":201701,"date":"2025-01-30T16:55:41","date_gmt":"2025-01-30T14:55:41","guid":{"rendered":"https:\/\/totalblue.ro\/?post_type=product&#038;p=201701"},"modified":"2026-02-27T18:22:44","modified_gmt":"2026-02-27T16:22:44","slug":"pickwick-herbal-calm-ceai-cu-ghimbir-si-lamaie-30g-15-pliculete-x-175g","status":"publish","type":"product","link":"https:\/\/totalblue.ro\/fr\/produs\/pickwick-herbal-calm-ceai-cu-ghimbir-si-lamaie-30g-15-pliculete-x-175g\/","title":{"rendered":"Pickwick Tisane au gingembre et au citron 30g 15 sachets x 1,75g"},"content":{"rendered":"<p>Un ceai intens de ghimbir cu un strop de lamaie.<br \/>\nD\u00e9caf\u00e9in\u00e9<br \/>\nPentru o preparare ideala: se lasa la infuzat 3-5 minute<\/p>\n<p>INGREDIENTE: ghimbir** (51%), iarba de lamaie, arome naturale, cicoare, lemn dulce**, coaja de lamaie (2%).<br \/>\nValeurs nutritionnelles<br \/>\nValeurs nutritionnelles \/ 100 g :<br \/>\n\u00c9nergie 4 kJ (1 kcal)<br \/>\nGraisses 0 g dont graisses satur\u00e9es 0 g<br \/>\nGlucide &lt; 0,2 g din care zaharuri 0 g<br \/>\nProt\u00e9ines 0 g<br \/>\nSel 0 g<\/p>\n<p>Pr\u00e9paration : Verser de l'eau bouillante (100\u00b0C) dans une tasse. Laissez le sachet de th\u00e9 pendant 3 \u00e0 5 minutes dans la tasse.<br \/>\nNote : La tasse peut \u00eatre chaude ! Le th\u00e9 peut \u00eatre chaud !<\/p>\n<p>Conserver dans un endroit sec, \u00e0 l'abri de la lumi\u00e8re et \u00e0 temp\u00e9rature ambiante.<\/p>\n<p>Furnizor: Consumer Service, Oosterdoksstraat 80, 1011 DK Amsterdam, Tarile de Jos\/Hollandsko<br \/>\nImportateur et distributeur Total Blue Impex SRL<br \/>\n<a href=\"https:\/\/totalblue.ro\/wp-content\/uploads\/2020\/12\/Rainforest-Alliance.jpeg\"><img loading=\"lazy\" decoding=\"async\" class=\"alignnone wp-image-27609\" src=\"https:\/\/totalblue.ro\/wp-content\/uploads\/2020\/12\/Rainforest-Alliance-699x400.jpeg\" alt=\"\" width=\"143\" height=\"82\" srcset=\"https:\/\/totalblue.ro\/wp-content\/uploads\/2020\/12\/Rainforest-Alliance-699x400.jpeg 699w, https:\/\/totalblue.ro\/wp-content\/uploads\/2020\/12\/Rainforest-Alliance-510x292.jpeg 510w, https:\/\/totalblue.ro\/wp-content\/uploads\/2020\/12\/Rainforest-Alliance-768x440.jpeg 768w, https:\/\/totalblue.ro\/wp-content\/uploads\/2020\/12\/Rainforest-Alliance-600x343.jpeg 600w, https:\/\/totalblue.ro\/wp-content\/uploads\/2020\/12\/Rainforest-Alliance-100x57.jpeg 100w, https:\/\/totalblue.ro\/wp-content\/uploads\/2020\/12\/Rainforest-Alliance.jpeg 959w\" sizes=\"auto, (max-width: 143px) 100vw, 143px\" \/><\/a><a href=\"https:\/\/totalblue.ro\/wp-content\/uploads\/2021\/08\/ethical-tea-partnership.jpg\"><img loading=\"lazy\" decoding=\"async\" class=\"alignnone wp-image-32632\" src=\"https:\/\/totalblue.ro\/wp-content\/uploads\/2021\/08\/ethical-tea-partnership.jpg\" alt=\"\" width=\"207\" height=\"61\" srcset=\"https:\/\/totalblue.ro\/wp-content\/uploads\/2021\/08\/ethical-tea-partnership.jpg 400w, https:\/\/totalblue.ro\/wp-content\/uploads\/2021\/08\/ethical-tea-partnership-100x30.jpg 100w\" sizes=\"auto, (max-width: 207px) 100vw, 207px\" \/><\/a><a href=\"https:\/\/totalblue.ro\/wp-content\/uploads\/2021\/08\/Groene-Punt.jpg\"><img loading=\"lazy\" decoding=\"async\" class=\"alignnone wp-image-32627\" src=\"https:\/\/totalblue.ro\/wp-content\/uploads\/2021\/08\/Groene-Punt.jpg\" alt=\"\" width=\"71\" height=\"71\" srcset=\"https:\/\/totalblue.ro\/wp-content\/uploads\/2021\/08\/Groene-Punt.jpg 300w, https:\/\/totalblue.ro\/wp-content\/uploads\/2021\/08\/Groene-Punt-100x100.jpg 100w, https:\/\/totalblue.ro\/wp-content\/uploads\/2021\/08\/Groene-Punt-280x280.jpg 280w\" sizes=\"auto, (max-width: 71px) 100vw, 71px\" \/><\/a><\/p>","protected":false},"excerpt":{"rendered":"<p>Un ceai intens de ghimbir cu un strop de lamaie. Decofeinizat Pentru o preparare ideala: se lasa la infuzat 3-5 minute INGREDIENTE: ghimbir** (51%), iarba de lamaie, arome naturale, cicoare, lemn dulce**, coaja de lamaie (2%). Valori nutritive Valori nutritionale \/ 100 g: Energie 4 kJ (1 kcal) Grasimi 0 g din care grasimi saturate [&#8230;]\n","protected":false},"featured_media":201708,"comment_status":"open","ping_status":"closed","template":"","meta":{"_acf_changed":false,"_seopress_robots_primary_cat":"none","_seopress_titles_title":"","_seopress_titles_desc":"","_seopress_robots_index":""},"product_brand":[2080],"product_cat":[1555,1506,3320,1767],"giftcard-category":[],"class_list":{"0":"post-201701","1":"product","2":"type-product","3":"status-publish","4":"has-post-thumbnail","6":"product_brand-pickwick","7":"product_cat-bacanie","8":"product_cat-cafea-ceai-mic-dejun","9":"product_cat-cafea-ceai-lapte","10":"product_cat-produse-olanda","12":"first","13":"instock","14":"taxable","15":"shipping-taxable","16":"purchasable","17":"product-type-simple"},"acf":[],"_links":{"self":[{"href":"https:\/\/totalblue.ro\/fr\/wp-json\/wp\/v2\/product\/201701","targetHints":{"allow":["GET"]}}],"collection":[{"href":"https:\/\/totalblue.ro\/fr\/wp-json\/wp\/v2\/product"}],"about":[{"href":"https:\/\/totalblue.ro\/fr\/wp-json\/wp\/v2\/types\/product"}],"replies":[{"embeddable":true,"href":"https:\/\/totalblue.ro\/fr\/wp-json\/wp\/v2\/comments?post=201701"}],"wp:featuredmedia":[{"embeddable":true,"href":"https:\/\/totalblue.ro\/fr\/wp-json\/wp\/v2\/media\/201708"}],"wp:attachment":[{"href":"https:\/\/totalblue.ro\/fr\/wp-json\/wp\/v2\/media?parent=201701"}],"wp:term":[{"taxonomy":"product_brand","embeddable":true,"href":"https:\/\/totalblue.ro\/fr\/wp-json\/wp\/v2\/product_brand?post=201701"},{"taxonomy":"product_cat","embeddable":true,"href":"https:\/\/totalblue.ro\/fr\/wp-json\/wp\/v2\/product_cat?post=201701"},{"taxonomy":"giftcard-category","embeddable":true,"href":"https:\/\/totalblue.ro\/fr\/wp-json\/wp\/v2\/giftcard-category?post=201701"}],"curies":[{"name":"wp","href":"https:\/\/api.w.org\/{rel}","templated":true}]}}