{"id":201912,"date":"2025-01-31T11:28:54","date_gmt":"2025-01-31T09:28:54","guid":{"rendered":"https:\/\/totalblue.ro\/?post_type=product&#038;p=201912"},"modified":"2026-03-17T22:24:50","modified_gmt":"2026-03-17T20:24:50","slug":"pickwick-rooibos-original-fara-cofeina-30g-20-pliculete","status":"publish","type":"product","link":"https:\/\/totalblue.ro\/fr\/produs\/pickwick-rooibos-original-fara-cofeina-30g-20-pliculete\/","title":{"rendered":"Pickwick Rooibos Original, sans caf\u00e9ine 30g, 20 sachets"},"content":{"rendered":"<p>O ceasca delicioasa de rooibos, cu un strop de scortisoara pentru un moment de liniste.<\/p>\n<p>Ingrediente: rooibos*, condimente (10,6%; scortisoara (7%), cardamom, ghimbir)<br \/>\nPr\u00e9paration : Verser de l'eau bouillante (100\u00b0C) dans une tasse. Laissez le sachet de th\u00e9 pendant 3 \u00e0 5 minutes dans la tasse.<br \/>\nNote : La tasse peut \u00eatre chaude ! Le th\u00e9 peut \u00eatre chaud !<\/p>\n<p>Conserver dans un endroit sec, \u00e0 l'abri de la lumi\u00e8re et \u00e0 temp\u00e9rature ambiante.<br \/>\nFabriqu\u00e9 par JACOBS DOUWE EGBERTS , Oosterdoksstraat 80, 1011DK Amsterdam, The Netherlands\/Holandsko<br \/>\nImportateur et distributeur Total Blue Impex SRL<\/p>","protected":false},"excerpt":{"rendered":"<p>O ceasca delicioasa de rooibos, cu un strop de scortisoara pentru un moment de liniste. Ingrediente: rooibos*, condimente (10,6%; scortisoara (7%), cardamom, ghimbir) Mod de pregatire: Se toarna apa clocotita (100 \u00b0 C) intr-o ceasca. Lasati pliculetul de ceai timp de 3 pana la 5 minute in ceasca. Nota: ceasca poate fi fierbinte! Ceaiul poate [&#8230;]\n","protected":false},"featured_media":201921,"comment_status":"open","ping_status":"closed","template":"","meta":{"_acf_changed":false,"_seopress_robots_primary_cat":"none","_seopress_titles_title":"Pickwick Rooibos cu miere, fara cofeina 30g, 20 pliculete","_seopress_titles_desc":"Cauti Pickwick? Cumpara acum Pickwick Rooibos cu miere, fara cofeina 30g, 20 pliculete, ceai pickwick, ceai fara cofeina, ceai rooibos, ceai pickwick.","_seopress_robots_index":""},"product_brand":[2080],"product_cat":[1555,1506,3320,1767],"giftcard-category":[],"class_list":{"0":"post-201912","1":"product","2":"type-product","3":"status-publish","4":"has-post-thumbnail","6":"product_brand-pickwick","7":"product_cat-bacanie","8":"product_cat-cafea-ceai-mic-dejun","9":"product_cat-cafea-ceai-lapte","10":"product_cat-produse-olanda","12":"first","13":"instock","14":"taxable","15":"shipping-taxable","16":"purchasable","17":"product-type-simple"},"acf":[],"_links":{"self":[{"href":"https:\/\/totalblue.ro\/fr\/wp-json\/wp\/v2\/product\/201912","targetHints":{"allow":["GET"]}}],"collection":[{"href":"https:\/\/totalblue.ro\/fr\/wp-json\/wp\/v2\/product"}],"about":[{"href":"https:\/\/totalblue.ro\/fr\/wp-json\/wp\/v2\/types\/product"}],"replies":[{"embeddable":true,"href":"https:\/\/totalblue.ro\/fr\/wp-json\/wp\/v2\/comments?post=201912"}],"wp:featuredmedia":[{"embeddable":true,"href":"https:\/\/totalblue.ro\/fr\/wp-json\/wp\/v2\/media\/201921"}],"wp:attachment":[{"href":"https:\/\/totalblue.ro\/fr\/wp-json\/wp\/v2\/media?parent=201912"}],"wp:term":[{"taxonomy":"product_brand","embeddable":true,"href":"https:\/\/totalblue.ro\/fr\/wp-json\/wp\/v2\/product_brand?post=201912"},{"taxonomy":"product_cat","embeddable":true,"href":"https:\/\/totalblue.ro\/fr\/wp-json\/wp\/v2\/product_cat?post=201912"},{"taxonomy":"giftcard-category","embeddable":true,"href":"https:\/\/totalblue.ro\/fr\/wp-json\/wp\/v2\/giftcard-category?post=201912"}],"curies":[{"name":"wp","href":"https:\/\/api.w.org\/{rel}","templated":true}]}}