{"id":212920,"date":"2025-04-04T09:43:50","date_gmt":"2025-04-04T06:43:50","guid":{"rendered":"https:\/\/totalblue.ro\/?post_type=product&#038;p=212920"},"modified":"2026-02-07T18:49:27","modified_gmt":"2026-02-07T16:49:27","slug":"foietaj-koopmans-original-450-g","status":"publish","type":"product","link":"https:\/\/totalblue.ro\/fr\/produs\/foietaj-koopmans-original-450-g\/","title":{"rendered":"Koopmans Original Foietaj Koopmans 450 g"},"content":{"rendered":"<p>1 pachet contine 10 felii de aluat foietaj<br \/>\nAluat foietaj, congelat.<br \/>\nCu aluatul foietaj Koopmans poti face creatii dulci si sarate delicioase. Ce zici de gustarile din foietaj cu branza de capra sau strudele de mere cu stafide?<br \/>\nV\u00e9g\u00e9talien<br \/>\nIngrediente: FAINA DE GRAU, apa, margarina (grasime de palmier, apa, ulei de rapita, sare, emulgator (E471), regulator de aciditate (E330)), sare iodata. Poate contine: LAPTE.<br \/>\nInformations sur les allergies<br \/>\nContient : bl\u00e9, c\u00e9r\u00e9ales contenant du gluten<br \/>\nPoate contine: lapte<br \/>\nValeurs nutritionnelles<br \/>\nCes valeurs s'appliquent au produit non pr\u00e9par\u00e9.<br \/>\nConseil pour 100 grammes<br \/>\nEnergie 1413 kJ (337 kcal)<br \/>\nGrasimi 19 g din care saturate 9,6 g<br \/>\nGlucide 35 g din care zaharuri 1,2 g<br \/>\nFibre alimentare 1,4 g<br \/>\nProteine \u200b\u200b5,7 g<br \/>\nSare 1,33 g<br \/>\nUtilizare:<br \/>\nPreparare: Convectie:<br \/>\nMod de preparare: &#8211; Scoateti tava de copt din cuptor si preincalziti cuptorul. &#8211; Folositi hartie de copt sau ungeti tava de copt cu unt sau margarina. &#8211; Separam feliile de foietaj congelate, scoatem folia si lasam feliile sa se dezghete 5-10 minute. &#8211; Puneti imediat feliile de foietaj nefolosite intr-o punga de plastic sigilata inapoi in congelator. Ustensile de bucatarie &#8211; Tava cuptor. Timp de preparare: Preparare: \u00b1 15 minute. Timp de coacere: 15-20 minute. Temperatura cuptorului: Cuptor ventilat: 210\u00b0C<br \/>\nPerioada de valabilitate: Congelator (-6\u00b0C): 1 saptamana. Congelator (-12\u00b0C): 1 luna. Se recomanda inainte de sfarsit (la -18\u00b0C): vezi partea de jos a ambalajului. Nu recongelati dupa dezghetare.<\/p>","protected":false},"excerpt":{"rendered":"<p><span data-text-color=\"alert\"><strong>ATTENTION ! PRODUIT CONGEL\u00c9 ! ATTENTION ! PRODUIT CONGEL\u00c9 !<br \/>\n<\/strong><\/span><\/p>","protected":false},"featured_media":212926,"comment_status":"open","ping_status":"closed","template":"","meta":{"_acf_changed":false,"_seopress_robots_primary_cat":"1767","_seopress_titles_title":"","_seopress_titles_desc":"","_seopress_robots_index":""},"product_brand":[2046],"product_cat":[1555,7021,2050,3256,1767],"giftcard-category":[],"class_list":{"0":"post-212920","1":"product","2":"type-product","3":"status-publish","4":"has-post-thumbnail","6":"product_brand-koopmans","7":"product_cat-bacanie","8":"product_cat-dulciuri-snacks","9":"product_cat-produse-congelate","10":"product_cat-produse-congelate-produse-olanda","11":"product_cat-produse-olanda","12":"product_shipping_class-frozen-products","14":"first","15":"instock","16":"taxable","17":"shipping-taxable","18":"purchasable","19":"product-type-simple"},"acf":[],"_links":{"self":[{"href":"https:\/\/totalblue.ro\/fr\/wp-json\/wp\/v2\/product\/212920","targetHints":{"allow":["GET"]}}],"collection":[{"href":"https:\/\/totalblue.ro\/fr\/wp-json\/wp\/v2\/product"}],"about":[{"href":"https:\/\/totalblue.ro\/fr\/wp-json\/wp\/v2\/types\/product"}],"replies":[{"embeddable":true,"href":"https:\/\/totalblue.ro\/fr\/wp-json\/wp\/v2\/comments?post=212920"}],"wp:featuredmedia":[{"embeddable":true,"href":"https:\/\/totalblue.ro\/fr\/wp-json\/wp\/v2\/media\/212926"}],"wp:attachment":[{"href":"https:\/\/totalblue.ro\/fr\/wp-json\/wp\/v2\/media?parent=212920"}],"wp:term":[{"taxonomy":"product_brand","embeddable":true,"href":"https:\/\/totalblue.ro\/fr\/wp-json\/wp\/v2\/product_brand?post=212920"},{"taxonomy":"product_cat","embeddable":true,"href":"https:\/\/totalblue.ro\/fr\/wp-json\/wp\/v2\/product_cat?post=212920"},{"taxonomy":"giftcard-category","embeddable":true,"href":"https:\/\/totalblue.ro\/fr\/wp-json\/wp\/v2\/giftcard-category?post=212920"}],"curies":[{"name":"wp","href":"https:\/\/api.w.org\/{rel}","templated":true}]}}