{"id":212933,"date":"2025-04-04T09:50:10","date_gmt":"2025-04-04T06:50:10","guid":{"rendered":"https:\/\/totalblue.ro\/?post_type=product&#038;p=212933"},"modified":"2025-08-01T15:03:59","modified_gmt":"2025-08-01T12:03:59","slug":"koopmans-foi-de-placinta-10-bucati-450g","status":"publish","type":"product","link":"https:\/\/totalblue.ro\/fr\/produs\/koopmans-foi-de-placinta-10-bucati-450g\/","title":{"rendered":"Feuilles \u00e0 tarte Koopmans 10 pi\u00e8ces, 450g"},"content":{"rendered":"<p>1 pachet contine 10 felii de aluat, suficiente pentru 2 placinte sarate<br \/>\nCuptor electric (200 grade Celsius), cuptor ventilat (180 grade Celsius) sau cuptor pe gaz (pozitia 4-5)<br \/>\nDescription<br \/>\nAluat de placinta savuros, congelat.<br \/>\nAluatul nu este destinat consumului crud si trebuie intotdeauna copt<br \/>\nContinut si greutate: 450 grame<br \/>\nMarimea portiei: per felie (45g)<br \/>\nNumar de portii: 10<br \/>\nCaracteristici: Vegan<br \/>\nIngrediente: FAINA DE GRAU, apa, ulei de rapita, drojdie de panificatie 5,0%, sare iodata. Poate contine: LAPTE.<br \/>\nInformations sur les allergies<br \/>\nContient : c\u00e9r\u00e9ales contenant du gluten, bl\u00e9<br \/>\nPoate contine: lapte<br \/>\nValeurs nutritionnelles<br \/>\nCes valeurs s'appliquent au produit non pr\u00e9par\u00e9.<br \/>\nConseil pour 100 grammes<br \/>\nEnergie 1155 kJ (275 kcal)<br \/>\nGrasimi 6,4 g din care saturate 0,6 g<br \/>\nGlucide 46 g din care zaharuri 0,9 g<br \/>\nFibre alimentare 2 g<br \/>\nProt\u00e9ines 7 g<br \/>\nSel 1 g<br \/>\nUtilizare:<\/p>","protected":false},"excerpt":{"rendered":"<p><span data-text-color=\"alert\"><strong>ATTENTION ! PRODUIT CONGEL\u00c9 ! ATTENTION ! PRODUIT CONGEL\u00c9 !<br \/>\n<\/strong><\/span><\/p>","protected":false},"featured_media":212939,"comment_status":"open","ping_status":"closed","template":"","meta":{"_acf_changed":false,"_seopress_robots_primary_cat":"1767","_seopress_titles_title":"","_seopress_titles_desc":"","_seopress_robots_index":""},"product_brand":[2046],"product_cat":[1555,7021,3256,2050,1767],"giftcard-category":[],"class_list":{"0":"post-212933","1":"product","2":"type-product","3":"status-publish","4":"has-post-thumbnail","6":"product_brand-koopmans","7":"product_cat-bacanie","8":"product_cat-dulciuri-snacks","9":"product_cat-produse-congelate-produse-olanda","10":"product_cat-produse-congelate","11":"product_cat-produse-olanda","12":"product_shipping_class-frozen-products","14":"first","15":"outofstock","16":"taxable","17":"shipping-taxable","18":"purchasable","19":"product-type-simple"},"acf":[],"_links":{"self":[{"href":"https:\/\/totalblue.ro\/fr\/wp-json\/wp\/v2\/product\/212933","targetHints":{"allow":["GET"]}}],"collection":[{"href":"https:\/\/totalblue.ro\/fr\/wp-json\/wp\/v2\/product"}],"about":[{"href":"https:\/\/totalblue.ro\/fr\/wp-json\/wp\/v2\/types\/product"}],"replies":[{"embeddable":true,"href":"https:\/\/totalblue.ro\/fr\/wp-json\/wp\/v2\/comments?post=212933"}],"wp:featuredmedia":[{"embeddable":true,"href":"https:\/\/totalblue.ro\/fr\/wp-json\/wp\/v2\/media\/212939"}],"wp:attachment":[{"href":"https:\/\/totalblue.ro\/fr\/wp-json\/wp\/v2\/media?parent=212933"}],"wp:term":[{"taxonomy":"product_brand","embeddable":true,"href":"https:\/\/totalblue.ro\/fr\/wp-json\/wp\/v2\/product_brand?post=212933"},{"taxonomy":"product_cat","embeddable":true,"href":"https:\/\/totalblue.ro\/fr\/wp-json\/wp\/v2\/product_cat?post=212933"},{"taxonomy":"giftcard-category","embeddable":true,"href":"https:\/\/totalblue.ro\/fr\/wp-json\/wp\/v2\/giftcard-category?post=212933"}],"curies":[{"name":"wp","href":"https:\/\/api.w.org\/{rel}","templated":true}]}}