{"id":213425,"date":"2025-04-17T13:20:22","date_gmt":"2025-04-17T10:20:22","guid":{"rendered":"https:\/\/totalblue.ro\/?post_type=product&#038;p=213425"},"modified":"2025-09-30T15:22:16","modified_gmt":"2025-09-30T12:22:16","slug":"chocomel-ciocolata-cu-lapte-semidegresat-6-cutii-x-200-ml","status":"publish","type":"product","link":"https:\/\/totalblue.ro\/fr\/produs\/chocomel-ciocolata-cu-lapte-semidegresat-6-cutii-x-200-ml\/","title":{"rendered":"Chocomel Chocolat au lait demi-\u00e9cr\u00e9m\u00e9 6 bo\u00eetes x 200 ml"},"content":{"rendered":"<p>Chocomel Chocolat au lait 0% sucre ajout\u00e9 6 bo\u00eetes x 200 ml<br \/>\n<strong>Ingr\u00e9dient<\/strong>:lapte (1,3% grasime), cacao (1,6%), stabilizatori (celuloz\u0103, guma de celuloza si caragenan), arome, indulcitori (acesulfam-K \u0219i sucraloza)<br \/>\nValeurs nutritionnelles \/ 100 g :<br \/>\nEnergie 292 kJ (69 kcal)<br \/>\nGrasimi 1.6 g din care saturate 1 g<br \/>\nGlucide 10 g din care zaharuri 9.8 g<br \/>\nProt\u00e9ines 3,4 g<br \/>\nSare 0.13 g<\/p>\n<p><strong>1 pachet contine 6 cutii cu pai<\/strong><br \/>\n<strong>Mod de utilizare<\/strong>: a se agita inainte de consum. A se consuma de preferinta rece.<br \/>\n<strong>Depozitare:<\/strong> A se pastreaza la rece (max 7\u00b0C). Produs perisabil dupa deschidere. A se feri de razele soarelui.<br \/>\nConsommer avant : voir sur l'emballage.<\/p>\n<p>Producator: Friesland Campina Consumentenservice: Antwoordnummer 390 3800 VB Amersfoort, The Netherlands<br \/>\nImportateur et distributeur : Total Blue Impex SRL, Bucarest, Roumanie.<\/p>","protected":false},"excerpt":{"rendered":"<p>Chocomel Ciocolata cu lapte 0% zahar adaugat 6 cutii x 200 ml Ingrediente:lapte (1,3% grasime), cacao (1,6%), stabilizatori (celuloz\u0103, guma de celuloza si caragenan), arome, indulcitori (acesulfam-K \u0219i sucraloza) Valori nutritionale \/ 100 g: Energie 292 kJ (69 kcal) Grasimi 1.6 g din care saturate 1 g Glucide 10 g din care zaharuri 9.8 g [&#8230;]\n","protected":false},"featured_media":213431,"comment_status":"open","ping_status":"closed","template":"","meta":{"_acf_changed":false,"_seopress_robots_primary_cat":"none","_seopress_titles_title":"Chocomel Ciocolata cu lapte 0% zahar adaugat 6 cutii x 200 ml","_seopress_titles_desc":"Cauti Chocomel Ciocolata cu lapte Olanda ? Cumpara acum Chocomel ciocolata cu lapte pe magazinul nostru online. Produse ieftine olandeze.","_seopress_robots_index":""},"product_brand":[4239],"product_cat":[1555,4226,3288,3320,3304,1767],"giftcard-category":[],"class_list":{"0":"post-213425","1":"product","2":"type-product","3":"status-publish","4":"has-post-thumbnail","6":"product_brand-chocomel","7":"product_cat-bacanie","8":"product_cat-branzeturi-bacanie","9":"product_cat-branzeturi","10":"product_cat-cafea-ceai-lapte","11":"product_cat-mic-dejun-produse-olanda","12":"product_cat-produse-olanda","14":"first","15":"outofstock","16":"taxable","17":"shipping-taxable","18":"purchasable","19":"product-type-simple"},"acf":[],"_links":{"self":[{"href":"https:\/\/totalblue.ro\/fr\/wp-json\/wp\/v2\/product\/213425","targetHints":{"allow":["GET"]}}],"collection":[{"href":"https:\/\/totalblue.ro\/fr\/wp-json\/wp\/v2\/product"}],"about":[{"href":"https:\/\/totalblue.ro\/fr\/wp-json\/wp\/v2\/types\/product"}],"replies":[{"embeddable":true,"href":"https:\/\/totalblue.ro\/fr\/wp-json\/wp\/v2\/comments?post=213425"}],"wp:featuredmedia":[{"embeddable":true,"href":"https:\/\/totalblue.ro\/fr\/wp-json\/wp\/v2\/media\/213431"}],"wp:attachment":[{"href":"https:\/\/totalblue.ro\/fr\/wp-json\/wp\/v2\/media?parent=213425"}],"wp:term":[{"taxonomy":"product_brand","embeddable":true,"href":"https:\/\/totalblue.ro\/fr\/wp-json\/wp\/v2\/product_brand?post=213425"},{"taxonomy":"product_cat","embeddable":true,"href":"https:\/\/totalblue.ro\/fr\/wp-json\/wp\/v2\/product_cat?post=213425"},{"taxonomy":"giftcard-category","embeddable":true,"href":"https:\/\/totalblue.ro\/fr\/wp-json\/wp\/v2\/giftcard-category?post=213425"}],"curies":[{"name":"wp","href":"https:\/\/api.w.org\/{rel}","templated":true}]}}