{"id":217046,"date":"2025-04-29T15:00:55","date_gmt":"2025-04-29T12:00:55","guid":{"rendered":"https:\/\/totalblue.ro\/?post_type=product&#038;p=217046"},"modified":"2026-01-13T13:44:18","modified_gmt":"2026-01-13T11:44:18","slug":"moutarde-de-marne-epicee-groninger-235g-hollandaise","status":"publish","type":"product","link":"https:\/\/totalblue.ro\/fr\/produs\/marne-mustar-picant-groninger-235g-olanda\/","title":{"rendered":"Moutarde \u00e9pic\u00e9e de la Marne Groninger 235g, Pays-Bas"},"content":{"rendered":"<p>Moutarde \u00e9pic\u00e9e<br \/>\nIngr\u00e9dients : eau, graines de moutarde, vinaigre naturel, sel, vinaigre de vin blanc, herbes et \u00e9pices, ar\u00f4me naturel.<\/p>\n<p>Peut contenir du gluten.<br \/>\nInformations sur les allergies<br \/>\nContient : Moutarde<br \/>\nPeut contenir : c\u00e9r\u00e9ales contenant du gluten<br \/>\nValeurs nutritionnelles \/ 100g<br \/>\n\u00c9nergie 569 kJ (136 kcal)<br \/>\nGraisses 8,5 g dont 0,5 g de graisses satur\u00e9es<br \/>\nGlucides 2,7 g dont sucres 1,9 g<br \/>\nProt\u00e9ines 7,2 g<br \/>\nSel 4,5 g<\/p>","protected":false},"excerpt":{"rendered":"<p>Mustar picant Ingrediente: Apa, SEMINTE DE MUSTAR, otet natural, sare, otet de vin alb, ierburi si condimente, aroma naturala Poate contine gluten. Informatii despre alergii Contine: Mustar Poate contine: cereale care contin gluten Valori nutritionale \/ 100g Energie 569 kJ (136 kcal) Grasimi 8,5 g din care saturate 0,5 g Carbohidrati 2,7 g din care [&#8230;]\n","protected":false},"featured_media":217049,"comment_status":"open","ping_status":"closed","template":"","meta":{"_acf_changed":false,"_seopress_robots_primary_cat":"none","_seopress_titles_title":"","_seopress_titles_desc":"","_seopress_robots_index":""},"product_brand":[27710],"product_cat":[1555,3280,1451,21826,1767,21880],"giftcard-category":[],"class_list":{"0":"post-217046","1":"product","2":"type-product","3":"status-publish","4":"has-post-thumbnail","6":"product_brand-marne","7":"product_cat-bacanie","8":"product_cat-condimente-sosuri","9":"product_cat-condimente-produse-instant","10":"product_cat-produse-bio-dietetice","11":"product_cat-produse-olanda","12":"product_cat-vegan","14":"first","15":"outofstock","16":"taxable","17":"shipping-taxable","18":"purchasable","19":"product-type-simple"},"acf":[],"_links":{"self":[{"href":"https:\/\/totalblue.ro\/fr\/wp-json\/wp\/v2\/product\/217046","targetHints":{"allow":["GET"]}}],"collection":[{"href":"https:\/\/totalblue.ro\/fr\/wp-json\/wp\/v2\/product"}],"about":[{"href":"https:\/\/totalblue.ro\/fr\/wp-json\/wp\/v2\/types\/product"}],"replies":[{"embeddable":true,"href":"https:\/\/totalblue.ro\/fr\/wp-json\/wp\/v2\/comments?post=217046"}],"wp:featuredmedia":[{"embeddable":true,"href":"https:\/\/totalblue.ro\/fr\/wp-json\/wp\/v2\/media\/217049"}],"wp:attachment":[{"href":"https:\/\/totalblue.ro\/fr\/wp-json\/wp\/v2\/media?parent=217046"}],"wp:term":[{"taxonomy":"product_brand","embeddable":true,"href":"https:\/\/totalblue.ro\/fr\/wp-json\/wp\/v2\/product_brand?post=217046"},{"taxonomy":"product_cat","embeddable":true,"href":"https:\/\/totalblue.ro\/fr\/wp-json\/wp\/v2\/product_cat?post=217046"},{"taxonomy":"giftcard-category","embeddable":true,"href":"https:\/\/totalblue.ro\/fr\/wp-json\/wp\/v2\/giftcard-category?post=217046"}],"curies":[{"name":"wp","href":"https:\/\/api.w.org\/{rel}","templated":true}]}}