{"id":217602,"date":"2025-05-01T09:56:44","date_gmt":"2025-05-01T06:56:44","guid":{"rendered":"https:\/\/totalblue.ro\/?post_type=product&#038;p=217602"},"modified":"2026-02-16T16:17:24","modified_gmt":"2026-02-16T14:17:24","slug":"gwoon-biscuiti-pentru-cafea-250g","status":"publish","type":"product","link":"https:\/\/totalblue.ro\/fr\/produs\/gwoon-biscuiti-pentru-cafea-250g\/","title":{"rendered":"Biscuits au caf\u00e9 G'woon 250g"},"content":{"rendered":"<p>Rasfata-te pe tine sau pe vizitatorii tai cu un biscuite delicios alaturi de cafea sau ceai.<br \/>\nIngrediente: FAINA DE GRAU, zahar, uleiuri vegetale (palmier, rapita), zahar brun (zahar, caramel, sirop de zahar invertit), miere, agent de crestere: E500, sare, emulgator: lecitina din floarea-soarelui, scortisoara, vanilina. Acest produs poate contine urme de NUCI.<br \/>\nInformations sur les allergies :<br \/>\nCereale care contin gluten, grau si produse pe baza de grau<br \/>\nValeurs nutritionnelles \/ 100 g :<br \/>\nEnergie 2088 kJ (498 kcal)<br \/>\nGrasimi 21.3 g din care grasimi saturate 8.6 g<br \/>\nGlucide 70.3 g din care zaharuri 33.4 g<br \/>\nFibres 1,2 g<br \/>\nProteine \u200b\u200b5.6 g<br \/>\nSare 1.11 g<br \/>\nConseils de stockage<br \/>\nA se pastra intr-un loc racoros si uscat.<\/p>\n<p>Fabriqu\u00e9 en Hollande par G'woon, num\u00e9ro de s\u00e9rie 3500, 4140 VH BEESD,<br \/>\nImportateur et distributeur Total Blue Impex SRL<\/p>","protected":false},"excerpt":{"rendered":"<p>Rasfata-te pe tine sau pe vizitatorii tai cu un biscuite delicios alaturi de cafea sau ceai. Ingrediente: FAINA DE GRAU, zahar, uleiuri vegetale (palmier, rapita), zahar brun (zahar, caramel, sirop de zahar invertit), miere, agent de crestere: E500, sare, emulgator: lecitina din floarea-soarelui, scortisoara, vanilina. Acest produs poate contine urme de NUCI. Informatii despre alergii: [&#8230;]\n","protected":false},"featured_media":217607,"comment_status":"open","ping_status":"closed","template":"","meta":{"_acf_changed":false,"_seopress_robots_primary_cat":"none","_seopress_titles_title":"","_seopress_titles_desc":"","_seopress_robots_index":""},"product_brand":[1971],"product_cat":[1555,3338,1767],"giftcard-category":[],"class_list":{"0":"post-217602","1":"product","2":"type-product","3":"status-publish","4":"has-post-thumbnail","6":"product_brand-gwoon","7":"product_cat-bacanie","8":"product_cat-dulciuri-snacksuri","9":"product_cat-produse-olanda","11":"first","12":"outofstock","13":"taxable","14":"shipping-taxable","15":"purchasable","16":"product-type-simple"},"acf":[],"_links":{"self":[{"href":"https:\/\/totalblue.ro\/fr\/wp-json\/wp\/v2\/product\/217602","targetHints":{"allow":["GET"]}}],"collection":[{"href":"https:\/\/totalblue.ro\/fr\/wp-json\/wp\/v2\/product"}],"about":[{"href":"https:\/\/totalblue.ro\/fr\/wp-json\/wp\/v2\/types\/product"}],"replies":[{"embeddable":true,"href":"https:\/\/totalblue.ro\/fr\/wp-json\/wp\/v2\/comments?post=217602"}],"wp:featuredmedia":[{"embeddable":true,"href":"https:\/\/totalblue.ro\/fr\/wp-json\/wp\/v2\/media\/217607"}],"wp:attachment":[{"href":"https:\/\/totalblue.ro\/fr\/wp-json\/wp\/v2\/media?parent=217602"}],"wp:term":[{"taxonomy":"product_brand","embeddable":true,"href":"https:\/\/totalblue.ro\/fr\/wp-json\/wp\/v2\/product_brand?post=217602"},{"taxonomy":"product_cat","embeddable":true,"href":"https:\/\/totalblue.ro\/fr\/wp-json\/wp\/v2\/product_cat?post=217602"},{"taxonomy":"giftcard-category","embeddable":true,"href":"https:\/\/totalblue.ro\/fr\/wp-json\/wp\/v2\/giftcard-category?post=217602"}],"curies":[{"name":"wp","href":"https:\/\/api.w.org\/{rel}","templated":true}]}}