{"id":217917,"date":"2025-05-01T13:59:20","date_gmt":"2025-05-01T10:59:20","guid":{"rendered":"https:\/\/totalblue.ro\/?post_type=product&#038;p=217917"},"modified":"2026-01-30T09:19:06","modified_gmt":"2026-01-30T07:19:06","slug":"supa-de-dovleac-si-linte-rosie-cu-cartofi-dulci-570-ml-unox-olanda","status":"publish","type":"product","link":"https:\/\/totalblue.ro\/fr\/produs\/supa-de-dovleac-si-linte-rosie-cu-cartofi-dulci-570-ml-unox-olanda\/","title":{"rendered":"Supa de dovleac si linte rosie cu cartofi dulci 570 ml, Unox Olanda"},"content":{"rendered":"<p><strong>Ingr\u00e9dient<\/strong>: Legume\u00b9 49% (dovleac 14%, rosii 12%, linte 10%, morcov 9,7%, ceapa), apa, cartof dulce\u00b9, cartof\u00b9, oligofructoza, amidon, ulei de floarea soarelui, sare, extract de drojdie, condimente (usturoi, ghimbir, piper negru, turmeric), iaurt degresat (contine LAPTE) 0,3%, curry (coriandru, chimen, turmeric, piper, anason, scortisoara, seminte de fenicul, ghimbir, radacina de leustean, ardei iute cayenne, ienibahar). \u00b9cultivat sustenabil.<br \/>\nInformations sur les allergies<br \/>\nContient : Lait<br \/>\nValeurs nutritionnelles pour 100 ml :<br \/>\nEnergie 206 kJ (49 kcal)<br \/>\nGrasimi 1.2 g din care grasimi saturate 0,2 g<br \/>\nGlucide 6.3 g din care zaharuri 1,8 g<br \/>\nFibre alimentare 2.5 g<br \/>\nProt\u00e9ines 1,9 g<br \/>\nSare 0,67 g<\/p>\n<p><strong>Pr\u00e9paration<\/strong>Ne pas mettre l'emballage au micro-ondes ! Mettre la soupe dans un bol et la faire chauffer au micro-ondes pendant 2,5 minutes \u00e0 environ 750 watts ou la faire chauffer directement dans une casserole en remuant d\u00e9licatement. Apr\u00e8s avoir \u00e9t\u00e9 r\u00e9chauff\u00e9e, la soupe est pr\u00eate \u00e0 \u00eatre d\u00e9gust\u00e9e !<br \/>\nMod pastrare: Dupa deschiderea pungii, aceasta sup\u0103 poate fi pastrata maxim 2 zile la frigider. Inchideti punga.<br \/>\nContenu et poids : 570 ml, sac.<\/p>\n<p>Fabriqu\u00e9 aux Pays-Bas par Unilever Nederland Unox, Postbus 160 3000 AD AD Rotterdam<br \/>\nImportateur et distributeur Total Blue Impex SRL<\/p>","protected":false},"excerpt":{"rendered":"<p>Ingrediente: Legume\u00b9 49% (dovleac 14%, rosii 12%, linte 10%, morcov 9,7%, ceapa), apa, cartof dulce\u00b9, cartof\u00b9, oligofructoza, amidon, ulei de floarea soarelui, sare, extract de drojdie, condimente (usturoi, ghimbir, piper negru, turmeric), iaurt degresat (contine LAPTE) 0,3%, curry (coriandru, chimen, turmeric, piper, anason, scortisoara, seminte de fenicul, ghimbir, radacina de leustean, ardei iute cayenne, ienibahar). [&#8230;]\n","protected":false},"featured_media":217923,"comment_status":"open","ping_status":"closed","template":"","meta":{"_acf_changed":false,"_seopress_robots_primary_cat":"none","_seopress_titles_title":"","_seopress_titles_desc":"","_seopress_robots_index":""},"product_brand":[1925],"product_cat":[1555,1683,3272,1767],"giftcard-category":[],"class_list":{"0":"post-217917","1":"product","2":"type-product","3":"status-publish","4":"has-post-thumbnail","6":"product_brand-unox","7":"product_cat-bacanie","8":"product_cat-conserve-mancare-gatita","9":"product_cat-conserve","10":"product_cat-produse-olanda","12":"first","13":"outofstock","14":"taxable","15":"shipping-taxable","16":"purchasable","17":"product-type-simple"},"acf":[],"_links":{"self":[{"href":"https:\/\/totalblue.ro\/fr\/wp-json\/wp\/v2\/product\/217917","targetHints":{"allow":["GET"]}}],"collection":[{"href":"https:\/\/totalblue.ro\/fr\/wp-json\/wp\/v2\/product"}],"about":[{"href":"https:\/\/totalblue.ro\/fr\/wp-json\/wp\/v2\/types\/product"}],"replies":[{"embeddable":true,"href":"https:\/\/totalblue.ro\/fr\/wp-json\/wp\/v2\/comments?post=217917"}],"wp:featuredmedia":[{"embeddable":true,"href":"https:\/\/totalblue.ro\/fr\/wp-json\/wp\/v2\/media\/217923"}],"wp:attachment":[{"href":"https:\/\/totalblue.ro\/fr\/wp-json\/wp\/v2\/media?parent=217917"}],"wp:term":[{"taxonomy":"product_brand","embeddable":true,"href":"https:\/\/totalblue.ro\/fr\/wp-json\/wp\/v2\/product_brand?post=217917"},{"taxonomy":"product_cat","embeddable":true,"href":"https:\/\/totalblue.ro\/fr\/wp-json\/wp\/v2\/product_cat?post=217917"},{"taxonomy":"giftcard-category","embeddable":true,"href":"https:\/\/totalblue.ro\/fr\/wp-json\/wp\/v2\/giftcard-category?post=217917"}],"curies":[{"name":"wp","href":"https:\/\/api.w.org\/{rel}","templated":true}]}}