{"id":217929,"date":"2025-05-01T14:11:13","date_gmt":"2025-05-01T11:11:13","guid":{"rendered":"https:\/\/totalblue.ro\/?post_type=product&#038;p=217929"},"modified":"2026-01-21T12:58:18","modified_gmt":"2026-01-21T10:58:18","slug":"supa-de-paste-cu-rosii-si-chiftele-570-ml-unox-olanda","status":"publish","type":"product","link":"https:\/\/totalblue.ro\/fr\/produs\/supa-de-paste-cu-rosii-si-chiftele-570-ml-unox-olanda\/","title":{"rendered":"Supa de paste cu rosii si chiftele 570 ml, Unox Olanda"},"content":{"rendered":"<p><strong>Ingr\u00e9dient<\/strong>: Legume\u00b9 86% (rosii 74% (rosii, piure de rosii), ceapa, dovlecel, ardei (rosu 1,5%, galben), morcov 1,8%, TELINA 1,5%), chiftele 6,8% (carne de porc\u00b2 4,2%, carne de vita\u00b2 1,3%, apa, amidon, sare, acidifiant E330, stabilizatori (E451, E452), piper, coriandru, extract de nucsoara), oligofructoza, apa, zahar, ulei de rapita, amidon modificat din porumb, paste fainoase 0,7% (gris de grau dur, albus de ou uscat), sare iodata, extract de drojdie (contine ORZ), acidifiant E330, sare, aroma, frunza de dafin\u00b9, pudra de otet balsamic (otet de vin, must de struguri), extract de vin alb. Poate contine cereale hibride, lapte, mustar, ovaz, secara, soia. \u00b9cultivat sustenabil. \u00b2Calitatea vietii este de 1 stea.<br \/>\nInformations sur les allergies<br \/>\nContient :<br \/>\nTelina, Oua, Cereale care contin gluten, Grau<br \/>\nPeut contenir :<br \/>\nOvaz, Lapte, Secara, Soia, Mustar<br \/>\nValeurs nutritionnelles pour 100 ml :<br \/>\nEnergie 226 kJ (54 kcal)<br \/>\nGrasimi 2.1 g din care grasimi saturate 0,6 g<br \/>\nGlucide 6 g din care zaharuri 3.6 g<br \/>\nFibre alimentare 2.6 g<br \/>\nProteine \u200b\u200b2.1 g<br \/>\nSare 0,68 g<\/p>\n<p><strong>Pr\u00e9paration<\/strong>Ne pas mettre l'emballage au micro-ondes ! Mettre la soupe dans un bol et la faire chauffer au micro-ondes pendant 2,5 minutes \u00e0 environ 750 watts ou la faire chauffer directement dans une casserole en remuant d\u00e9licatement. Apr\u00e8s avoir \u00e9t\u00e9 r\u00e9chauff\u00e9e, la soupe est pr\u00eate \u00e0 \u00eatre d\u00e9gust\u00e9e !<br \/>\nMod pastrare: Dupa deschiderea pungii, aceasta sup\u0103 poate fi pastrata maxim 2 zile la frigider. Inchideti punga.<br \/>\nContenu et poids : 570 ml, sac.<\/p>\n<p>Fabriqu\u00e9 aux Pays-Bas par Unilever Nederland Unox, Postbus 160 3000 AD AD Rotterdam<br \/>\nImportateur et distributeur Total Blue Impex SRL<\/p>","protected":false},"excerpt":{"rendered":"<p>Ingrediente: Legume\u00b9 86% (rosii 74% (rosii, piure de rosii), ceapa, dovlecel, ardei (rosu 1,5%, galben), morcov 1,8%, TELINA 1,5%), chiftele 6,8% (carne de porc\u00b2 4,2%, carne de vita\u00b2 1,3%, apa, amidon, sare, acidifiant E330, stabilizatori (E451, E452), piper, coriandru, extract de nucsoara), oligofructoza, apa, zahar, ulei de rapita, amidon modificat din porumb, paste fainoase 0,7% [&#8230;]\n","protected":false},"featured_media":217935,"comment_status":"open","ping_status":"closed","template":"","meta":{"_acf_changed":false,"_seopress_robots_primary_cat":"none","_seopress_titles_title":"","_seopress_titles_desc":"","_seopress_robots_index":""},"product_brand":[1925],"product_cat":[1555,1683,3272,1767],"giftcard-category":[],"class_list":{"0":"post-217929","1":"product","2":"type-product","3":"status-publish","4":"has-post-thumbnail","6":"product_brand-unox","7":"product_cat-bacanie","8":"product_cat-conserve-mancare-gatita","9":"product_cat-conserve","10":"product_cat-produse-olanda","12":"first","13":"outofstock","14":"taxable","15":"shipping-taxable","16":"purchasable","17":"product-type-simple"},"acf":[],"_links":{"self":[{"href":"https:\/\/totalblue.ro\/fr\/wp-json\/wp\/v2\/product\/217929","targetHints":{"allow":["GET"]}}],"collection":[{"href":"https:\/\/totalblue.ro\/fr\/wp-json\/wp\/v2\/product"}],"about":[{"href":"https:\/\/totalblue.ro\/fr\/wp-json\/wp\/v2\/types\/product"}],"replies":[{"embeddable":true,"href":"https:\/\/totalblue.ro\/fr\/wp-json\/wp\/v2\/comments?post=217929"}],"wp:featuredmedia":[{"embeddable":true,"href":"https:\/\/totalblue.ro\/fr\/wp-json\/wp\/v2\/media\/217935"}],"wp:attachment":[{"href":"https:\/\/totalblue.ro\/fr\/wp-json\/wp\/v2\/media?parent=217929"}],"wp:term":[{"taxonomy":"product_brand","embeddable":true,"href":"https:\/\/totalblue.ro\/fr\/wp-json\/wp\/v2\/product_brand?post=217929"},{"taxonomy":"product_cat","embeddable":true,"href":"https:\/\/totalblue.ro\/fr\/wp-json\/wp\/v2\/product_cat?post=217929"},{"taxonomy":"giftcard-category","embeddable":true,"href":"https:\/\/totalblue.ro\/fr\/wp-json\/wp\/v2\/giftcard-category?post=217929"}],"curies":[{"name":"wp","href":"https:\/\/api.w.org\/{rel}","templated":true}]}}