{"id":217943,"date":"2025-05-01T14:22:49","date_gmt":"2025-05-01T11:22:49","guid":{"rendered":"https:\/\/totalblue.ro\/?post_type=product&#038;p=217943"},"modified":"2026-02-27T14:48:36","modified_gmt":"2026-02-27T12:48:36","slug":"supa-de-pui-cu-legume-570-ml-unox-olanda","status":"publish","type":"product","link":"https:\/\/totalblue.ro\/fr\/produs\/supa-de-pui-cu-legume-570-ml-unox-olanda\/","title":{"rendered":"Supa de pui cu legume 570 ml, Unox Olanda"},"content":{"rendered":"<p><strong>Ingr\u00e9dient<\/strong>: Apa, legume\u00b9 9,2% (morcov 3,5%, ceapa 1,7%, praz 1,7%, mazare 1,5%, fasole verde 0,9%), bucati de pui vegetarian 3,7% (apa, proteina vegetala (SOIA, GLUTEN DIN GRAU), ulei de floarea soarelui, PROTEINE DIN OU, AMIDON DIN GRAU, condimente, sare, aroma naturala, acid (acid citric)), paste fainoase (GRAU dur, PROTEINE DIN OU deshidratate) 1,6%, amidon de cartofi, aroma, ulei de rapita, potentiator de aroma (glutamat de sodiu), sare, extract de drojdie, condimente (nucsoara, turmeric\u00b9, radacina de patrunjel\u00b9), frunza de dafin. Poate contine telina, lapte, mustar si alte cereale care contin gluten. \u00b9cultivat sustenabil.<br \/>\nValeurs nutritionnelles pour 100 ml :<br \/>\nEnergie 130 kJ (31 kcal)<br \/>\nGr\u0103simi 1.1 g din care satura\u021bi 0.2 g<br \/>\nCarbohidra\u021bi 3.3 g din care zaharuri 0.5 g<br \/>\nFibra dietetic\u0103 &lt; 0.5 g<br \/>\nProt\u00e9ines 1,8 g<br \/>\nSare 0,67 g<\/p>\n<p><strong>Pr\u00e9paration<\/strong>Ne pas mettre l'emballage au micro-ondes ! Mettre la soupe dans un bol et la faire chauffer au micro-ondes pendant 2,5 minutes \u00e0 environ 750 watts ou la faire chauffer directement dans une casserole en remuant d\u00e9licatement. Apr\u00e8s avoir \u00e9t\u00e9 r\u00e9chauff\u00e9e, la soupe est pr\u00eate \u00e0 \u00eatre d\u00e9gust\u00e9e !<br \/>\nMod pastrare: Dupa deschiderea pungii, aceasta sup\u0103 poate fi pastrata maxim 2 zile la frigider. Inchideti punga.<br \/>\nContenu et poids : 570 ml, sac.<\/p>\n<p>Fabriqu\u00e9 aux Pays-Bas par Unilever Nederland Unox, Postbus 160 3000 AD AD Rotterdam<br \/>\nImportateur et distributeur Total Blue Impex SRL<\/p>","protected":false},"excerpt":{"rendered":"<p>Ingrediente: Apa, legume\u00b9 9,2% (morcov 3,5%, ceapa 1,7%, praz 1,7%, mazare 1,5%, fasole verde 0,9%), bucati de pui vegetarian 3,7% (apa, proteina vegetala (SOIA, GLUTEN DIN GRAU), ulei de floarea soarelui, PROTEINE DIN OU, AMIDON DIN GRAU, condimente, sare, aroma naturala, acid (acid citric)), paste fainoase (GRAU dur, PROTEINE DIN OU deshidratate) 1,6%, amidon de [&#8230;]\n","protected":false},"featured_media":217949,"comment_status":"open","ping_status":"closed","template":"","meta":{"_acf_changed":false,"_seopress_robots_primary_cat":"none","_seopress_titles_title":"","_seopress_titles_desc":"","_seopress_robots_index":""},"product_brand":[1925],"product_cat":[1555,1683,3272,1767],"giftcard-category":[],"class_list":{"0":"post-217943","1":"product","2":"type-product","3":"status-publish","4":"has-post-thumbnail","6":"product_brand-unox","7":"product_cat-bacanie","8":"product_cat-conserve-mancare-gatita","9":"product_cat-conserve","10":"product_cat-produse-olanda","12":"first","13":"outofstock","14":"taxable","15":"shipping-taxable","16":"purchasable","17":"product-type-simple"},"acf":[],"_links":{"self":[{"href":"https:\/\/totalblue.ro\/fr\/wp-json\/wp\/v2\/product\/217943","targetHints":{"allow":["GET"]}}],"collection":[{"href":"https:\/\/totalblue.ro\/fr\/wp-json\/wp\/v2\/product"}],"about":[{"href":"https:\/\/totalblue.ro\/fr\/wp-json\/wp\/v2\/types\/product"}],"replies":[{"embeddable":true,"href":"https:\/\/totalblue.ro\/fr\/wp-json\/wp\/v2\/comments?post=217943"}],"wp:featuredmedia":[{"embeddable":true,"href":"https:\/\/totalblue.ro\/fr\/wp-json\/wp\/v2\/media\/217949"}],"wp:attachment":[{"href":"https:\/\/totalblue.ro\/fr\/wp-json\/wp\/v2\/media?parent=217943"}],"wp:term":[{"taxonomy":"product_brand","embeddable":true,"href":"https:\/\/totalblue.ro\/fr\/wp-json\/wp\/v2\/product_brand?post=217943"},{"taxonomy":"product_cat","embeddable":true,"href":"https:\/\/totalblue.ro\/fr\/wp-json\/wp\/v2\/product_cat?post=217943"},{"taxonomy":"giftcard-category","embeddable":true,"href":"https:\/\/totalblue.ro\/fr\/wp-json\/wp\/v2\/giftcard-category?post=217943"}],"curies":[{"name":"wp","href":"https:\/\/api.w.org\/{rel}","templated":true}]}}