{"id":218459,"date":"2025-05-05T12:15:07","date_gmt":"2025-05-05T09:15:07","guid":{"rendered":"https:\/\/totalblue.ro\/?post_type=product&#038;p=218459"},"modified":"2026-04-07T12:03:31","modified_gmt":"2026-04-07T09:03:31","slug":"jeunes-pois-type-kapucijners-355-g-hak-importes-des-pays-bas","status":"publish","type":"product","link":"https:\/\/totalblue.ro\/fr\/produs\/mazare-tanara-tip-kapucijners-355-g-hak-import-olanda\/","title":{"rendered":"Kapucijners 355 g, Hak, import\u00e9 des Pays-Bas"},"content":{"rendered":"<div id=\"tab-description\" class=\"woocommerce-Tabs-panel woocommerce-Tabs-panel--description panel entry-content active\" role=\"tabpanel\" aria-labelledby=\"tab-title-description\">\n<p>Le pois chiche est une l\u00e9gumineuse n\u00e9erlandaise classique en raison de sa saveur unique et de son go\u00fbt d\u00e9licieux.<br \/>\nD\u00e9licieux pour les salades ou les soupes.<br \/>\nNaturellement riche en fibres alimentaires.<br \/>\nUn bon substitut de viande.<br \/>\nDescription : jeunes capucins de type pois<br \/>\nLes sucres sont pr\u00e9sents \u00e0 l'\u00e9tat naturel.<br \/>\nSans gluten.<\/p>\n<p>Ne pas cuire le produit ! Les jeunes courges brunes de type capucins se r\u00e9chauffent simplement.<br \/>\nIngr\u00e9dients : jeunes pois de type Capucins, eau, sel de mer, antioxydant (calcium disodium EDTA).<\/p>\n<p>Apr\u00e8s ouverture, conserver au r\u00e9frig\u00e9rateur (max. 7\u00b0C). Prot\u00e9ger de la lumi\u00e8re directe du soleil.<\/p>\n<p>Valeurs nutritionnelles\/100g :<br \/>\n\u00c9nergie 290 kJ (69 kcal)<br \/>\nMati\u00e8res grasses 0 g dont satur\u00e9es 0 g<br \/>\nGlucides 11 g dont sucres 1 g<br \/>\nFibres alimentaires 4,5 g<br \/>\nProt\u00e9ines 4 g<br \/>\nSel 0,23 g<\/p>\n<p>Fabriqu\u00e9 aux Pays-Bas par HAK B.V.<br \/>\nPostbus 2, 4283 ZG Giessen, Pays-Bas<br \/>\nImportateur et distributeur Total Blue Impex SRL<\/p>\n<\/div>","protected":false},"excerpt":{"rendered":"<p>Hak mazare este o leguminoasa clasica olandeza datorita aromei sale unice si a gustului delicios. Delicioas pentru salate sau supe. Bogat natural in fibre dietetice. Un bun inlocuitor al carnii. Descriere: mazare tanara tip Capuchins Zaharurile sunt prezente in mod natural. Fara Gluten. Nu gatiti produsul! Mazarea tanara maro tip Capuchins doar se incalzeste. Ingrediente: [&#8230;]\n","protected":false},"featured_media":218466,"comment_status":"open","ping_status":"closed","template":"","meta":{"_acf_changed":false,"_seopress_robots_primary_cat":"none","_seopress_titles_title":"","_seopress_titles_desc":"","_seopress_robots_index":""},"product_brand":[2014],"product_cat":[1555,1683,3272,1767],"giftcard-category":[],"class_list":{"0":"post-218459","1":"product","2":"type-product","3":"status-publish","4":"has-post-thumbnail","6":"product_brand-hak","7":"product_cat-bacanie","8":"product_cat-conserve-mancare-gatita","9":"product_cat-conserve","10":"product_cat-produse-olanda","12":"first","13":"instock","14":"taxable","15":"shipping-taxable","16":"purchasable","17":"product-type-simple"},"acf":[],"_links":{"self":[{"href":"https:\/\/totalblue.ro\/fr\/wp-json\/wp\/v2\/product\/218459","targetHints":{"allow":["GET"]}}],"collection":[{"href":"https:\/\/totalblue.ro\/fr\/wp-json\/wp\/v2\/product"}],"about":[{"href":"https:\/\/totalblue.ro\/fr\/wp-json\/wp\/v2\/types\/product"}],"replies":[{"embeddable":true,"href":"https:\/\/totalblue.ro\/fr\/wp-json\/wp\/v2\/comments?post=218459"}],"wp:featuredmedia":[{"embeddable":true,"href":"https:\/\/totalblue.ro\/fr\/wp-json\/wp\/v2\/media\/218466"}],"wp:attachment":[{"href":"https:\/\/totalblue.ro\/fr\/wp-json\/wp\/v2\/media?parent=218459"}],"wp:term":[{"taxonomy":"product_brand","embeddable":true,"href":"https:\/\/totalblue.ro\/fr\/wp-json\/wp\/v2\/product_brand?post=218459"},{"taxonomy":"product_cat","embeddable":true,"href":"https:\/\/totalblue.ro\/fr\/wp-json\/wp\/v2\/product_cat?post=218459"},{"taxonomy":"giftcard-category","embeddable":true,"href":"https:\/\/totalblue.ro\/fr\/wp-json\/wp\/v2\/giftcard-category?post=218459"}],"curies":[{"name":"wp","href":"https:\/\/api.w.org\/{rel}","templated":true}]}}