{"id":218612,"date":"2025-05-05T15:56:37","date_gmt":"2025-05-05T12:56:37","guid":{"rendered":"https:\/\/totalblue.ro\/?post_type=product&#038;p=218612"},"modified":"2026-01-11T12:56:00","modified_gmt":"2026-01-11T10:56:00","slug":"gwoon-ciorbita-de-legume-gata-preparata-800-ml-import-olanda","status":"publish","type":"product","link":"https:\/\/totalblue.ro\/fr\/produs\/gwoon-ciorbita-de-legume-gata-preparata-800-ml-import-olanda\/","title":{"rendered":"G&#8217;woon ciorbita de legume gata preparata, 800 ml import Olanda"},"content":{"rendered":"<p>Ingrediente: apa, 20% legume (26% morcov, 23% praz, 18% ceapa, 18% rosii, 15% TELINA), 5% chiftele de supa (carne de porc*, vita*, apa, colagen din carne de porc, sare, ierburi aromatice, condimente, proteina din carne de porc), 5% vermicelli fierti (apa, GRAU dur, PUDRA PROTEICA DIN OUA DE GAINI CRESCUTE LIBER), amidon de cartofi modificat, sare, patrunjel, FRUNZA DE TELINA, proteina vegetala hidrolizata (porumb, rapita, floarea-soarelui), aroma naturala (TELINA), condimente, aroma. * Calitatea vietii mai bune &#8211; 1 stea<br \/>\nAlergeni: contine: ou, telina, grau.<br \/>\nValeurs nutritionnelles \/ 100 g :<br \/>\nEnergie 111 kJ \/ 26 kcal<br \/>\nGrasimi 1 g acizi grasi, saturati in total 0,5 g<br \/>\nAcizi grasi, mononesaturati 0.5 g<br \/>\nAcizi grasi, polinesaturati 0,1 g<br \/>\nCarbohidrati 2.7 g zaharuri 0.8 g<br \/>\nFibre alimentare 0.5 g<br \/>\nProteine 1.4 g<br \/>\nSare 0,67 g<br \/>\nConditionnement et contenu : bo\u00eete m\u00e9tallique avec ouverture \u00e0 cl\u00e9, 800 ml.<br \/>\nRecomandari: Turnati continutul intr-o cratita \/ tigaie. Amestecati ocazional. Incalziti la foc mediu. De asemenea puteti incalzi si la cuptorul cu microunde la 1000 W timp de aproximativ 4 minute. Lasati aproximativ 1 minut ciorba sa se odihneasca inainte de servire. Rapid si usor!<\/p>","protected":false},"excerpt":{"rendered":"<p>Ingrediente: apa, 20% legume (26% morcov, 23% praz, 18% ceapa, 18% rosii, 15% TELINA), 5% chiftele de supa (carne de porc*, vita*, apa, colagen din carne de porc, sare, ierburi aromatice, condimente, proteina din carne de porc), 5% vermicelli fierti (apa, GRAU dur, PUDRA PROTEICA DIN OUA DE GAINI CRESCUTE LIBER), amidon de cartofi modificat, [&#8230;]\n","protected":false},"featured_media":218614,"comment_status":"open","ping_status":"closed","template":"","meta":{"_acf_changed":false,"_seopress_robots_primary_cat":"none","_seopress_titles_title":"","_seopress_titles_desc":"Cumpara online supa de legume, supe legume, ciorbe legume, supe olandeze legume. Magazin online supe si produse olandeze cu livrare rapida.","_seopress_robots_index":""},"product_brand":[1971],"product_cat":[1555,1683,3272,1767],"giftcard-category":[],"class_list":{"0":"post-218612","1":"product","2":"type-product","3":"status-publish","4":"has-post-thumbnail","6":"product_brand-gwoon","7":"product_cat-bacanie","8":"product_cat-conserve-mancare-gatita","9":"product_cat-conserve","10":"product_cat-produse-olanda","12":"first","13":"outofstock","14":"taxable","15":"shipping-taxable","16":"purchasable","17":"product-type-simple"},"acf":[],"_links":{"self":[{"href":"https:\/\/totalblue.ro\/fr\/wp-json\/wp\/v2\/product\/218612","targetHints":{"allow":["GET"]}}],"collection":[{"href":"https:\/\/totalblue.ro\/fr\/wp-json\/wp\/v2\/product"}],"about":[{"href":"https:\/\/totalblue.ro\/fr\/wp-json\/wp\/v2\/types\/product"}],"replies":[{"embeddable":true,"href":"https:\/\/totalblue.ro\/fr\/wp-json\/wp\/v2\/comments?post=218612"}],"wp:featuredmedia":[{"embeddable":true,"href":"https:\/\/totalblue.ro\/fr\/wp-json\/wp\/v2\/media\/218614"}],"wp:attachment":[{"href":"https:\/\/totalblue.ro\/fr\/wp-json\/wp\/v2\/media?parent=218612"}],"wp:term":[{"taxonomy":"product_brand","embeddable":true,"href":"https:\/\/totalblue.ro\/fr\/wp-json\/wp\/v2\/product_brand?post=218612"},{"taxonomy":"product_cat","embeddable":true,"href":"https:\/\/totalblue.ro\/fr\/wp-json\/wp\/v2\/product_cat?post=218612"},{"taxonomy":"giftcard-category","embeddable":true,"href":"https:\/\/totalblue.ro\/fr\/wp-json\/wp\/v2\/giftcard-category?post=218612"}],"curies":[{"name":"wp","href":"https:\/\/api.w.org\/{rel}","templated":true}]}}