{"id":219058,"date":"2025-05-06T10:06:16","date_gmt":"2025-05-06T07:06:16","guid":{"rendered":"https:\/\/totalblue.ro\/?post_type=product&#038;p=219058"},"modified":"2026-02-02T13:06:29","modified_gmt":"2026-02-02T11:06:29","slug":"supa-de-mazare-cu-crenvursti-unox-olanda-300-ml","status":"publish","type":"product","link":"https:\/\/totalblue.ro\/fr\/produs\/supa-de-mazare-cu-crenvursti-unox-olanda-300-ml\/","title":{"rendered":"Supa de mazare cu crenvursti Unox Olanda 300 ml"},"content":{"rendered":"<p>Supa copioasa de mazare cu crenvur\u0219ti Unox Olanda &#8211; gata preparata<br \/>\nSupa de mazare Unox este o supa traditionala olandeza cu o multime de legume gustoase si carnat afumat.<br \/>\nBrandul olandez Unox produce cele mai bune supe olandeze inca din 1957.\u00a0 Deoarece Unox lucreaza in continuu la imbunatatirea produselor sale, pe langa supele clasice, gasim o gama variata de produse delicioase gata preparate.<br \/>\n<strong>Pr\u00e9paration :<\/strong> Nu introduceti ambalajul in cuptorul cu microunde! Nu gatiti supa! Puneti supa intr-un bol si incalziti la cuptorul cu microunde timp de 3 minute la aprox. 600 wati sau incalziti-o direct intr-o craticioara sau oala amestecand usor. Dupa incalzire este gata de savurat!<br \/>\n<strong>Ingr\u00e9dient :<\/strong> Legume 67,4% (mazare 56,1%, morcov, praz, ceapa), ap\u0103, c\u00e2rna\u021bi afuma\u021bi 10,6% (carne de porc 81%, carne separatoare de porc 9%, ap\u0103, gr\u0103sime de porc, sare, stabilizator (E451, E452 ), dextroz\u0103, zah\u0103r, colagen de porc, fum de lemn, aromatizant, conservant E250), cartof, ulei de rapi\u021b\u0103, sare, amidon de porumb modificat, extract de drojdie (con\u021bine ORZ), fructoz\u0103, arom\u0103 de fum, maltodextrin\u0103, frunze de dafin, o\u021bet balsamic (o\u021bet de vin, must de struguri), extract de vin alb , radacina de patrunjel. Poate con\u021bine ou, lapte, soia, mu\u0219tar.<br \/>\nA se pastra intr-un loc uscat si racoros. Dupa deschidere, a se pastra acoperita in frigider si a se consuma in max 48h.<br \/>\n<strong>Allerg\u00e8nes :<\/strong> contine orz, telina. Poate con\u021bine ou, lapte, soia, mu\u0219tar.<br \/>\n<strong>La nutrition :<\/strong><br \/>\nEnergie 383 kJ (91 kcal)<br \/>\nGr\u0103sime 3,9 g din care satura\u021bi 0,8 g<br \/>\nCarbohidra\u021bi 7.7 g din care zaharuri 2 g<br \/>\nFibres alimentaires 3 g<br \/>\nProteine \u200b\u200b5 g<br \/>\nSare 0,74 g<\/p>\n<p>Fabriqu\u00e9 aux Pays-Bas par Unilever Nederland Unox, Postbus 160 3000 AD AD Rotterdam<br \/>\nImportateur et distributeur Total Blue Impex SRL<\/p>\n<p>&nbsp;<\/p>","protected":false},"excerpt":{"rendered":"<p>Supa copioasa de mazare cu crenvur\u0219ti Unox Olanda &#8211; gata preparata Supa de mazare Unox este o supa traditionala olandeza cu o multime de legume gustoase si carnat afumat. Brandul olandez Unox produce cele mai bune supe olandeze inca din 1957.\u00a0 Deoarece Unox lucreaza in continuu la imbunatatirea produselor sale, pe langa supele clasice, gasim [&#8230;]\n","protected":false},"featured_media":219062,"comment_status":"open","ping_status":"closed","template":"","meta":{"_acf_changed":false,"_seopress_robots_primary_cat":"none","_seopress_titles_title":"Supa de mazare cu crenvursti Unox Olanda 800 ml","_seopress_titles_desc":"Cauti produse olandeze? Cumpara acum specialitati olandeze cu livrare rapida, Supa de mazare cu crenvursti Unox Olanda, supa de mazare.","_seopress_robots_index":""},"product_brand":[1925],"product_cat":[1555,1683,3272,1767],"giftcard-category":[],"class_list":{"0":"post-219058","1":"product","2":"type-product","3":"status-publish","4":"has-post-thumbnail","6":"product_brand-unox","7":"product_cat-bacanie","8":"product_cat-conserve-mancare-gatita","9":"product_cat-conserve","10":"product_cat-produse-olanda","12":"first","13":"instock","14":"taxable","15":"shipping-taxable","16":"purchasable","17":"product-type-simple"},"acf":[],"_links":{"self":[{"href":"https:\/\/totalblue.ro\/fr\/wp-json\/wp\/v2\/product\/219058","targetHints":{"allow":["GET"]}}],"collection":[{"href":"https:\/\/totalblue.ro\/fr\/wp-json\/wp\/v2\/product"}],"about":[{"href":"https:\/\/totalblue.ro\/fr\/wp-json\/wp\/v2\/types\/product"}],"replies":[{"embeddable":true,"href":"https:\/\/totalblue.ro\/fr\/wp-json\/wp\/v2\/comments?post=219058"}],"wp:featuredmedia":[{"embeddable":true,"href":"https:\/\/totalblue.ro\/fr\/wp-json\/wp\/v2\/media\/219062"}],"wp:attachment":[{"href":"https:\/\/totalblue.ro\/fr\/wp-json\/wp\/v2\/media?parent=219058"}],"wp:term":[{"taxonomy":"product_brand","embeddable":true,"href":"https:\/\/totalblue.ro\/fr\/wp-json\/wp\/v2\/product_brand?post=219058"},{"taxonomy":"product_cat","embeddable":true,"href":"https:\/\/totalblue.ro\/fr\/wp-json\/wp\/v2\/product_cat?post=219058"},{"taxonomy":"giftcard-category","embeddable":true,"href":"https:\/\/totalblue.ro\/fr\/wp-json\/wp\/v2\/giftcard-category?post=219058"}],"curies":[{"name":"wp","href":"https:\/\/api.w.org\/{rel}","templated":true}]}}