{"id":219750,"date":"2025-05-09T16:10:49","date_gmt":"2025-05-09T13:10:49","guid":{"rendered":"https:\/\/totalblue.ro\/?post_type=product&#038;p=219750"},"modified":"2026-01-17T16:55:57","modified_gmt":"2026-01-17T14:55:57","slug":"knorr-mix-voor-nasi-xxl-66-g","status":"publish","type":"product","link":"https:\/\/totalblue.ro\/fr\/produs\/knorr-mix-voor-nasi-xxl-66-g\/","title":{"rendered":"Knorr Mix voor nasi XXL 66 g"},"content":{"rendered":"<p><span class=\"HwtZe\" lang=\"ro\"><span class=\"jCAhz JxVs2d ChMk0b\"><span class=\"ryNqvb\">Ingr\u00e9dients : L\u00e9gumes 33% (oignon 1 13%, carotte 12%, poivron rouge 2,6%, sel de poireau, sel iod\u00e9, ar\u00f4me, ail en poudre, coriandre, sucre, sauce soja en poudre (maltodextrine, sel), sauce soja, prot\u00e9ines v\u00e9g\u00e9tales hydrolys\u00e9es, prot\u00e9ines v\u00e9g\u00e9tales, sucre, sauce soja, cumin, curcuma, poivre, anis, cannelle, graines de fenouil, gingembre, poivre de Cayenne, gingembre, poivre de Cayenne, sel min\u00e9ral (potassium), huile de tournesol, curcuma.<br \/>\nValeurs nutritionnelles \/ 100 g :<br \/>\n\u00c9nergie 1173 kJ (280 kcal)<br \/>\nMati\u00e8res grasses 6,5 g dont 1,2 g satur\u00e9es<br \/>\nGlucides 41 g dont sucres 21 g<br \/>\nFibres 9,9 g<br \/>\nProt\u00e9ines 10 g<br \/>\nsel 22,5 g<br \/>\nFaire chauffer 2 cuill\u00e8res \u00e0 soupe d'huile dans un grand wok ou une po\u00eale \u00e0 frire et faire frire la viande jusqu'\u00e0 ce qu'elle soit dor\u00e9e. Retirez ensuite la viande de la po\u00eale. Faites chauffer 2 autres cuill\u00e8res \u00e0 soupe d'huile dans la po\u00eale \u00e0 frire et faites chauffer le paquet de l\u00e9gumes pendant quelques minutes. Faites frire bri\u00e8vement les germes de soja et les oignons verts. 2. Ajouter 100 ml d'eau, le contenu de ce paquet et la viande et bien m\u00e9langer. Faire chauffer \u00e0 nouveau bri\u00e8vement. 3. M\u00e9langer le m\u00e9lange de viande et de l\u00e9gumes avec le riz cuit dans un grand bol ou une grande casserole.<\/p>\n<p><\/span><\/span><\/span><\/p>","protected":false},"excerpt":{"rendered":"<p>Ingrediente : Legume 33% (ceapa 1 13%, morcov 12%, ardei rosu 2,6%, sare de praz, sare iodata, aroma, usturoi pudra, coriandru, zahar, sos de soia pudra (maltodextrina, sare), sos de soia, proteina vegetala hidrolizata, proteine \u200b\u200bvegetale, zah\u0103r, sos de soia , chimen, turmeric, piper, anason, scor\u021bi\u0219oar\u0103, semin\u021be de fenicul, ghimbir, ardei cayenne, ghimbir, piper cayenne, [&#8230;]\n","protected":false},"featured_media":219756,"comment_status":"open","ping_status":"closed","template":"","meta":{"_acf_changed":false,"_seopress_robots_primary_cat":"none","_seopress_titles_title":"","_seopress_titles_desc":"","_seopress_robots_index":""},"product_brand":[1870],"product_cat":[1555,1451,3280,1767],"giftcard-category":[],"class_list":{"0":"post-219750","1":"product","2":"type-product","3":"status-publish","4":"has-post-thumbnail","6":"product_brand-knorr","7":"product_cat-bacanie","8":"product_cat-condimente-produse-instant","9":"product_cat-condimente-sosuri","10":"product_cat-produse-olanda","12":"first","13":"outofstock","14":"taxable","15":"shipping-taxable","16":"purchasable","17":"product-type-simple"},"acf":[],"_links":{"self":[{"href":"https:\/\/totalblue.ro\/fr\/wp-json\/wp\/v2\/product\/219750","targetHints":{"allow":["GET"]}}],"collection":[{"href":"https:\/\/totalblue.ro\/fr\/wp-json\/wp\/v2\/product"}],"about":[{"href":"https:\/\/totalblue.ro\/fr\/wp-json\/wp\/v2\/types\/product"}],"replies":[{"embeddable":true,"href":"https:\/\/totalblue.ro\/fr\/wp-json\/wp\/v2\/comments?post=219750"}],"wp:featuredmedia":[{"embeddable":true,"href":"https:\/\/totalblue.ro\/fr\/wp-json\/wp\/v2\/media\/219756"}],"wp:attachment":[{"href":"https:\/\/totalblue.ro\/fr\/wp-json\/wp\/v2\/media?parent=219750"}],"wp:term":[{"taxonomy":"product_brand","embeddable":true,"href":"https:\/\/totalblue.ro\/fr\/wp-json\/wp\/v2\/product_brand?post=219750"},{"taxonomy":"product_cat","embeddable":true,"href":"https:\/\/totalblue.ro\/fr\/wp-json\/wp\/v2\/product_cat?post=219750"},{"taxonomy":"giftcard-category","embeddable":true,"href":"https:\/\/totalblue.ro\/fr\/wp-json\/wp\/v2\/giftcard-category?post=219750"}],"curies":[{"name":"wp","href":"https:\/\/api.w.org\/{rel}","templated":true}]}}