{"id":23702,"date":"2020-07-30T01:21:05","date_gmt":"2020-07-29T22:21:05","guid":{"rendered":"https:\/\/totalorange.ro\/produs\/import-placeholder-for-25585\/"},"modified":"2026-03-23T16:26:01","modified_gmt":"2026-03-23T14:26:01","slug":"apa-plata-borsec-minerala-naturala-2-litri","status":"publish","type":"product","link":"https:\/\/totalblue.ro\/fr\/produs\/apa-plata-borsec-minerala-naturala-2-litri\/","title":{"rendered":"Eau argent\u00e9e Borsec 2L"},"content":{"rendered":"<p>Apa minerala naturala plata Borsec 2L<br \/>\npH: 7.44<br \/>\nBrand: BORSEC<br \/>\nQuantit\u00e9 : 2 litres<\/p>\n<p><strong>NOTE !!!!! En raison de leur poids et de leur volume, les produits suivants sont livr\u00e9s UNIQUEMENT \u00e0 Bucarest et dans les villes voisines : Chiajna, Ro\u0219u, Dudu, Bragadiru, Dragomire\u0219ti, Ciorog\u00e2rla et Domne\u0219ti :<br \/>\n- eau min\u00e9rale \/ eau plate conditionn\u00e9e en 1,5l \/ 2l \/ 5l pet.<br \/>\n- 1,5l \/ 2l \/ 2,5l jus gazeux en 1,5l \/ 2l \/ 2,5l pet.<\/strong><\/p>\n<p>Apa Minerala Plata Borsec este o alegere excelenta pentru hidratarea zilnica a intregii familii. Apa provine din izvorul natural din Muntii Calimani, unde este filtrata de straturi de roca vulcanica si imbogatita cu minerale esentiale. Apa are un gust placut si racoritor, fiind potrivita pentru orice ocazie. Fie ca vrei sa te bucuri de o bautura sanatoasa la masa, la birou sau in timpul sportului, apa minerala plata Borsec iti ofera cantitatea optima de lichide de care ai nevoie. Comanda acum cu livrare rapida apa minerala plata Borsec!<\/p>\n<p><strong>\u00a0Emballage avec garantie SGR - Le prix comprend la garantie de 0,50 Ron \/ pi\u00e8ce.<\/strong><\/p>\n<p>\u00c0 partir du 30 novembre 2023, le syst\u00e8me de retour garanti entre en vigueur. \u00c0 partir de cette date, pour les boissons vendues dans des emballages primaires non r\u00e9utilisables en PET, en verre ou en m\u00e9tal, d'un volume compris entre 0,1 litre et 3 litres, vous paierez une garantie de 50 euros \u00e0 l'achat. Cet argent vous sera rembours\u00e9 lorsque vous rapporterez l'emballage dans l'un des points de retour ouverts chez les d\u00e9taillants dans tout le pays.<\/p>\n<p>La plupart des commer\u00e7ants et des d\u00e9taillants sont tenus de mettre en place un point de reprise pour les emballages recyclables soumis au SGR. Il existe des exemptions pour l'industrie HoReCa, les boutiques en ligne ou les petits magasins dont la surface de vente est inf\u00e9rieure \u00e0 200 m\u00e8tres carr\u00e9s. Ainsi, www.TotalBlue.ro, qui est une boutique en ligne, ne pourra pas reprendre les emballages SGR.<\/p>\n<p>Vous pouvez toutefois renvoyer l'emballage \u00e0 tout autre d\u00e9taillant disposant d'un espace de vente physique, afin de r\u00e9cup\u00e9rer la garantie de 50 euros pour chaque emballage renvoy\u00e9.<\/p>","protected":false},"excerpt":{"rendered":"<p>Apa minerala naturala plata Borsec 2L pH: 7.44 Brand: BORSEC Cantitate: 2 litri NOTA!!! Datorita greutatii si volumului destul de mare, urmatoarele produse se livreaza DOAR in Bucuresti si localit\u0103\u021bile limitrofe: Chiajna, Ro\u0219u, Dudu , Bragadiru, Dragomire\u0219ti, Ciorog\u00e2rla \u0219i Domne\u0219ti: &#8211; apa minerala \/ apa plata ambalata la pet de 1,5l \/ 2l \/ 5l. [&#8230;]\n","protected":false},"featured_media":23759,"comment_status":"open","ping_status":"closed","template":"","meta":{"_acf_changed":false,"_seopress_robots_primary_cat":"none","_seopress_titles_title":"Apa minerala naturala plata Borsec 2L, apa plata Borsec","_seopress_titles_desc":"Cauti apa plata Borsec 2L? Profita si cumpara acum cu livrare rapida apa minerala plata Borsec, apa plata Borsec, apa plata 2L, apa Borsec plata.","_seopress_robots_index":""},"product_brand":[1806],"product_cat":[1354],"giftcard-category":[],"class_list":{"0":"post-23702","1":"product","2":"type-product","3":"status-publish","4":"has-post-thumbnail","6":"product_brand-borsec","7":"product_cat-apa-plata-apa-minerala-sucuri","9":"first","10":"outofstock","11":"taxable","12":"shipping-taxable","13":"purchasable","14":"product-type-simple"},"acf":[],"_links":{"self":[{"href":"https:\/\/totalblue.ro\/fr\/wp-json\/wp\/v2\/product\/23702","targetHints":{"allow":["GET"]}}],"collection":[{"href":"https:\/\/totalblue.ro\/fr\/wp-json\/wp\/v2\/product"}],"about":[{"href":"https:\/\/totalblue.ro\/fr\/wp-json\/wp\/v2\/types\/product"}],"replies":[{"embeddable":true,"href":"https:\/\/totalblue.ro\/fr\/wp-json\/wp\/v2\/comments?post=23702"}],"wp:featuredmedia":[{"embeddable":true,"href":"https:\/\/totalblue.ro\/fr\/wp-json\/wp\/v2\/media\/23759"}],"wp:attachment":[{"href":"https:\/\/totalblue.ro\/fr\/wp-json\/wp\/v2\/media?parent=23702"}],"wp:term":[{"taxonomy":"product_brand","embeddable":true,"href":"https:\/\/totalblue.ro\/fr\/wp-json\/wp\/v2\/product_brand?post=23702"},{"taxonomy":"product_cat","embeddable":true,"href":"https:\/\/totalblue.ro\/fr\/wp-json\/wp\/v2\/product_cat?post=23702"},{"taxonomy":"giftcard-category","embeddable":true,"href":"https:\/\/totalblue.ro\/fr\/wp-json\/wp\/v2\/giftcard-category?post=23702"}],"curies":[{"name":"wp","href":"https:\/\/api.w.org\/{rel}","templated":true}]}}