{"id":23703,"date":"2020-07-30T01:21:05","date_gmt":"2020-07-29T22:21:05","guid":{"rendered":"https:\/\/totalorange.ro\/produs\/import-placeholder-for-25609\/"},"modified":"2026-03-23T16:28:53","modified_gmt":"2026-03-23T14:28:53","slug":"apa-plata-bucovina-minerala-naturala-2-litri","status":"publish","type":"product","link":"https:\/\/totalblue.ro\/fr\/produs\/apa-plata-bucovina-minerala-naturala-2-litri\/","title":{"rendered":"Eau min\u00e9rale naturelle Plata Bucovina 2 litres"},"content":{"rendered":"<p>Apa mineral\u0103 natural\u0103 oligomineral\u0103 necarbogazificat\u0103 Bucovina este alegerea perfect\u0103 pentru familiile numeroase. Este u\u0219or de depozitat, iar datorit\u0103 sistemului avansat de \u00eembuteliere, \u00ee\u0219i men\u0163ine prospe\u0163imea timp \u00eendelungat.<br \/>\nApa Bucovina \u00ee\u015fi p\u0103streaz\u0103 aportul de minerale benefice organismului datorit\u0103 con\u0163inutului echilibrat de s\u0103ruri minerale, dar \u0219i a purit\u0103\u0163ii originare, caracterizat\u0103 prin lipsa total\u0103 a contaminan\u0163ilor fizico-chimici \u0219i microbiologici.<br \/>\npH: 7.27<br \/>\nBrand: Bucovina<br \/>\nQuantit\u00e9 : 2 litres<\/p>\n<p><strong>NOTE !!!!! En raison de leur poids et de leur volume, les produits suivants sont livr\u00e9s UNIQUEMENT \u00e0 Bucarest et dans les villes voisines : Chiajna, Ro\u0219u, Dudu, Bragadiru, Dragomire\u0219ti, Ciorog\u00e2rla et Domne\u0219ti :<br \/>\n- eau min\u00e9rale \/ eau plate conditionn\u00e9e en 1,5l \/ 2l \/ 5l pet.<br \/>\n- 1,5l \/ 2l \/ 2,5l jus gazeux en 1,5l \/ 2l \/ 2,5l pet.<\/strong><\/p>","protected":false},"excerpt":{"rendered":"<p>Le prix affich\u00e9 est par pi\u00e8ce!*<br \/>\n*Si vous voulez une bo\u00eete, commandez 6 pi\u00e8ces !<\/p>","protected":false},"featured_media":23760,"comment_status":"open","ping_status":"closed","template":"","meta":{"_acf_changed":false,"_seopress_robots_primary_cat":"none","_seopress_titles_title":"Apa Plata Bucovina minerala naturala 2 litri","_seopress_titles_desc":"Apa Plata Bucovina minerala naturala 2 litri","_seopress_robots_index":""},"product_brand":[1808],"product_cat":[1354],"giftcard-category":[],"class_list":{"0":"post-23703","1":"product","2":"type-product","3":"status-publish","4":"has-post-thumbnail","6":"product_brand-bucovina","7":"product_cat-apa-plata-apa-minerala-sucuri","9":"first","10":"outofstock","11":"taxable","12":"shipping-taxable","13":"purchasable","14":"product-type-simple"},"acf":[],"_links":{"self":[{"href":"https:\/\/totalblue.ro\/fr\/wp-json\/wp\/v2\/product\/23703","targetHints":{"allow":["GET"]}}],"collection":[{"href":"https:\/\/totalblue.ro\/fr\/wp-json\/wp\/v2\/product"}],"about":[{"href":"https:\/\/totalblue.ro\/fr\/wp-json\/wp\/v2\/types\/product"}],"replies":[{"embeddable":true,"href":"https:\/\/totalblue.ro\/fr\/wp-json\/wp\/v2\/comments?post=23703"}],"wp:featuredmedia":[{"embeddable":true,"href":"https:\/\/totalblue.ro\/fr\/wp-json\/wp\/v2\/media\/23760"}],"wp:attachment":[{"href":"https:\/\/totalblue.ro\/fr\/wp-json\/wp\/v2\/media?parent=23703"}],"wp:term":[{"taxonomy":"product_brand","embeddable":true,"href":"https:\/\/totalblue.ro\/fr\/wp-json\/wp\/v2\/product_brand?post=23703"},{"taxonomy":"product_cat","embeddable":true,"href":"https:\/\/totalblue.ro\/fr\/wp-json\/wp\/v2\/product_cat?post=23703"},{"taxonomy":"giftcard-category","embeddable":true,"href":"https:\/\/totalblue.ro\/fr\/wp-json\/wp\/v2\/giftcard-category?post=23703"}],"curies":[{"name":"wp","href":"https:\/\/api.w.org\/{rel}","templated":true}]}}