{"id":23708,"date":"2020-07-30T01:21:31","date_gmt":"2020-07-29T22:21:31","guid":{"rendered":"https:\/\/totalorange.ro\/produs\/import-placeholder-for-25611\/"},"modified":"2025-08-05T13:30:30","modified_gmt":"2025-08-05T10:30:30","slug":"apa-carbogazoasa-bucovina-1-5-litri","status":"publish","type":"product","link":"https:\/\/totalblue.ro\/fr\/produs\/apa-carbogazoasa-bucovina-1-5-litri\/","title":{"rendered":"Eau gazeuse Bucovina 1,5 litre"},"content":{"rendered":"<p>Apa mineral\u0103 natural\u0103 carbogazificat\u0103 Bucovina are un con\u0163inut redus de sodiu, gust pl\u0103cut \u0219i echilibrat, precum \u0219i propriet\u0103\u0163i deosebite de a lega \u015fi re\u0163ine dioxidul de carbon, asigur\u00e2nd tranzitul de electroli\u0163i \u00een organism, esen\u0163iali func\u0163ion\u0103rii normale a acestuia.<br \/>\npH: 5.64<br \/>\nBrand: Bucovina<br \/>\nCantitate: 1.5 litri<\/p>\n<p>NOTE !!!!! En raison de leur poids et de leur volume, les produits suivants sont livr\u00e9s UNIQUEMENT \u00e0 Bucarest et dans les villes voisines : Chiajna, Ro\u0219u, Dudu, Bragadiru, Dragomire\u0219ti, Ciorog\u00e2rla et Domne\u0219ti :<br \/>\n- eau min\u00e9rale \/ eau plate conditionn\u00e9e en 1,5l \/ 2l \/ 5l pet.<br \/>\n- jus gazeux conditionn\u00e9s en 1,25l, 1,5l \/ 2l \/ 2,5l pet.<\/p>","protected":false},"excerpt":{"rendered":"<p>Le prix affich\u00e9 est par pi\u00e8ce!*<br \/>\n*Si vous voulez une bo\u00eete, commandez 6 pi\u00e8ces !<br \/>\nNOTA!!! Datorita greutatii si volumului destul de mare, urmatoarele produse se livreaza DOAR in Bucuresti si Ilfov ( localitati selectate ):<br \/>\n- eau min\u00e9rale \/ eau plate conditionn\u00e9e en 1,5l \/ 2l \/ 5l pet.<br \/>\n- jus gazeux conditionn\u00e9s en 1,25l, 1,5l \/ 2l \/ 2,5l pet.<\/p>","protected":false},"featured_media":23761,"comment_status":"open","ping_status":"closed","template":"","meta":{"_acf_changed":false,"_seopress_robots_primary_cat":"none","_seopress_titles_title":"","_seopress_titles_desc":"","_seopress_robots_index":""},"product_brand":[1808],"product_cat":[1354],"giftcard-category":[],"class_list":{"0":"post-23708","1":"product","2":"type-product","3":"status-publish","4":"has-post-thumbnail","6":"product_brand-bucovina","7":"product_cat-apa-plata-apa-minerala-sucuri","9":"first","10":"outofstock","11":"taxable","12":"shipping-taxable","13":"purchasable","14":"product-type-simple"},"acf":[],"_links":{"self":[{"href":"https:\/\/totalblue.ro\/fr\/wp-json\/wp\/v2\/product\/23708","targetHints":{"allow":["GET"]}}],"collection":[{"href":"https:\/\/totalblue.ro\/fr\/wp-json\/wp\/v2\/product"}],"about":[{"href":"https:\/\/totalblue.ro\/fr\/wp-json\/wp\/v2\/types\/product"}],"replies":[{"embeddable":true,"href":"https:\/\/totalblue.ro\/fr\/wp-json\/wp\/v2\/comments?post=23708"}],"wp:featuredmedia":[{"embeddable":true,"href":"https:\/\/totalblue.ro\/fr\/wp-json\/wp\/v2\/media\/23761"}],"wp:attachment":[{"href":"https:\/\/totalblue.ro\/fr\/wp-json\/wp\/v2\/media?parent=23708"}],"wp:term":[{"taxonomy":"product_brand","embeddable":true,"href":"https:\/\/totalblue.ro\/fr\/wp-json\/wp\/v2\/product_brand?post=23708"},{"taxonomy":"product_cat","embeddable":true,"href":"https:\/\/totalblue.ro\/fr\/wp-json\/wp\/v2\/product_cat?post=23708"},{"taxonomy":"giftcard-category","embeddable":true,"href":"https:\/\/totalblue.ro\/fr\/wp-json\/wp\/v2\/giftcard-category?post=23708"}],"curies":[{"name":"wp","href":"https:\/\/api.w.org\/{rel}","templated":true}]}}