{"id":23709,"date":"2020-07-30T01:21:32","date_gmt":"2020-07-29T22:21:32","guid":{"rendered":"https:\/\/totalorange.ro\/produs\/import-placeholder-for-25614\/"},"modified":"2026-03-23T16:25:12","modified_gmt":"2026-03-23T14:25:12","slug":"eau-argentee-source-blanche-dorna-2-litres","status":"publish","type":"product","link":"https:\/\/totalblue.ro\/fr\/produs\/apa-plata-izvorul-alb-dorna-2-litri\/","title":{"rendered":"Silver Water White Spring Dorna 2 litres"},"content":{"rendered":"<p>Eau min\u00e9rale naturelle non gazeuse dans un nouvel emballage en PET recycl\u00e9 100%. La nouvelle bouteille conserve la m\u00eame qualit\u00e9 d'eau que celle \u00e0 laquelle vous \u00eates habitu\u00e9 et est recyclable. Bon pour la nature, bon pour vous.<br \/>\npH : 7,71<br \/>\nMarque : Dorna<br \/>\nQuantit\u00e9 : 2 litres<\/p>\n<p><strong>NOTE !!!!! En raison de leur poids et de leur volume, les produits suivants sont livr\u00e9s UNIQUEMENT \u00e0 Bucarest et dans les villes voisines : Chiajna, Ro\u0219u, Dudu, Bragadiru, Dragomire\u0219ti, Ciorog\u00e2rla et Domne\u0219ti :<br \/>\n- eau min\u00e9rale \/ eau plate conditionn\u00e9e en 1,5l \/ 2l \/ 5l pet.<br \/>\n- 1,5l \/ 2l \/ 2,5l jus gazeux en 1,5l \/ 2l \/ 2,5l pet.<\/strong><\/p>\n<p>Selon une \u00e9tude men\u00e9e par l'Institut Alfred Rusescu pour la protection de la m\u00e8re et de l'enfant, Dorna White Spring est recommand\u00e9e pour la pr\u00e9paration des aliments pour b\u00e9b\u00e9s.<\/p>\n<p>L'eau min\u00e9rale naturelle Dorna convient \u00e0 la pr\u00e9paration d'aliments pour b\u00e9b\u00e9s et de r\u00e9gimes pauvres en sodium.<\/p>\n<p><b>Qualit\u00e9 de l'eau<\/b><\/p>\n<div>\n<p>Les eaux min\u00e9rales naturelles Dorna et Dorna Izvorul Alb font l'objet de tests microbiologiques et physico-chimiques quotidiens, depuis la source jusqu'au produit fini. Nous garantissons ainsi que l'eau r\u00e9pond aux normes de qualit\u00e9 et de s\u00e9curit\u00e9 les plus strictes et qu'elle est conforme \u00e0 toutes les r\u00e9glementations nationales et internationales en la mati\u00e8re, en particulier celles de l'Union europ\u00e9enne.<\/p>\n<p>Tous les six mois, les eaux min\u00e9rales naturelles Dorna et Dorna Izvorul Alb sont soumises \u00e0 des tests approfondis dans deux prestigieux laboratoires internationaux. Le premier appartient \u00e0 la soci\u00e9t\u00e9 Coca-Cola \u00e0 Bruxelles et le second est le laboratoire ind\u00e9pendant de l'Institut Fresenius en Allemagne, leader mondial en mati\u00e8re d'inspection, de v\u00e9rification, d'essai et de certification de la qualit\u00e9.<\/p>\n<p><b>Production et mise en bouteille<\/b><\/p>\n<p>Les eaux min\u00e9rales naturelles Dorna et Dorna Izvorul Alb proviennent de plusieurs sources agr\u00e9\u00e9es de la r\u00e9gion de Vatra Dornei, au nord des montagnes de Calimani. Afin de pr\u00e9server ses caract\u00e9ristiques naturelles, l'eau extraite des sources souterraines est compl\u00e8tement isol\u00e9e de l'environnement ext\u00e9rieur au moyen d'une technologie de captage, de protection et de filtration de l'eau. L'eau est achemin\u00e9e vers l'usine d'embouteillage par des canalisations souterraines et le traitement de l'eau se limite \u00e0 l'extraction du fer et du mangan\u00e8se par des proc\u00e9d\u00e9s traditionnels d'a\u00e9ration de l'eau, suivis de m\u00e9thodes de filtration sp\u00e9ciales. L'eau subit de nombreux tests de qualit\u00e9 et est finalement mise en bouteille dans une atmosph\u00e8re microbiologiquement contr\u00f4l\u00e9e afin d'\u00e9viter toute contamination par l'air.<\/p>\n<p>Le nouvel emballage en PET recycl\u00e9 100% refl\u00e8te la vision de Dorna en mati\u00e8re de protection de l'environnement, \u00e9tant toujours 100% recyclable dans le cadre des programmes existants.<\/p>\n<p><strong>\u00a0Emballage avec garantie SGR - Le prix comprend la garantie de 0,50 Ron \/ pi\u00e8ce.<\/strong><\/p>\n<p>\u00c0 partir du 30 novembre 2023, le syst\u00e8me de retour garanti entre en vigueur. \u00c0 partir de cette date, pour les boissons vendues dans des emballages primaires non r\u00e9utilisables en PET, en verre ou en m\u00e9tal, d'un volume compris entre 0,1 litre et 3 litres, vous paierez une garantie de 50 euros \u00e0 l'achat. Cet argent vous sera rembours\u00e9 lorsque vous rapporterez l'emballage dans l'un des points de retour ouverts chez les d\u00e9taillants dans tout le pays.<\/p>\n<p>La plupart des commer\u00e7ants et des d\u00e9taillants sont tenus de mettre en place un point de reprise pour les emballages recyclables soumis au SGR. Il existe des exemptions pour l'industrie HoReCa, les boutiques en ligne ou les petits magasins dont la surface de vente est inf\u00e9rieure \u00e0 200 m\u00e8tres carr\u00e9s. Ainsi, www.TotalBlue.ro, qui est une boutique en ligne, ne pourra pas reprendre les emballages SGR.<\/p>\n<p>Vous pouvez toutefois renvoyer l'emballage \u00e0 tout autre d\u00e9taillant disposant d'un espace de vente physique, afin de r\u00e9cup\u00e9rer la garantie de 50 euros pour chaque emballage renvoy\u00e9.<\/p>\n<p>&nbsp;<\/p>\n<\/div>","protected":false},"excerpt":{"rendered":"<p>Le prix affich\u00e9 est par pi\u00e8ce!*<br \/>\n*Si vous voulez une bo\u00eete, commandez 6 pi\u00e8ces !<br \/>\nEmballage avec garantie SGR - Le prix comprend la garantie de 0,50 Ron \/ pi\u00e8ce.<\/p>","protected":false},"featured_media":23766,"comment_status":"open","ping_status":"closed","template":"","meta":{"_acf_changed":false,"_seopress_robots_primary_cat":"none","_seopress_titles_title":"Apa Plata Dorna, apa minerala naturala Dorna Izvorul Alb","_seopress_titles_desc":"Cauti apa plata Dorna Izvorul Alb? Cumpara acum online cu livrare rapida apa minerala plata Dorna Izvorul Alb, apa minerala plata, apa plata, apa,","_seopress_robots_index":""},"product_brand":[1830],"product_cat":[1354],"giftcard-category":[],"class_list":{"0":"post-23709","1":"product","2":"type-product","3":"status-publish","4":"has-post-thumbnail","6":"product_brand-dorna","7":"product_cat-apa-plata-apa-minerala-sucuri","9":"first","10":"outofstock","11":"taxable","12":"shipping-taxable","13":"purchasable","14":"product-type-simple"},"acf":[],"_links":{"self":[{"href":"https:\/\/totalblue.ro\/fr\/wp-json\/wp\/v2\/product\/23709","targetHints":{"allow":["GET"]}}],"collection":[{"href":"https:\/\/totalblue.ro\/fr\/wp-json\/wp\/v2\/product"}],"about":[{"href":"https:\/\/totalblue.ro\/fr\/wp-json\/wp\/v2\/types\/product"}],"replies":[{"embeddable":true,"href":"https:\/\/totalblue.ro\/fr\/wp-json\/wp\/v2\/comments?post=23709"}],"wp:featuredmedia":[{"embeddable":true,"href":"https:\/\/totalblue.ro\/fr\/wp-json\/wp\/v2\/media\/23766"}],"wp:attachment":[{"href":"https:\/\/totalblue.ro\/fr\/wp-json\/wp\/v2\/media?parent=23709"}],"wp:term":[{"taxonomy":"product_brand","embeddable":true,"href":"https:\/\/totalblue.ro\/fr\/wp-json\/wp\/v2\/product_brand?post=23709"},{"taxonomy":"product_cat","embeddable":true,"href":"https:\/\/totalblue.ro\/fr\/wp-json\/wp\/v2\/product_cat?post=23709"},{"taxonomy":"giftcard-category","embeddable":true,"href":"https:\/\/totalblue.ro\/fr\/wp-json\/wp\/v2\/giftcard-category?post=23709"}],"curies":[{"name":"wp","href":"https:\/\/api.w.org\/{rel}","templated":true}]}}