{"id":23733,"date":"2020-07-30T01:22:48","date_gmt":"2020-07-29T22:22:48","guid":{"rendered":"https:\/\/totalorange.ro\/produs\/import-placeholder-for-25795\/"},"modified":"2025-08-05T13:50:29","modified_gmt":"2025-08-05T10:50:29","slug":"chio-chips-cu-gust-de-smantana-si-ceapa-140-grame","status":"publish","type":"product","link":"https:\/\/totalblue.ro\/fr\/produs\/chio-chips-cu-gust-de-smantana-si-ceapa-140-grame\/","title":{"rendered":"Chio Chips Chips de pommes de terre \u00e0 la cr\u00e8me et \u00e0 l'oignon 125 grammes"},"content":{"rendered":"<p>Chipsuri din cartofi feliati, prajiti, cu gust de smantana si ceapa.<br \/>\nMarque : CHIO<br \/>\nCantitate: 140 grame<br \/>\nEmball\u00e9 sous atmosph\u00e8re protectrice.<br \/>\n<strong>Ingr\u00e9dient :<\/strong><br \/>\nCartofi, ulei de floarea soarelui, sare de masa, smantana acra praf (0.8%), ceapa pudra (0.8%), zahar, extract de drojdie, aroma, zer dulce praf, lapte praf degresat, patrunjel (0.1%), usturoi pudra, acidifiant (acid lactic), extract de condimente, mustar.<br \/>\n<strong>D\u00e9tails de l'utilisation :<\/strong><br \/>\nConserver dans un endroit sec et frais, \u00e0 l'abri de la lumi\u00e8re directe du soleil.<br \/>\n<strong>Allerg\u00e8nes :<\/strong><br \/>\nSmantana, zer, lapte, mustar. Poate contine urme de gluten si soia.<\/p>\n<p>Informations nutritionnelles pour 100g de produit :<\/p>\n<div class=\"pageBody-content pageMain\">\n<div class=\"component-row\">\n<div class=\"col-xs-60 col-lg-30 p-l-5\">\n<div class=\"wrapper-table-responsive m-t-3\">\n<table class=\"table table-striped table-bordered table-responsive TableResponsive responsive\" style=\"height: 141px\" width=\"347\">\n<thead>\n<tr>\n<th>Graisses<\/th>\n<th>35 g\/100 g<\/th>\n<\/tr>\n<\/thead>\n<tbody>\n<tr>\n<td>Valeur \u00e9nerg\u00e9tique<\/td>\n<td>543 kcal\/100 g<\/td>\n<\/tr>\n<tr>\n<td>Glucides<\/td>\n<td>48 g\/100 g<\/td>\n<\/tr>\n<tr>\n<td>Sodium<\/td>\n<td>1,4 g\/100 g<\/td>\n<\/tr>\n<tr>\n<td>Prot\u00e9ines<\/td>\n<td>5.8 g\/100 g<\/td>\n<\/tr>\n<\/tbody>\n<\/table>\n<\/div>\n<\/div>\n<\/div>\n<div id=\"rate\" class=\"rating-comments js-rating-section\" data-is-review-enabled=\"false\"><\/div>\n<div class=\"color_grey_5\"><\/div>\n<div class=\"color_grey_5\">\n<p>&nbsp;<\/p>\n<\/div>\n<\/div>","protected":false},"excerpt":{"rendered":"<p>Chipsuri din cartofi feliati, prajiti, cu gust de smantana si ceapa. Brand: CHIO Cantitate: 140 grame Ambalate in atmosfera protectoare. Ingrediente: Cartofi, ulei de floarea soarelui, sare de masa, smantana acra praf (0.8%), ceapa pudra (0.8%), zahar, extract de drojdie, aroma, zer dulce praf, lapte praf degresat, patrunjel (0.1%), usturoi pudra, acidifiant (acid lactic), extract [&#8230;]\n","protected":false},"featured_media":23791,"comment_status":"open","ping_status":"closed","template":"","meta":{"_acf_changed":false,"_seopress_robots_primary_cat":"none","_seopress_titles_title":"Chio Chips Chipsuri de Cartofi cu Gust de Smantana si Ceapa","_seopress_titles_desc":"Cauti Chipsuri Cartofi cu aroma smantana ? Cumpara acum Chio Chips Chipsuri de Cartofi cu Gust de Smantana si Ceapa, chipsuri Chio.","_seopress_robots_index":""},"product_brand":[1812],"product_cat":[1555,7021],"giftcard-category":[],"class_list":{"0":"post-23733","1":"product","2":"type-product","3":"status-publish","4":"has-post-thumbnail","6":"product_brand-chio","7":"product_cat-bacanie","8":"product_cat-dulciuri-snacks","10":"first","11":"outofstock","12":"taxable","13":"shipping-taxable","14":"purchasable","15":"product-type-simple"},"acf":[],"_links":{"self":[{"href":"https:\/\/totalblue.ro\/fr\/wp-json\/wp\/v2\/product\/23733","targetHints":{"allow":["GET"]}}],"collection":[{"href":"https:\/\/totalblue.ro\/fr\/wp-json\/wp\/v2\/product"}],"about":[{"href":"https:\/\/totalblue.ro\/fr\/wp-json\/wp\/v2\/types\/product"}],"replies":[{"embeddable":true,"href":"https:\/\/totalblue.ro\/fr\/wp-json\/wp\/v2\/comments?post=23733"}],"wp:featuredmedia":[{"embeddable":true,"href":"https:\/\/totalblue.ro\/fr\/wp-json\/wp\/v2\/media\/23791"}],"wp:attachment":[{"href":"https:\/\/totalblue.ro\/fr\/wp-json\/wp\/v2\/media?parent=23733"}],"wp:term":[{"taxonomy":"product_brand","embeddable":true,"href":"https:\/\/totalblue.ro\/fr\/wp-json\/wp\/v2\/product_brand?post=23733"},{"taxonomy":"product_cat","embeddable":true,"href":"https:\/\/totalblue.ro\/fr\/wp-json\/wp\/v2\/product_cat?post=23733"},{"taxonomy":"giftcard-category","embeddable":true,"href":"https:\/\/totalblue.ro\/fr\/wp-json\/wp\/v2\/giftcard-category?post=23733"}],"curies":[{"name":"wp","href":"https:\/\/api.w.org\/{rel}","templated":true}]}}