{"id":23740,"date":"2020-07-30T01:23:13","date_gmt":"2020-07-29T22:23:13","guid":{"rendered":"https:\/\/totalorange.ro\/produs\/import-placeholder-for-25798\/"},"modified":"2025-08-05T13:50:28","modified_gmt":"2025-08-05T10:50:28","slug":"chips-de-chio-au-paprika-140-grammes","status":"publish","type":"product","link":"https:\/\/totalblue.ro\/fr\/produs\/chio-chips-cu-paprika-140-grame\/","title":{"rendered":"Chio Chips avec paprika 125 grammes"},"content":{"rendered":"<p>Chips \u00e0 base de pommes de terre tranch\u00e9es et frites, aromatis\u00e9es au paprika.<br \/>\nMarque : CHIO<br \/>\nQuantit\u00e9 : 140 grammes.<br \/>\nEmball\u00e9 sous atmosph\u00e8re protectrice.<br \/>\n<strong>Ingr\u00e9dient :<\/strong><br \/>\nPommes de terre huile de tournesol, ar\u00f4me, sel de table, paprika (1.3%), sucre, colorant (extrait de paprika), acidifiant (acide citrique), extrait de levure, oignon en poudre, ail en poudre.<br \/>\n<strong>D\u00e9tails de l'utilisation :<\/strong><br \/>\nConserver dans un endroit sec et frais, \u00e0 l'abri de la lumi\u00e8re directe du soleil.<br \/>\n<strong>Allerg\u00e8nes :<\/strong><br \/>\nPeut contenir des traces de gluten, de lait, de soja et de moutarde.<\/p>\n<p>Informations nutritionnelles pour 100g de produit :<\/p>\n<table class=\"table table-striped table-bordered table-responsive TableResponsive responsive\" style=\"height: 153px\" width=\"403\">\n<thead>\n<tr>\n<th>Graisses<\/th>\n<th>35 g\/100 g<\/th>\n<\/tr>\n<\/thead>\n<tbody>\n<tr>\n<td>Valeur \u00e9nerg\u00e9tique<\/td>\n<td>542 kcal\/100 g<\/td>\n<\/tr>\n<tr>\n<td>Glucides<\/td>\n<td>48 g\/100 g<\/td>\n<\/tr>\n<tr>\n<td>Sodium<\/td>\n<td>1,5 g\/100 g<\/td>\n<\/tr>\n<tr>\n<td>Prot\u00e9ines<\/td>\n<td>5,6 g\/100 g<\/td>\n<\/tr>\n<\/tbody>\n<\/table>","protected":false},"excerpt":{"rendered":"<p>Chipsuri din cartofi feliati, prajiti, cu gust de ardei gras. Brand: CHIO Cantitate: 140 grame. Ambalate in atmosfera protectoare. Ingrediente: Cartofi ulei de floarea soarelui, aroma, sare de masa, boia de ardei (1.3%), zahar, colorant (extract de boia de ardei), acidifiant (acid citric), extract de drojdie, ceapa pudra, usturoi pudra. Detalii de utilizare: A se [&#8230;]\n","protected":false},"featured_media":23798,"comment_status":"open","ping_status":"closed","template":"","meta":{"_acf_changed":false,"_seopress_robots_primary_cat":"none","_seopress_titles_title":"Chio Chips cu paprika 140 g, chipsuri cartofi cu aroma de paprika","_seopress_titles_desc":"Cauti Chipsuri Chio? Cumpara acum ieftin cu livrare rapida Chio Chips cu paprika 140 g, chipsuri cartofi cu aroma de paprika, chipsuri Chio Chips","_seopress_robots_index":""},"product_brand":[1812],"product_cat":[1555,7021],"giftcard-category":[],"class_list":{"0":"post-23740","1":"product","2":"type-product","3":"status-publish","4":"has-post-thumbnail","6":"product_brand-chio","7":"product_cat-bacanie","8":"product_cat-dulciuri-snacks","10":"first","11":"outofstock","12":"taxable","13":"shipping-taxable","14":"purchasable","15":"product-type-simple"},"acf":[],"_links":{"self":[{"href":"https:\/\/totalblue.ro\/fr\/wp-json\/wp\/v2\/product\/23740","targetHints":{"allow":["GET"]}}],"collection":[{"href":"https:\/\/totalblue.ro\/fr\/wp-json\/wp\/v2\/product"}],"about":[{"href":"https:\/\/totalblue.ro\/fr\/wp-json\/wp\/v2\/types\/product"}],"replies":[{"embeddable":true,"href":"https:\/\/totalblue.ro\/fr\/wp-json\/wp\/v2\/comments?post=23740"}],"wp:featuredmedia":[{"embeddable":true,"href":"https:\/\/totalblue.ro\/fr\/wp-json\/wp\/v2\/media\/23798"}],"wp:attachment":[{"href":"https:\/\/totalblue.ro\/fr\/wp-json\/wp\/v2\/media?parent=23740"}],"wp:term":[{"taxonomy":"product_brand","embeddable":true,"href":"https:\/\/totalblue.ro\/fr\/wp-json\/wp\/v2\/product_brand?post=23740"},{"taxonomy":"product_cat","embeddable":true,"href":"https:\/\/totalblue.ro\/fr\/wp-json\/wp\/v2\/product_cat?post=23740"},{"taxonomy":"giftcard-category","embeddable":true,"href":"https:\/\/totalblue.ro\/fr\/wp-json\/wp\/v2\/giftcard-category?post=23740"}],"curies":[{"name":"wp","href":"https:\/\/api.w.org\/{rel}","templated":true}]}}