{"id":23756,"date":"2020-07-30T01:24:03","date_gmt":"2020-07-29T22:24:03","guid":{"rendered":"https:\/\/totalorange.ro\/produs\/import-placeholder-for-26064\/"},"modified":"2025-08-05T13:29:23","modified_gmt":"2025-08-05T10:29:23","slug":"apa-plata-aquatique-minerala-naturala-2-litri","status":"publish","type":"product","link":"https:\/\/totalblue.ro\/fr\/produs\/apa-plata-aquatique-minerala-naturala-2-litri\/","title":{"rendered":"Eau min\u00e9rale naturelle Silver AQUATIQUE 2 litres"},"content":{"rendered":"<p>Ideal\u0103 pentru bebelu\u0219i, recomandat\u0103 pentru \u00eentreaga familie<br \/>\nApa mineral\u0103 natural\u0103 oligomineral\u0103 Aquatique \u00ee\u015fi are izvorul \u00een inima mun\u0163ilor Carpa\u021bi, la o altitudine de 1.100 m, \u00een zona protejat\u0103 a Parcului Natural Bucegi, rezerva\u0163ia natural\u0103 Abruptul Prahovean. Cu o compozi\u021bie echilibrat\u0103 \u0219i o mineralizare redus\u0103 de numai 104 mg\/l, Aquatique este o ap\u0103 mineral\u0103 natural\u0103 recomandat\u0103 pentru consumul frecvent al \u00eentregii familii.<br \/>\nAquatique \u00eendepline\u0219te criteriile de compozi\u021bie \u0219i puritate pentru a putea fi consumat\u0103 de bebelu\u0219i \u0219i copii, con\u021binutul recomandat de minerale al apei fiind sub 120 mg\/l.<br \/>\nCorespunde pentru un regim sarat in sodiu.<br \/>\nCompozitia chimica: Ca: 31.16mg\/l, Mg: 2.90mg\/l, Na: 0.98mg\/l, SO: 8.49mg\/l, HCO: 126.8mg\/l, F: 0.15mg\/l.<br \/>\npH: 7.8<br \/>\nBrand: AQUATIQUE<br \/>\nQuantit\u00e9 : 2 litres<\/p>\n<p><strong>NOTE !!!!! En raison de leur poids et de leur volume, les produits suivants sont livr\u00e9s UNIQUEMENT \u00e0 Bucarest et dans les villes voisines : Chiajna, Ro\u0219u, Dudu, Bragadiru, Dragomire\u0219ti, Ciorog\u00e2rla et Domne\u0219ti :<br \/>\n- eau min\u00e9rale \/ eau plate conditionn\u00e9e en 1,5l \/ 2l \/ 5l pet.<br \/>\n- 1,5l \/ 2l \/ 2,5l jus gazeux en 1,5l \/ 2l \/ 2,5l pet.<\/strong><\/p>","protected":false},"excerpt":{"rendered":"<p>NOTE !!!!! En raison de leur poids et de leur volume, les produits suivants sont livr\u00e9s UNIQUEMENT \u00e0 Bucarest et dans les villes voisines : Chiajna, Ro\u0219u, Dudu, Bragadiru, Dragomire\u0219ti, Ciorog\u00e2rla et Domne\u0219ti :<br \/>\n\u2013 apa minerala \/ apa plata ambalata la pet de 1,5l \/ 2l \/ 5l.<br \/>\n\u2013 sucuri carbogazoase ambalate la pet 1,5l \/ 2l \/ 2,5l.<\/p>","protected":false},"featured_media":23812,"comment_status":"open","ping_status":"closed","template":"","meta":{"_acf_changed":false,"_seopress_robots_primary_cat":"none","_seopress_titles_title":"","_seopress_titles_desc":"","_seopress_robots_index":""},"product_brand":[1789],"product_cat":[1354],"giftcard-category":[],"class_list":{"0":"post-23756","1":"product","2":"type-product","3":"status-publish","4":"has-post-thumbnail","6":"product_brand-aquatique","7":"product_cat-apa-plata-apa-minerala-sucuri","9":"first","10":"outofstock","11":"taxable","12":"shipping-taxable","13":"purchasable","14":"product-type-simple"},"acf":[],"_links":{"self":[{"href":"https:\/\/totalblue.ro\/fr\/wp-json\/wp\/v2\/product\/23756","targetHints":{"allow":["GET"]}}],"collection":[{"href":"https:\/\/totalblue.ro\/fr\/wp-json\/wp\/v2\/product"}],"about":[{"href":"https:\/\/totalblue.ro\/fr\/wp-json\/wp\/v2\/types\/product"}],"replies":[{"embeddable":true,"href":"https:\/\/totalblue.ro\/fr\/wp-json\/wp\/v2\/comments?post=23756"}],"wp:featuredmedia":[{"embeddable":true,"href":"https:\/\/totalblue.ro\/fr\/wp-json\/wp\/v2\/media\/23812"}],"wp:attachment":[{"href":"https:\/\/totalblue.ro\/fr\/wp-json\/wp\/v2\/media?parent=23756"}],"wp:term":[{"taxonomy":"product_brand","embeddable":true,"href":"https:\/\/totalblue.ro\/fr\/wp-json\/wp\/v2\/product_brand?post=23756"},{"taxonomy":"product_cat","embeddable":true,"href":"https:\/\/totalblue.ro\/fr\/wp-json\/wp\/v2\/product_cat?post=23756"},{"taxonomy":"giftcard-category","embeddable":true,"href":"https:\/\/totalblue.ro\/fr\/wp-json\/wp\/v2\/giftcard-category?post=23756"}],"curies":[{"name":"wp","href":"https:\/\/api.w.org\/{rel}","templated":true}]}}