{"id":23786,"date":"2020-07-30T01:25:39","date_gmt":"2020-07-29T22:25:39","guid":{"rendered":"https:\/\/totalorange.ro\/produs\/import-placeholder-for-26184\/"},"modified":"2024-06-07T10:51:03","modified_gmt":"2024-06-07T07:51:03","slug":"bautura-carbogazoasa-coca-cola-0-5-litri","status":"publish","type":"product","link":"https:\/\/totalblue.ro\/fr\/produs\/bautura-carbogazoasa-coca-cola-0-5-litri\/","title":{"rendered":"Coca-Cola boisson gazeuse 0,5 litre"},"content":{"rendered":"<p>Produsa pentru prima data in 1944 si brevetata initial ca medicament, Coca-Cola este astazi vanduta in magazine si restaurante din peste 200 de tari. Sticla de 0.5 litri de Coca-Cola nu poate lipsi din casa ta, indiferent de anotimp. Vara te racoreste si te hidrateaza, iarna iti da energie si te binedispune. Nicio petrecere nu este completa fara un pahar de Coca-Cola si nicio zi nu este la fel de eficienta la birou fara bautura ta racoritoare preferata. Comanda online sticla de 0.5 litri de Coca-Cola pentru a te rasfata cu gustul original cu fiecare ocazie.<br \/>\nMarque : Coca-Cola<br \/>\nCantitate: 0.5 litri<\/p>\n<table border=\"2\" cellspacing=\"0\" cellpadding=\"0\">\n<tbody>\n<tr>\n<td class=\"xl63\" width=\"151\" height=\"24\"><strong>La nutrition<\/strong><\/td>\n<td class=\"xl64\" width=\"196\"><strong>\u00a0<\/strong><\/td>\n<\/tr>\n<tr>\n<td class=\"xl64\" height=\"20\"><strong>\u00a0<\/strong><\/td>\n<td class=\"xl64\"><strong>\u00a0<\/strong><\/td>\n<\/tr>\n<tr>\n<td class=\"xl65\" width=\"151\" height=\"20\"><strong>Graisses<\/strong><\/td>\n<td class=\"xl65\" width=\"196\"><strong>0 g\/100 ml<\/strong><\/td>\n<\/tr>\n<tr>\n<td class=\"xl66\" width=\"151\" height=\"20\">Valeur \u00e9nerg\u00e9tique<\/td>\n<td class=\"xl66\" width=\"196\">42 kcal\/100 ml<\/td>\n<\/tr>\n<tr>\n<td class=\"xl66\" width=\"151\" height=\"20\">Glucides<\/td>\n<td class=\"xl66\" width=\"196\">10,6 g\/100 ml<\/td>\n<\/tr>\n<tr>\n<td class=\"xl66\" width=\"151\" height=\"20\">Sodium<\/td>\n<td class=\"xl66\" width=\"196\">0 g\/100 ml<\/td>\n<\/tr>\n<tr>\n<td class=\"xl66\" width=\"151\" height=\"20\">Prot\u00e9ines<\/td>\n<td class=\"xl66\" width=\"196\">0 g\/100 ml<\/td>\n<\/tr>\n<\/tbody>\n<\/table>\n<p>Ingr\u00e9dient<br \/>\nEau, sucre, dioxyde de carbone, colorant E150, acidifiant acide phosphorique, ar\u00f4mes naturels dont caf\u00e9ine.<\/p>\n<p>Conserver au frais, \u00e0 l'abri de la lumi\u00e8re directe du soleil.Consomm\u00e9 avec prudence par les personnes ayant des indications m\u00e9dicales concernant la consommation de produits contenant du sucre ou ses d\u00e9riv\u00e9s.Contient de la caf\u00e9ine.<\/p>\n<p>NOTA!!! Datorita greutatii si volumului destul de mare, urmatoarele produse se livreaza DOAR in Bucuresti si Ilfov ( localitati selectate ):<br \/>\n- eau min\u00e9rale \/ eau plate conditionn\u00e9e en 1,5l \/ 2l \/ 5l pet.<br \/>\n&#8211; sucuri carbogazoase ambalate la pet 0,5l, 1,25l, 1,5l \/ 2l \/ 2,5l.<\/p>","protected":false},"excerpt":{"rendered":"<p>NOTA!!! Datorita greutatii si volumului destul de mare, urmatoarele produse se livreaza DOAR in Bucuresti si Ilfov ( localitati selectate ):<br \/>\n- eau min\u00e9rale \/ eau plate conditionn\u00e9e en 1,5l \/ 2l \/ 5l pet.<br \/>\n&#8211; sucuri carbogazoase ambalate la pet 0,5L, 1,25l, 1,5l \/ 2l \/ 2,5l.<\/p>","protected":false},"featured_media":23826,"comment_status":"open","ping_status":"closed","template":"","meta":{"_acf_changed":false,"_seopress_robots_primary_cat":"none","_seopress_titles_title":"","_seopress_titles_desc":"","_seopress_robots_index":""},"product_brand":[1814],"product_cat":[1354],"giftcard-category":[],"class_list":{"0":"post-23786","1":"product","2":"type-product","3":"status-publish","4":"has-post-thumbnail","6":"product_brand-coca-cola","7":"product_cat-apa-plata-apa-minerala-sucuri","9":"first","10":"outofstock","11":"taxable","12":"shipping-taxable","13":"purchasable","14":"product-type-simple"},"acf":[],"_links":{"self":[{"href":"https:\/\/totalblue.ro\/fr\/wp-json\/wp\/v2\/product\/23786","targetHints":{"allow":["GET"]}}],"collection":[{"href":"https:\/\/totalblue.ro\/fr\/wp-json\/wp\/v2\/product"}],"about":[{"href":"https:\/\/totalblue.ro\/fr\/wp-json\/wp\/v2\/types\/product"}],"replies":[{"embeddable":true,"href":"https:\/\/totalblue.ro\/fr\/wp-json\/wp\/v2\/comments?post=23786"}],"wp:featuredmedia":[{"embeddable":true,"href":"https:\/\/totalblue.ro\/fr\/wp-json\/wp\/v2\/media\/23826"}],"wp:attachment":[{"href":"https:\/\/totalblue.ro\/fr\/wp-json\/wp\/v2\/media?parent=23786"}],"wp:term":[{"taxonomy":"product_brand","embeddable":true,"href":"https:\/\/totalblue.ro\/fr\/wp-json\/wp\/v2\/product_brand?post=23786"},{"taxonomy":"product_cat","embeddable":true,"href":"https:\/\/totalblue.ro\/fr\/wp-json\/wp\/v2\/product_cat?post=23786"},{"taxonomy":"giftcard-category","embeddable":true,"href":"https:\/\/totalblue.ro\/fr\/wp-json\/wp\/v2\/giftcard-category?post=23786"}],"curies":[{"name":"wp","href":"https:\/\/api.w.org\/{rel}","templated":true}]}}