{"id":23789,"date":"2020-07-30T01:25:41","date_gmt":"2020-07-29T22:25:41","guid":{"rendered":"https:\/\/totalorange.ro\/produs\/import-placeholder-for-26190\/"},"modified":"2024-06-07T10:51:47","modified_gmt":"2024-06-07T07:51:47","slug":"bautura-carbogazoasa-pepsi-cola-1-25-litri","status":"publish","type":"product","link":"https:\/\/totalblue.ro\/fr\/produs\/bautura-carbogazoasa-pepsi-cola-1-25-litri\/","title":{"rendered":"Pepsi-Cola boisson gazeuse 1,25 litres"},"content":{"rendered":"<p>Pepsi cola, gustul original de pepsi gata sa te scoata din cotidian! Inca din anul 1893, bautura racoritoare carbogazoasa pepsi, da frau spiritului liber in toata lumea.. A se pastra la loc uscat si racoros, ferit de inghet si de razele soarelui. Sugestie de consum: a se servi rece, intre 4 si 8 grade celsius.<br \/>\nBrand: Pepsi<br \/>\nQuantit\u00e9 : 1,25 litre<\/p>\n<table border=\"2\" cellspacing=\"0\" cellpadding=\"0\">\n<tbody>\n<tr>\n<td class=\"xl63\" width=\"151\" height=\"24\"><strong>La nutrition<\/strong><\/td>\n<td class=\"xl64\" width=\"196\"><strong>\u00a0<\/strong><\/td>\n<\/tr>\n<tr>\n<td class=\"xl64\" height=\"20\"><strong>\u00a0<\/strong><\/td>\n<td class=\"xl64\"><strong>\u00a0<\/strong><\/td>\n<\/tr>\n<tr>\n<td class=\"xl65\" width=\"151\" height=\"20\"><strong>Graisses<\/strong><\/td>\n<td class=\"xl65\" width=\"196\"><strong>0 g\/100 ml<\/strong><\/td>\n<\/tr>\n<tr>\n<td class=\"xl66\" width=\"151\" height=\"20\">Valeur \u00e9nerg\u00e9tique<\/td>\n<td class=\"xl66\" width=\"196\">43 kcal\/100 ml<\/td>\n<\/tr>\n<tr>\n<td class=\"xl66\" width=\"151\" height=\"20\">Glucides<\/td>\n<td class=\"xl66\" width=\"196\">11 g\/100 ml<\/td>\n<\/tr>\n<tr>\n<td class=\"xl66\" width=\"151\" height=\"20\">Sodium<\/td>\n<td class=\"xl66\" width=\"196\">&lt;0.01 g\/100 ml<\/td>\n<\/tr>\n<tr>\n<td class=\"xl66\" width=\"151\" height=\"20\">Prot\u00e9ines<\/td>\n<td class=\"xl66\" width=\"196\">0 g\/100 ml<\/td>\n<\/tr>\n<\/tbody>\n<\/table>\n<p>Ingr\u00e9dient<br \/>\nApa, dioxid de carbon, sirop de fructoza din porumb, zahar, colorant (caramel(E150d)), acidifiant (acid fosforic), cofeina (10,4 mg \/100ml), aroma.<br \/>\nContine cofeina.<\/p>\n<p>Conserver au frais, \u00e0 l'abri de la lumi\u00e8re directe du soleil.Consomm\u00e9 avec prudence par les personnes ayant des indications m\u00e9dicales concernant la consommation de produits contenant du sucre ou ses d\u00e9riv\u00e9s.Contient de la caf\u00e9ine.<\/p>\n<p>NOTE !!!! En raison du poids et du volume, les produits suivants sont livr\u00e9s UNIQUEMENT \u00e0 Bucarest et Ilfov :<br \/>\n- eau min\u00e9rale \/ eau plate conditionn\u00e9e en 1,5l \/ 2l \/ 5l pet.<br \/>\n- jus gazeux conditionn\u00e9s en 1,25l, 1,5l \/ 2l \/ 2,5l pet.<\/p>","protected":false},"excerpt":{"rendered":"<p>NOTE !!!! En raison du poids et du volume, les produits suivants sont livr\u00e9s UNIQUEMENT \u00e0 Bucarest et Ilfov :<br \/>\n- eau min\u00e9rale \/ eau plate conditionn\u00e9e en 1,5l \/ 2l \/ 5l pet.<br \/>\n- jus gazeux conditionn\u00e9s en 1,25l, 1,5l \/ 2l \/ 2,5l pet.<\/p>","protected":false},"featured_media":23829,"comment_status":"open","ping_status":"closed","template":"","meta":{"_acf_changed":false,"_seopress_robots_primary_cat":"none","_seopress_titles_title":"","_seopress_titles_desc":"","_seopress_robots_index":""},"product_brand":[1895],"product_cat":[1354],"giftcard-category":[],"class_list":{"0":"post-23789","1":"product","2":"type-product","3":"status-publish","4":"has-post-thumbnail","6":"product_brand-pepsi","7":"product_cat-apa-plata-apa-minerala-sucuri","9":"first","10":"outofstock","11":"taxable","12":"shipping-taxable","13":"purchasable","14":"product-type-simple"},"acf":[],"_links":{"self":[{"href":"https:\/\/totalblue.ro\/fr\/wp-json\/wp\/v2\/product\/23789","targetHints":{"allow":["GET"]}}],"collection":[{"href":"https:\/\/totalblue.ro\/fr\/wp-json\/wp\/v2\/product"}],"about":[{"href":"https:\/\/totalblue.ro\/fr\/wp-json\/wp\/v2\/types\/product"}],"replies":[{"embeddable":true,"href":"https:\/\/totalblue.ro\/fr\/wp-json\/wp\/v2\/comments?post=23789"}],"wp:featuredmedia":[{"embeddable":true,"href":"https:\/\/totalblue.ro\/fr\/wp-json\/wp\/v2\/media\/23829"}],"wp:attachment":[{"href":"https:\/\/totalblue.ro\/fr\/wp-json\/wp\/v2\/media?parent=23789"}],"wp:term":[{"taxonomy":"product_brand","embeddable":true,"href":"https:\/\/totalblue.ro\/fr\/wp-json\/wp\/v2\/product_brand?post=23789"},{"taxonomy":"product_cat","embeddable":true,"href":"https:\/\/totalblue.ro\/fr\/wp-json\/wp\/v2\/product_cat?post=23789"},{"taxonomy":"giftcard-category","embeddable":true,"href":"https:\/\/totalblue.ro\/fr\/wp-json\/wp\/v2\/giftcard-category?post=23789"}],"curies":[{"name":"wp","href":"https:\/\/api.w.org\/{rel}","templated":true}]}}