{"id":23795,"date":"2020-07-30T01:26:05","date_gmt":"2020-07-29T22:26:05","guid":{"rendered":"https:\/\/totalorange.ro\/produs\/import-placeholder-for-26197\/"},"modified":"2026-03-23T16:29:57","modified_gmt":"2026-03-23T14:29:57","slug":"boisson-gazeuse-coca-cola-1-25-litres","status":"publish","type":"product","link":"https:\/\/totalblue.ro\/fr\/produs\/bautura-carbogazoasa-coca-cola-1-25-litri\/","title":{"rendered":"Coca-Cola boisson gazeuse 1,25 litres"},"content":{"rendered":"<p>Produit pour la premi\u00e8re fois en 1944 et brevet\u00e9 \u00e0 l'origine comme m\u00e9dicament, le Coca-Cola est aujourd'hui vendu dans les magasins et les restaurants de plus de 200 pays. La bouteille de 1,25 litre de Coca-Cola est un must dans votre maison, quelle que soit la saison. En \u00e9t\u00e9, elle rafra\u00eechit et hydrate, en hiver, elle donne de l'\u00e9nergie et vous dynamise. Aucune f\u00eate n'est compl\u00e8te sans un verre de Coca-Cola, et aucune journ\u00e9e au bureau n'est aussi efficace sans votre boisson gazeuse pr\u00e9f\u00e9r\u00e9e. Commandez votre bouteille de 1,25 litre de Coca-Cola en ligne pour savourer le go\u00fbt original en toute occasion.<br \/>\nMarque : Coca-Cola<br \/>\nQuantit\u00e9 : 1,25 litre<\/p>\n<table border=\"2\" cellspacing=\"0\" cellpadding=\"0\">\n<tbody>\n<tr>\n<td class=\"xl63\" width=\"151\" height=\"24\"><strong>La nutrition<\/strong><\/td>\n<td class=\"xl64\" width=\"196\"><strong>\u00a0<\/strong><\/td>\n<\/tr>\n<tr>\n<td class=\"xl64\" height=\"20\"><strong>\u00a0<\/strong><\/td>\n<td class=\"xl64\"><strong>\u00a0<\/strong><\/td>\n<\/tr>\n<tr>\n<td class=\"xl65\" width=\"151\" height=\"20\"><strong>Graisses<\/strong><\/td>\n<td class=\"xl65\" width=\"196\"><strong>0 g\/100 ml<\/strong><\/td>\n<\/tr>\n<tr>\n<td class=\"xl66\" width=\"151\" height=\"20\">Valeur \u00e9nerg\u00e9tique<\/td>\n<td class=\"xl66\" width=\"196\">42 kcal\/100 ml<\/td>\n<\/tr>\n<tr>\n<td class=\"xl66\" width=\"151\" height=\"20\">Glucides<\/td>\n<td class=\"xl66\" width=\"196\">10,6 g\/100 ml<\/td>\n<\/tr>\n<tr>\n<td class=\"xl66\" width=\"151\" height=\"20\">Sodium<\/td>\n<td class=\"xl66\" width=\"196\">0 g\/100 ml<\/td>\n<\/tr>\n<tr>\n<td class=\"xl66\" width=\"151\" height=\"20\">Prot\u00e9ines<\/td>\n<td class=\"xl66\" width=\"196\">0 g\/100 ml<\/td>\n<\/tr>\n<\/tbody>\n<\/table>\n<p>Ingr\u00e9dient<br \/>\nEau, sucre, dioxyde de carbone, colorant E150, acidifiant acide phosphorique, ar\u00f4mes naturels dont caf\u00e9ine.<\/p>\n<p>Conserver au frais, \u00e0 l'abri de la lumi\u00e8re directe du soleil.Consomm\u00e9 avec prudence par les personnes ayant des indications m\u00e9dicales concernant la consommation de produits contenant du sucre ou ses d\u00e9riv\u00e9s.Contient de la caf\u00e9ine.<\/p>\n<p><strong>NOTE !!!! En raison du poids et du volume, les produits suivants sont livr\u00e9s UNIQUEMENT \u00e0 Bucarest et Ilfov :<br \/>\n- eau min\u00e9rale \/ eau plate conditionn\u00e9e en 1,5l \/ 2l \/ 5l pet.<br \/>\n- jus gazeux conditionn\u00e9s en 1,25l, 1,5l \/ 2l \/ 2,5l pet.<\/strong><\/p>","protected":false},"excerpt":{"rendered":"<p>NOTE !!!! En raison du poids et du volume, les produits suivants sont livr\u00e9s UNIQUEMENT \u00e0 Bucarest et Ilfov :<br \/>\n- eau min\u00e9rale \/ eau plate conditionn\u00e9e en 1,5l \/ 2l \/ 5l pet.<br \/>\n- jus gazeux conditionn\u00e9s en 1,25l, 1,5l \/ 2l \/ 2,5l pet.<\/p>","protected":false},"featured_media":23831,"comment_status":"open","ping_status":"closed","template":"","meta":{"_acf_changed":false,"_seopress_robots_primary_cat":"none","_seopress_titles_title":"Bautura carbogazoasa Coca-Cola 1.25 litri","_seopress_titles_desc":"Vrei sa cumperi coca-cola? Comanda online de pe Total Blue bautura acidulata coca cola de 1.25 litri, livrare imediata din stoc, coca cola la sticla,","_seopress_robots_index":""},"product_brand":[1814],"product_cat":[1354],"giftcard-category":[],"class_list":{"0":"post-23795","1":"product","2":"type-product","3":"status-publish","4":"has-post-thumbnail","6":"product_brand-coca-cola","7":"product_cat-apa-plata-apa-minerala-sucuri","9":"first","10":"outofstock","11":"taxable","12":"shipping-taxable","13":"purchasable","14":"product-type-simple"},"acf":[],"_links":{"self":[{"href":"https:\/\/totalblue.ro\/fr\/wp-json\/wp\/v2\/product\/23795","targetHints":{"allow":["GET"]}}],"collection":[{"href":"https:\/\/totalblue.ro\/fr\/wp-json\/wp\/v2\/product"}],"about":[{"href":"https:\/\/totalblue.ro\/fr\/wp-json\/wp\/v2\/types\/product"}],"replies":[{"embeddable":true,"href":"https:\/\/totalblue.ro\/fr\/wp-json\/wp\/v2\/comments?post=23795"}],"wp:featuredmedia":[{"embeddable":true,"href":"https:\/\/totalblue.ro\/fr\/wp-json\/wp\/v2\/media\/23831"}],"wp:attachment":[{"href":"https:\/\/totalblue.ro\/fr\/wp-json\/wp\/v2\/media?parent=23795"}],"wp:term":[{"taxonomy":"product_brand","embeddable":true,"href":"https:\/\/totalblue.ro\/fr\/wp-json\/wp\/v2\/product_brand?post=23795"},{"taxonomy":"product_cat","embeddable":true,"href":"https:\/\/totalblue.ro\/fr\/wp-json\/wp\/v2\/product_cat?post=23795"},{"taxonomy":"giftcard-category","embeddable":true,"href":"https:\/\/totalblue.ro\/fr\/wp-json\/wp\/v2\/giftcard-category?post=23795"}],"curies":[{"name":"wp","href":"https:\/\/api.w.org\/{rel}","templated":true}]}}