{"id":240237,"date":"2025-09-11T13:04:14","date_gmt":"2025-09-11T10:04:14","guid":{"rendered":"https:\/\/totalblue.ro\/?post_type=product&#038;p=240237"},"modified":"2026-01-26T09:36:51","modified_gmt":"2026-01-26T07:36:51","slug":"lapte-de-continuare-nestle-beba-expert-ha-3-10-luni-550-g","status":"publish","type":"product","link":"https:\/\/totalblue.ro\/fr\/produs\/lapte-de-continuare-nestle-beba-expert-ha-3-10-luni-550-g\/","title":{"rendered":"Lait de suite Nestl\u00e9 BEBA BEBA Expert HA 3, 10+ mois 550 g"},"content":{"rendered":"<p>Formula de lapte praf BEBA EXpert HA 3 este recomandata pentru varsta de 10+luni.<br \/>\nNestl\u00e9 BEBA 3 este adaptat nevoilor nutritionale specifice ale bebelusului dumneavoastra incepand cu varsta de 10 luni, daca i se ofera o hrana complementara adecvata si sprijina dezvoltarea sanatoasa a acestuia.<br \/>\nFormula hidrolizata pentru sugari: Cu proteine \u200b\u200busor descompuse (hidrolizate), testata stiintific<br \/>\nContine DHA (acid gras omega-3) din ulei de alge (obligatoriu din punct de vedere legal pentru formula de sugari)<br \/>\nBEBA EXPERT HA Formula pentru sugari cu uleiuri vegetale si fara ulei de palmier<br \/>\nFormula pentru sugari de la nastere: Potrivita pentru hranire suplimentara sau ca unica formula pentru sugari daca nu este alaptat si atata timp cat doriti sa ii oferiti bebelusului dumneavoastra o formula<br \/>\nA se pastra in ambalajul original inchis la temperatura camerei (max 25 \u00b0C) si in conditii uscate de depozitare. Dupa deschidere consumati in maxim 28 de zile.<br \/>\n<strong>Ingr\u00e9dient : <\/strong>\u00a0lactoza (din lapte), uleiuri vegetale 22,4% (floarea-soarelui, rapita), proteina hidrolizata din zer, citrat de calciu, ortofosfati de calciu, ortofosfati de potasiu, clorura de potasiu, clorura de magneziu, ulei din Mortierella alpina, ulei din microalga Schizochytrium sp. (T18), ortofosfati de sodiu, amestec de vitamine (vitamina C, acid pantotenic, vitamina E, niacina, riboflavina, tiamina, vitamina A, vitamina B6, acid folic, vitamina K, biotina, vitamina D, vitamina B12), L-arginina, L-histidina, L-fenilalanina, culturi de acid lactic (L. reuteri)*, sulfat de fier, sulfat de zinc, sulfat de cupru, manganasulfat, iodura de potasiu, selenat de sodiu. *L. reuteri (DSM17938) este utilizat exclusiv sub licenta BIOGAIA.<br \/>\n<strong>Utilizare:<\/strong><br \/>\n1. Fierbeti apa si lasati sa se raceasca la 40<span class=\"\">\u00b0C<\/span>.<br \/>\n2. <span class=\"goog-text-highlight\">Turnati 2\/3 din cantitatea necesara de apa in biberon.<br \/>\n3. Masurati si adaugati cantitatea necesara de lapte praf in functie de varsta bebelusului folosind lingurita de masurare inclusa in cutie.<br \/>\n4. Inchideti biberonul si agitati.<br \/>\n5. Adaugati cantitatea ramasa de apa si agitati bine.<br \/>\n6. Verificati continutul biberonului pentru temperatura de baut (aprox. 37\u00b0C). <\/span><\/p>\n<p><a href=\"https:\/\/racekids.ro\/wp-content\/uploads\/2022\/04\/little-steps-2-mod-de-pregatire.jpg\"><img loading=\"lazy\" decoding=\"async\" class=\"alignnone size-full wp-image-63216\" src=\"https:\/\/racekids.ro\/wp-content\/uploads\/2022\/04\/little-steps-2-mod-de-pregatire.jpg\" alt=\"\" width=\"725\" height=\"543\" \/><\/a><\/p>\n<article class=\"contentContainerTyp12\" data-qa-id=\"ProductPreparationContentFeeding\">\n<table class=\"contentTable\" border=\"2\" data-qa-id=\"ProductFeeding\">\n<tbody>\n<tr align=\"center\" data-qa-id=\"ProductFeedingRow\">\n<th data-qa-id=\"ProductFeedingColumn\">Varsta bebe<\/th>\n<th data-qa-id=\"ProductFeedingColumn\">Biberon\/zi<\/th>\n<th data-qa-id=\"ProductFeedingColumn\">Continut biberon<br \/>\n(ml)<\/th>\n<th data-qa-id=\"ProductFeedingColumn\">Apa necesara<br \/>\nper biberon (ml)<\/th>\n<th data-qa-id=\"ProductFeedingColumn\">Lingura de masurare<br \/>\nBEBA 3<\/th>\n<\/tr>\n<tr align=\"center\" data-qa-id=\"ProductFeedingRow\">\n<td data-qa-id=\"ProductFeedingTitle\">10 luni<\/td>\n<td data-qa-id=\"ProductFeedingTitle\">1-2<\/td>\n<td data-qa-id=\"ProductFeedingTitle\">235<\/td>\n<td data-qa-id=\"ProductFeedingTitle\">210<\/td>\n<td data-qa-id=\"ProductFeedingTitle\">7<\/td>\n<\/tr>\n<\/tbody>\n<\/table>\n<\/article>\n<article class=\"tab-content__item\">\n<section class=\"tab-content__item\" data-qa-id=\"ProductPreparationSpoonweight\">1 lingur\u0103 de m\u0103surare nivel\u0103 = aproximativ 4,3 g BEBA 3<\/section>\n<\/article>\n<p><span class=\"goog-text-highlight\">\u00a0<\/span><\/p>\n<div id=\"tab-description\" class=\"woocommerce-Tabs-panel woocommerce-Tabs-panel--description panel entry-content active\" role=\"tabpanel\" aria-labelledby=\"tab-title-description\">\n<section data-qa-id=\"ProductPreparationSpoonweight\">Informatii nutritionale \/ 100ml<br \/>\nEnergie (kcal) \u200e65,00 kcal<\/section>\n<section data-qa-id=\"ProductPreparationSpoonweight\">Grasimi \u200e3,1 g<\/section>\n<section data-qa-id=\"ProductPreparationSpoonweight\">din care:<\/section>\n<section data-qa-id=\"ProductPreparationSpoonweight\">\u2013 Acizi grasi saturati \u200e0,3 g<\/section>\n<section data-qa-id=\"ProductPreparationSpoonweight\">\u2013 Acizi grasi mononesaturati \u200e2,0 g<\/section>\n<section data-qa-id=\"ProductPreparationSpoonweight\">\u2013 Acizi grasi polinesaturati \u200e0,6 g<\/section>\n<section data-qa-id=\"ProductPreparationSpoonweight\">Carbohidrati \u200e8,1 g<\/section>\n<section data-qa-id=\"ProductPreparationSpoonweight\">din care:<\/section>\n<section data-qa-id=\"ProductPreparationSpoonweight\">\u2013 Zaharuri \u200e8,1 g<\/section>\n<section data-qa-id=\"ProductPreparationSpoonweight\">Proteine \u200b\u200b\u200e1,2 g<\/section>\n<section data-qa-id=\"ProductPreparationSpoonweight\">Sodiu \u200e27 miligrame<\/section>\n<section data-qa-id=\"ProductPreparationSpoonweight\">Vitamina A \u200e55,7 micrograme (6,96% VNR)<\/section>\n<section data-qa-id=\"ProductPreparationSpoonweight\">Vitamina D \u200e1,6 micrograme (32% VNR)<br \/>\nVitamina E \u200e1,6 miligrame (13,33% VNR)<\/section>\n<section data-qa-id=\"ProductPreparationSpoonweight\">Vitamina K \u200e4,8 micrograme (6,4% VNR)<\/section>\n<section data-qa-id=\"ProductPreparationSpoonweight\">Vitamina C \u200e9,3 miligrame (11,62% VNR)<\/section>\n<section data-qa-id=\"ProductPreparationSpoonweight\">Tiamina \u200e0,066 miligrame (6% VNR)<br \/>\nNiacina \u200e0,60 miligrame (3,75% VNR) VNR)<\/section>\n<section data-qa-id=\"ProductPreparationSpoonweight\">Vitamina B6 \u200e0,048 miligrame (3,43% VNR)<\/section>\n<section data-qa-id=\"ProductPreparationSpoonweight\">Vitamina B12 \u200e0,17 micrograme (6,8% VNR)<\/section>\n<section data-qa-id=\"ProductPreparationSpoonweight\">Biotina \u200e1,6 micrograme (3,2% VNR)<\/section>\n<section data-qa-id=\"ProductPreparationSpoonweight\">Acid pantotenic \u200e0,72 miligrame (12% VNR)<\/section>\n<section data-qa-id=\"ProductPreparationSpoonweight\">Potasiu \u200e74,9 miligrame (3,74% VNR)<\/section>\n<section data-qa-id=\"ProductPreparationSpoonweight\">Clorura \u200e49,1 miligrame (6,14% VNR)<\/section>\n<section data-qa-id=\"ProductPreparationSpoonweight\">Calciu \u200e67,0 miligrame (8,38% VNR)<\/section>\n<section data-qa-id=\"ProductPreparationSpoonweight\">Fosfor \u200e42,2 miligrame (6,03% VNR)<\/section>\n<section data-qa-id=\"ProductPreparationSpoonweight\">Magneziu \u200e6,63 miligrame (1,77% VNR)<br \/>\nFier \u200e1,0 miligrame (7,14% VNR)<\/section>\n<section data-qa-id=\"ProductPreparationSpoonweight\">Zinc \u200e0,49 miligrame (4,9% VNR)<\/section>\n<section data-qa-id=\"ProductPreparationSpoonweight\">Cupru \u200e0,050 miligrame (5% VNR)<\/section>\n<section data-qa-id=\"ProductPreparationSpoonweight\">Mangan \u200e0,015 miligrame (0,75% VNR)<\/section>\n<section data-qa-id=\"ProductPreparationSpoonweight\">Fluorura \u200e&lt;0,0080 miligrame (&lt;0,23% VNR)<\/section>\n<section data-qa-id=\"ProductPreparationSpoonweight\">Seleniu \u200e3,7 micrograme (6,73% VNR)<\/section>\n<section data-qa-id=\"ProductPreparationSpoonweight\">Iod \u200e13,0 micrograme (8,67% VNR)\u00a0<\/section>\n<\/div>","protected":false},"excerpt":{"rendered":"<p>Formula de lapte praf BEBA EXpert HA 3 este recomandata pentru varsta de 10+luni. Nestl\u00e9 BEBA 3 este adaptat nevoilor nutritionale specifice ale bebelusului dumneavoastra incepand cu varsta de 10 luni, daca i se ofera o hrana complementara adecvata si sprijina dezvoltarea sanatoasa a acestuia. Formula hidrolizata pentru sugari: Cu proteine \u200b\u200busor descompuse (hidrolizate), testata [&#8230;]\n","protected":false},"featured_media":240241,"comment_status":"open","ping_status":"closed","template":"","meta":{"_acf_changed":false,"_seopress_robots_primary_cat":"1767","_seopress_titles_title":"","_seopress_titles_desc":"","_seopress_robots_index":""},"product_brand":[6197],"product_cat":[1984,1520,20200,5677,1950,1767],"giftcard-category":[],"class_list":{"0":"post-240237","1":"product","2":"type-product","3":"status-publish","4":"has-post-thumbnail","6":"product_brand-nestle","7":"product_cat-hrana-bebelusi","8":"product_cat-mama-copilul","9":"product_cat-mancare-bebe","10":"product_cat-mancare-si-accesorii-bebe","11":"product_cat-produse-germania","12":"product_cat-produse-olanda","14":"first","15":"instock","16":"taxable","17":"shipping-taxable","18":"purchasable","19":"product-type-simple"},"acf":[],"_links":{"self":[{"href":"https:\/\/totalblue.ro\/fr\/wp-json\/wp\/v2\/product\/240237","targetHints":{"allow":["GET"]}}],"collection":[{"href":"https:\/\/totalblue.ro\/fr\/wp-json\/wp\/v2\/product"}],"about":[{"href":"https:\/\/totalblue.ro\/fr\/wp-json\/wp\/v2\/types\/product"}],"replies":[{"embeddable":true,"href":"https:\/\/totalblue.ro\/fr\/wp-json\/wp\/v2\/comments?post=240237"}],"wp:featuredmedia":[{"embeddable":true,"href":"https:\/\/totalblue.ro\/fr\/wp-json\/wp\/v2\/media\/240241"}],"wp:attachment":[{"href":"https:\/\/totalblue.ro\/fr\/wp-json\/wp\/v2\/media?parent=240237"}],"wp:term":[{"taxonomy":"product_brand","embeddable":true,"href":"https:\/\/totalblue.ro\/fr\/wp-json\/wp\/v2\/product_brand?post=240237"},{"taxonomy":"product_cat","embeddable":true,"href":"https:\/\/totalblue.ro\/fr\/wp-json\/wp\/v2\/product_cat?post=240237"},{"taxonomy":"giftcard-category","embeddable":true,"href":"https:\/\/totalblue.ro\/fr\/wp-json\/wp\/v2\/giftcard-category?post=240237"}],"curies":[{"name":"wp","href":"https:\/\/api.w.org\/{rel}","templated":true}]}}