{"id":24037,"date":"2020-08-06T16:22:46","date_gmt":"2020-08-06T13:22:46","guid":{"rendered":"https:\/\/totalorange.ro\/?post_type=product&#038;p=24037"},"modified":"2023-10-17T16:48:45","modified_gmt":"2023-10-17T13:48:45","slug":"croissant-cu-umplutura-de-vanilie-si-capsune-80g","status":"publish","type":"product","link":"https:\/\/totalblue.ro\/fr\/produs\/croissant-cu-umplutura-de-vanilie-si-capsune-80g\/","title":{"rendered":"Croissant fourr\u00e9 \u00e0 la vanille et \u00e0 la fraise 80g"},"content":{"rendered":"<p>Croissant cu umplutura cu aroma de vanilie si umplutura de capsune 80 grame<br \/>\nMarque : 7Days<br \/>\nQuantit\u00e9 : 80 grammes.<br \/>\nEmball\u00e9 sous atmosph\u00e8re protectrice.<br \/>\n<strong>Ingr\u00e9dient :<\/strong><br \/>\nAluat: faina de GRAU, uleiuri vegetale (palmier, floarea soarelui), zahar, sirop de glucoza-fructoza, drojdie, sare iodata, stabilizator (mono- si digliceride ale acizilor grasi), vanilina, corector de aciditate (acid citric), conservanti (propionat de calciu, sorbat de potasiu). Umplutura cu aroma de vanilie 14%: zahar, ulei de palmier, LAPTE praf degresat, dextroza, alcool etilic, praf de galbenus de OU, emulsifiant (esteri poliglicerici ai acizilor grasi), stabilizator (guma de celuloza), corectori de aciditate (difosfat disodic, acid fosforic), aroma de vanilie, conservant (sorbat de potasiu), LACTOZA (LAPTE). Umplutura de capsune 14%: sirop de glucoza-fructoza, capsune 30%, zahar, agent gelatinizant (pectina), corector de aciditate (acid citric), aroma naturala, conservant (Sorbat de potasiu).<br \/>\n<strong>Allerg\u00e8nes<\/strong><br \/>\nContine: gluten, lapte si oua. Fabricat intr-o unitate care utilizeaza ca materii prime: arahide, alune de padure, migdale, produse din soia, susan.<br \/>\n<strong>D\u00e9tails de l'utilisation :<\/strong><br \/>\nConserver dans un endroit frais et sec, \u00e0 l'abri de l'humidit\u00e9.<\/p>\n<p><strong>La nutrition<\/strong><\/p>\n<div class=\"wrapper-table-responsive m-t-3\">\n<table class=\"table table-striped table-bordered table-responsive TableResponsive responsive\">\n<thead>\n<tr>\n<th>Graisses<\/th>\n<th>24 g\/100 g<\/th>\n<\/tr>\n<\/thead>\n<tbody>\n<tr>\n<td>Valeur \u00e9nerg\u00e9tique<\/td>\n<td>429 kcal\/100 g<\/td>\n<\/tr>\n<tr>\n<td>Glucides<\/td>\n<td>47 g\/100 g<\/td>\n<\/tr>\n<tr>\n<td>Sodium<\/td>\n<td>0.40 g\/100 g<\/td>\n<\/tr>\n<tr>\n<td>Prot\u00e9ines<\/td>\n<td>5.5 g\/100 g<\/td>\n<\/tr>\n<tr>\n<td>Graisses satur\u00e9es<\/td>\n<td>12 g\/100 g<\/td>\n<\/tr>\n<\/tbody>\n<\/table>\n<\/div>","protected":false},"excerpt":{"rendered":"<p>Croissant cu umplutura cu aroma de vanilie si umplutura de capsune<\/p>","protected":false},"featured_media":24038,"comment_status":"open","ping_status":"closed","template":"","meta":{"_acf_changed":false,"_seopress_robots_primary_cat":"none","_seopress_titles_title":"","_seopress_titles_desc":"Cauti Croissant cu umplutura cu aroma de vanilie si umplutura de capsune? Livrare rapida, pret avantajos , cornuri cu umplutura vanilie si capsune 7Days.","_seopress_robots_index":""},"product_brand":[1783],"product_cat":[1555,1506],"giftcard-category":[],"class_list":{"0":"post-24037","1":"product","2":"type-product","3":"status-publish","4":"has-post-thumbnail","6":"product_brand-7days","7":"product_cat-bacanie","8":"product_cat-cafea-ceai-mic-dejun","10":"first","11":"outofstock","12":"taxable","13":"shipping-taxable","14":"purchasable","15":"product-type-simple"},"acf":[],"_links":{"self":[{"href":"https:\/\/totalblue.ro\/fr\/wp-json\/wp\/v2\/product\/24037","targetHints":{"allow":["GET"]}}],"collection":[{"href":"https:\/\/totalblue.ro\/fr\/wp-json\/wp\/v2\/product"}],"about":[{"href":"https:\/\/totalblue.ro\/fr\/wp-json\/wp\/v2\/types\/product"}],"replies":[{"embeddable":true,"href":"https:\/\/totalblue.ro\/fr\/wp-json\/wp\/v2\/comments?post=24037"}],"wp:featuredmedia":[{"embeddable":true,"href":"https:\/\/totalblue.ro\/fr\/wp-json\/wp\/v2\/media\/24038"}],"wp:attachment":[{"href":"https:\/\/totalblue.ro\/fr\/wp-json\/wp\/v2\/media?parent=24037"}],"wp:term":[{"taxonomy":"product_brand","embeddable":true,"href":"https:\/\/totalblue.ro\/fr\/wp-json\/wp\/v2\/product_brand?post=24037"},{"taxonomy":"product_cat","embeddable":true,"href":"https:\/\/totalblue.ro\/fr\/wp-json\/wp\/v2\/product_cat?post=24037"},{"taxonomy":"giftcard-category","embeddable":true,"href":"https:\/\/totalblue.ro\/fr\/wp-json\/wp\/v2\/giftcard-category?post=24037"}],"curies":[{"name":"wp","href":"https:\/\/api.w.org\/{rel}","templated":true}]}}