{"id":24041,"date":"2020-08-06T16:44:06","date_gmt":"2020-08-06T13:44:06","guid":{"rendered":"https:\/\/totalorange.ro\/?post_type=product&#038;p=24041"},"modified":"2023-01-23T13:38:02","modified_gmt":"2023-01-23T11:38:02","slug":"croissant-fourre-aux-cacahuetes-et-au-cacao-80g","status":"publish","type":"product","link":"https:\/\/totalblue.ro\/fr\/produs\/croissant-cu-umplutura-cu-aroma-de-arahide-si-cacao-80g\/","title":{"rendered":"Croissant fourr\u00e9 aux cacahu\u00e8tes et au cacao 80g"},"content":{"rendered":"<p>Croissant fourr\u00e9 aux cacahu\u00e8tes et au cacao 80g<br \/>\nMarque : 7Days<br \/>\nQuantit\u00e9 : 80 grammes.<br \/>\nEmball\u00e9 sous atmosph\u00e8re protectrice.<br \/>\n<strong>Ingr\u00e9dient :<\/strong><br \/>\nP\u00e2te : farine de bl\u00e9, huiles v\u00e9g\u00e9tales (huile de palme, huile de tournesol, huile de coton, huile de colza), sucre, \u00e9mulsifiant (mono- et diglyc\u00e9rides d'acides gras), sirop de glucose-fructose, levure, sel iod\u00e9, vanilline, conservateur (propionate de calcium 0.1%). 20% fourrage aux arachides (sucre, huile de palme, 25% p\u00e2te d'arachide, lait \u00e9cr\u00e9m\u00e9 en poudre, \u00e9mulsifiants (l\u00e9cithine de soja, mono- et diglyc\u00e9rides d'acides gras), sel iod\u00e9, ar\u00f4mes, vanilline), conservateur (sorbate de potassium 0,2%)).<br \/>\n<strong>Allerg\u00e8nes<\/strong><br \/>\nContient : gluten (bl\u00e9), arachides, soja et lait. Fabriqu\u00e9 dans une usine qui utilise \u00e9galement des \u0153ufs et des fruits \u00e0 coque.<br \/>\n<strong>D\u00e9tails de l'utilisation :<\/strong><br \/>\nConserver dans un endroit frais et sec, \u00e0 l'abri de l'humidit\u00e9.<\/p>\n<p><strong>La nutrition<\/strong><\/p>\n<div class=\"wrapper-table-responsive m-t-3\">\n<table class=\"table table-striped table-bordered table-responsive TableResponsive responsive\">\n<thead>\n<tr>\n<th>Graisses<\/th>\n<th>29 g\/100 g<\/th>\n<\/tr>\n<\/thead>\n<tbody>\n<tr>\n<td>Valeur \u00e9nerg\u00e9tique<\/td>\n<td>469 kcal\/100 g<\/td>\n<\/tr>\n<tr>\n<td>Glucides<\/td>\n<td>44 g\/100 g<\/td>\n<\/tr>\n<tr>\n<td>Fibre<\/td>\n<td>2 g\/100 g<\/td>\n<\/tr>\n<tr>\n<td>Sodium<\/td>\n<td>0,45 g\/100 g<\/td>\n<\/tr>\n<tr>\n<td>Prot\u00e9ines<\/td>\n<td>7 g\/100 g<\/td>\n<\/tr>\n<\/tbody>\n<\/table>\n<\/div>","protected":false},"excerpt":{"rendered":"<p>Croissant 7Days fourr\u00e9 aux cacahu\u00e8tes et au cacao 80g<\/p>","protected":false},"featured_media":24042,"comment_status":"open","ping_status":"closed","template":"","meta":{"_acf_changed":false,"_seopress_robots_primary_cat":"none","_seopress_titles_title":"","_seopress_titles_desc":"Cauti Croissant cu umplutura cu aroma de arahide si cacao? Livrare rapida, pret avantajos , cornuri cu umplutura arahide si cacao 7Days.","_seopress_robots_index":""},"product_brand":[1783],"product_cat":[1555,1506,7021],"giftcard-category":[],"class_list":{"0":"post-24041","1":"product","2":"type-product","3":"status-publish","4":"has-post-thumbnail","6":"product_brand-7days","7":"product_cat-bacanie","8":"product_cat-cafea-ceai-mic-dejun","9":"product_cat-dulciuri-snacks","11":"first","12":"outofstock","13":"taxable","14":"shipping-taxable","15":"purchasable","16":"product-type-simple"},"acf":[],"_links":{"self":[{"href":"https:\/\/totalblue.ro\/fr\/wp-json\/wp\/v2\/product\/24041","targetHints":{"allow":["GET"]}}],"collection":[{"href":"https:\/\/totalblue.ro\/fr\/wp-json\/wp\/v2\/product"}],"about":[{"href":"https:\/\/totalblue.ro\/fr\/wp-json\/wp\/v2\/types\/product"}],"replies":[{"embeddable":true,"href":"https:\/\/totalblue.ro\/fr\/wp-json\/wp\/v2\/comments?post=24041"}],"wp:featuredmedia":[{"embeddable":true,"href":"https:\/\/totalblue.ro\/fr\/wp-json\/wp\/v2\/media\/24042"}],"wp:attachment":[{"href":"https:\/\/totalblue.ro\/fr\/wp-json\/wp\/v2\/media?parent=24041"}],"wp:term":[{"taxonomy":"product_brand","embeddable":true,"href":"https:\/\/totalblue.ro\/fr\/wp-json\/wp\/v2\/product_brand?post=24041"},{"taxonomy":"product_cat","embeddable":true,"href":"https:\/\/totalblue.ro\/fr\/wp-json\/wp\/v2\/product_cat?post=24041"},{"taxonomy":"giftcard-category","embeddable":true,"href":"https:\/\/totalblue.ro\/fr\/wp-json\/wp\/v2\/giftcard-category?post=24041"}],"curies":[{"name":"wp","href":"https:\/\/api.w.org\/{rel}","templated":true}]}}