{"id":24083,"date":"2020-08-07T16:14:07","date_gmt":"2020-08-07T13:14:07","guid":{"rendered":"https:\/\/totalorange.ro\/?post_type=product&#038;p=24083"},"modified":"2025-09-23T10:43:02","modified_gmt":"2025-09-23T07:43:02","slug":"tomato-frito-rosii-ustuoi-copt-ierburi-mediteraneene","status":"publish","type":"product","link":"https:\/\/totalblue.ro\/fr\/produs\/tomato-frito-rosii-ustuoi-copt-ierburi-mediteraneene\/","title":{"rendered":"Heinz Tomato Frito Creations sauce tomate avec ail r\u00f4ti et herbes m\u00e9diterran\u00e9ennes 495g"},"content":{"rendered":"<p>Heinz Tomato Frito Creations consta din trei variante cu ingrediente delicioase, precum ardei prajiti, ceapa caramelizata sau ierburi mediteraneene care ofera un plus de savoare preparatelor tale. Ingredientele noastre sunt fierte in ulei de masline mai mult de doua ore inainte de a adauga rosii 100% coapte la soare. Tomato Frito Creations adauga o aroma mai bogata tuturor preparatelor tale, cum ar fi pastele, pizza, legume si multe altele. Felul tau de mancare va fi gata in 20 de minute si va avea gust ca si cum ai petrecut ore intregi in bucatarie. Tomato Frito Creations va face mancarurile si mai gustoase si mai usoare!<\/p>\n<p>Ingrediente: Rosii (rosii (193 g la 100 g rosii frito), agent de intarire: clorura de calciu) ulei de masline extravirgin 4,25% (cu extracte de ceapa prajita si usturoi) zahar sare extract de usturoi prajit, ierburi mediteraneene (patrunjel, oregano, cimbru, rozmarin) concentrat de suc de lamaie.<br \/>\nAllerg\u00e8nes :<br \/>\nNu contine: Gluten<br \/>\nPoate contine: mustar, peste, nuci, seminte de susan, telina, lupin, moluste, oua, crustacee, lapte, soia, arahide, dioxid de sulf sau sulfiti.<br \/>\nValeurs nutritionnelles pour 100 g :<br \/>\nCes valeurs s'appliquent au produit non pr\u00e9par\u00e9.<br \/>\nEnergie 333 kJ (80 kcal)<br \/>\nGrasimi 4.2 g din care grasimi saturate 0,5 g<br \/>\nCarbohidrati 8.9 g din care zaharuri 6.8 g<br \/>\nFibres alimentaires 1,8 g<br \/>\nProt\u00e9ines 1,5 g<br \/>\nSare 0,72 g<br \/>\nProducator: Heinz Consumentenservice, Gustav Mahlerlaan 1228, 1081 LA Amsterdam<br \/>\nImportateur : Total Blue Impex SRL, Roumanie, Bucarest.<\/p>","protected":false},"excerpt":{"rendered":"<p>Heinz Tomato Frito Creations consta din trei variante cu ingrediente delicioase, precum ardei prajiti, ceapa caramelizata sau ierburi mediteraneene care ofera un plus de savoare preparatelor tale. Ingredientele noastre sunt fierte in ulei de masline mai mult de doua ore inainte de a adauga rosii 100% coapte la soare. Tomato Frito Creations adauga o aroma [&#8230;]\n","protected":false},"featured_media":119981,"comment_status":"open","ping_status":"closed","template":"","meta":{"_acf_changed":false,"_seopress_robots_primary_cat":"none","_seopress_titles_title":"","_seopress_titles_desc":"Cauti Maggi - Fidelicios Fidea instant cu gust de pui 60g Livrare rapida, pret avantajos. Livrare gratuita! Supa de pui instant Maggi Fidelicios","_seopress_robots_index":""},"product_brand":[1851],"product_cat":[1555,1451,3280,1767],"giftcard-category":[],"class_list":{"0":"post-24083","1":"product","2":"type-product","3":"status-publish","4":"has-post-thumbnail","6":"product_brand-heinz","7":"product_cat-bacanie","8":"product_cat-condimente-produse-instant","9":"product_cat-condimente-sosuri","10":"product_cat-produse-olanda","12":"first","13":"outofstock","14":"taxable","15":"shipping-taxable","16":"purchasable","17":"product-type-simple"},"acf":[],"_links":{"self":[{"href":"https:\/\/totalblue.ro\/fr\/wp-json\/wp\/v2\/product\/24083","targetHints":{"allow":["GET"]}}],"collection":[{"href":"https:\/\/totalblue.ro\/fr\/wp-json\/wp\/v2\/product"}],"about":[{"href":"https:\/\/totalblue.ro\/fr\/wp-json\/wp\/v2\/types\/product"}],"replies":[{"embeddable":true,"href":"https:\/\/totalblue.ro\/fr\/wp-json\/wp\/v2\/comments?post=24083"}],"wp:featuredmedia":[{"embeddable":true,"href":"https:\/\/totalblue.ro\/fr\/wp-json\/wp\/v2\/media\/119981"}],"wp:attachment":[{"href":"https:\/\/totalblue.ro\/fr\/wp-json\/wp\/v2\/media?parent=24083"}],"wp:term":[{"taxonomy":"product_brand","embeddable":true,"href":"https:\/\/totalblue.ro\/fr\/wp-json\/wp\/v2\/product_brand?post=24083"},{"taxonomy":"product_cat","embeddable":true,"href":"https:\/\/totalblue.ro\/fr\/wp-json\/wp\/v2\/product_cat?post=24083"},{"taxonomy":"giftcard-category","embeddable":true,"href":"https:\/\/totalblue.ro\/fr\/wp-json\/wp\/v2\/giftcard-category?post=24083"}],"curies":[{"name":"wp","href":"https:\/\/api.w.org\/{rel}","templated":true}]}}