{"id":24172,"date":"2020-08-13T14:06:17","date_gmt":"2020-08-13T11:06:17","guid":{"rendered":"https:\/\/totalorange.ro\/?post_type=product&#038;p=24172"},"modified":"2025-08-01T11:46:05","modified_gmt":"2025-08-01T08:46:05","slug":"riso-scotti-riz-au-grain-de-mer-1kg","status":"publish","type":"product","link":"https:\/\/totalblue.ro\/fr\/produs\/riso-scotti-orez-cu-bob-mare-1kg\/","title":{"rendered":"Riso Scotti Riz \u00e0 gros grains 1kg"},"content":{"rendered":"<p>Le Riso Scotti Bob avec Bob Mare est une vari\u00e9t\u00e9 de riz italien traditionnel, consomm\u00e9 sur de nombreux march\u00e9s internationaux. Copieux et savoureux, c'est le bon choix pour quelque chose de vraiment savoureux.<br \/>\nConvient \u00e0 tous les types de plats traditionnels, c'est le choix id\u00e9al pour : - le pilaf - les soupes - les desserts<br \/>\nMarque : RISO SCOTTI<br \/>\nQuantit\u00e9 : 1 kg<\/p>\n<h3>La nutrition<\/h3>\n<table width=\"362\">\n<tbody>\n<tr>\n<td width=\"183\">Graisses<\/td>\n<td width=\"179\">0,7 g \/100 g<\/td>\n<\/tr>\n<tr>\n<td width=\"183\">Valeur \u00e9nerg\u00e9tique<\/td>\n<td width=\"179\">334 kcal \/ 100 g<\/td>\n<\/tr>\n<tr>\n<td width=\"183\">Glucides<\/td>\n<td width=\"179\">77,5 g \/ 100 g<\/td>\n<\/tr>\n<tr>\n<td width=\"183\">Fibre<\/td>\n<td width=\"179\">1 g \/ 100 g<\/td>\n<\/tr>\n<tr>\n<td width=\"183\">Sodium<\/td>\n<td width=\"179\">0,01 g \/ 100 g<\/td>\n<\/tr>\n<tr>\n<td width=\"183\">Prot\u00e9ines<\/td>\n<td width=\"179\">6,8 g \/ 100 g<\/td>\n<\/tr>\n<tr>\n<td width=\"183\">Graisses satur\u00e9es<\/td>\n<td width=\"179\">0,3 g \/ 100 g<\/td>\n<\/tr>\n<\/tbody>\n<\/table>\n<p>Conserver dans un endroit sec et frais, \u00e0 l'abri de la lumi\u00e8re directe du soleil.<\/p>","protected":false},"excerpt":{"rendered":"<p>Le Riso Scotti Bob avec Bob Mare est une vari\u00e9t\u00e9 de riz italien traditionnel, consomm\u00e9 sur de nombreux march\u00e9s internationaux. Copieux et savoureux, c'est le bon choix pour quelque chose de vraiment savoureux.<\/p>","protected":false},"featured_media":24173,"comment_status":"open","ping_status":"closed","template":"","meta":{"_acf_changed":false,"_seopress_robots_primary_cat":"1463","_seopress_titles_title":"","_seopress_titles_desc":"Livrare rapida direct la usa casei tale: orez bob mare pentru risoto si pilaf, orez cu bob mare calitatea I. Pret avantajos. Orez ieftin.","_seopress_robots_index":""},"product_brand":[1906],"product_cat":[1555,1463],"giftcard-category":[],"class_list":{"0":"post-24172","1":"product","2":"type-product","3":"status-publish","4":"has-post-thumbnail","6":"product_brand-riso-scotti","7":"product_cat-bacanie","8":"product_cat-orez","10":"first","11":"outofstock","12":"taxable","13":"shipping-taxable","14":"purchasable","15":"product-type-simple"},"acf":[],"_links":{"self":[{"href":"https:\/\/totalblue.ro\/fr\/wp-json\/wp\/v2\/product\/24172","targetHints":{"allow":["GET"]}}],"collection":[{"href":"https:\/\/totalblue.ro\/fr\/wp-json\/wp\/v2\/product"}],"about":[{"href":"https:\/\/totalblue.ro\/fr\/wp-json\/wp\/v2\/types\/product"}],"replies":[{"embeddable":true,"href":"https:\/\/totalblue.ro\/fr\/wp-json\/wp\/v2\/comments?post=24172"}],"wp:featuredmedia":[{"embeddable":true,"href":"https:\/\/totalblue.ro\/fr\/wp-json\/wp\/v2\/media\/24173"}],"wp:attachment":[{"href":"https:\/\/totalblue.ro\/fr\/wp-json\/wp\/v2\/media?parent=24172"}],"wp:term":[{"taxonomy":"product_brand","embeddable":true,"href":"https:\/\/totalblue.ro\/fr\/wp-json\/wp\/v2\/product_brand?post=24172"},{"taxonomy":"product_cat","embeddable":true,"href":"https:\/\/totalblue.ro\/fr\/wp-json\/wp\/v2\/product_cat?post=24172"},{"taxonomy":"giftcard-category","embeddable":true,"href":"https:\/\/totalblue.ro\/fr\/wp-json\/wp\/v2\/giftcard-category?post=24172"}],"curies":[{"name":"wp","href":"https:\/\/api.w.org\/{rel}","templated":true}]}}