{"id":24180,"date":"2020-08-13T15:06:15","date_gmt":"2020-08-13T12:06:15","guid":{"rendered":"https:\/\/totalorange.ro\/?post_type=product&#038;p=24180"},"modified":"2025-09-04T11:25:40","modified_gmt":"2025-09-04T08:25:40","slug":"sapun-crema-dove-go-fresh-fresh-touch-100-g","status":"publish","type":"product","link":"https:\/\/totalblue.ro\/fr\/produs\/sapun-crema-dove-go-fresh-fresh-touch-100-g\/","title":{"rendered":"Sapun crema Dove go Fresh Touch 100g"},"content":{"rendered":"<p>Bucur\u0103-te de o piele fin\u0103 \u015fi catifelat\u0103 \u015fi de aroma de castravete \u015fi ceai verde cu acest s\u0103pun-crem\u0103 delicat.<br \/>\n\u2022 Parfumul proasp\u0103t de castravete \u015fi ceai verde \u00ee\u0163i revitalizeaz\u0103 sim\u0163urile<br \/>\n\u2022 Dove nu usuc\u0103 pielea a\u015fa cum o fac s\u0103punurile obi\u015fnuite<br \/>\n\u2022 \u00bc crem\u0103 hidratant\u0103 \u015fi agen\u0163i de cur\u0103\u0163are delica\u0163i ajut\u0103 la men\u021binerea barierei naturale de protec\u021bie a pielii \u00een stare optim\u0103<br \/>\n\u2022 Pielea devine mai fin\u0103, mai catifelat\u0103 \u015fi mai frumoas\u0103<br \/>\n\u2022 Poate fi folosit zilnic pe fa\u0163\u0103, corp \u015fi m\u00e2ini<br \/>\n\u2022 Nu este un simplu s\u0103pun \u2013 este un s\u0103pun-crem\u0103<br \/>\nCunoa\u015ftem cu to\u0163ii beneficiile ceaiului verde pentru piele \u015fi propriet\u0103\u0163ile revigorante ale castravetelui. De ce s\u0103 nu ne r\u0103sf\u0103\u0163\u0103m pielea cu aceea\u015fi experien\u0163\u0103? S\u0103punul-crem\u0103 Dove Go Fresh &#8211; Fresh Touch combin\u0103 parfumul proasp\u0103t de castravete \u015fi ceai verde cu agen\u0163i delica\u0163i de cur\u0103\u0163are \u015fi \u00bc crem\u0103 hidratant\u0103, pentru ca tu s\u0103 te po\u0163i bucura de o piele mai fin\u0103, mai catifelat\u0103 \u015fi mai frumoas\u0103.<br \/>\nDac\u0103 vrei s\u0103-\u0163i sim\u0163i fa\u0163a \u015fi m\u00e2inile hidratate si revigorate pe parcursul \u00eentregii zile, include \u00een rutina ta zilnic\u0103 de frumuse\u021be s\u0103punul-crem\u0103 Dove Go Fresh &#8211; Fresh Touch.<br \/>\nM\u00e2inile sunt una dintre p\u0103r\u0163ile corpului cele mai uscate, a\u015fa c\u0103 ofer\u0103-le o senza\u021bie de hidratare \u015fi prospe\u0163ime, lu\u00e2nd s\u0103punul-crem\u0103 Dove \u00eentre palmele umede \u015fi f\u0103c\u00e2nd spum\u0103. \u00centinde-o pe fa\u0163\u0103 \u015fi pe corp, evit\u00e2nd contactul cu ochii \u015fi apoi cl\u0103te\u015fte bine.<br \/>\n<strong>Ingr\u00e9dient<\/strong><br \/>\nSodium Lauroyl Isethionate, Stearic Acid, Sodium Palmitate, Sodium Stearate, Aqua, Sodium Isethionate, Lauric Acid, Sodium C14-16 Olefin Sulfonate, Sodium Palm Kernelate, Parfum, Cucumis Sativus Fruit Extract, Camellia Sinensis Leaf Extract, Glycerin, Sodium Chloride, Dipropylene Glycol, Zinc Oxide, Tetrasodium EDTA, Propylene glycol, Citric acid, Tetrasodium Etidronate, Sodium benzoate, Alumina, Alpha-Isomethyl Ionone, Benzyl Alcohol, Butylphenyl Methylpropional, Citronellol, Coumarin, Hexyl Cinnamal, Limonene, Linalool, CI 19140, CI 42090, CI 77891<\/p>","protected":false},"excerpt":{"rendered":"<p>Bucur\u0103-te de o piele fin\u0103 \u015fi catifelat\u0103 \u015fi de aroma de castravete \u015fi ceai verde cu acest s\u0103pun-crem\u0103 delicat. \u2022 Parfumul proasp\u0103t de castravete \u015fi ceai verde \u00ee\u0163i revitalizeaz\u0103 sim\u0163urile \u2022 Dove nu usuc\u0103 pielea a\u015fa cum o fac s\u0103punurile obi\u015fnuite \u2022 \u00bc crem\u0103 hidratant\u0103 \u015fi agen\u0163i de cur\u0103\u0163are delica\u0163i ajut\u0103 la men\u021binerea barierei naturale [&#8230;]\n","protected":false},"featured_media":24181,"comment_status":"open","ping_status":"closed","template":"","meta":{"_acf_changed":false,"_seopress_robots_primary_cat":"none","_seopress_titles_title":"","_seopress_titles_desc":"Livrare rapida s\u0103pun-crem\u0103 Dove Go Fresh - Fresh Touch.Bucur\u0103-te de o piele fin\u0103 \u015fi catifelat\u0103 \u015fi de aroma de castravete \u015fi ceai verde.","_seopress_robots_index":""},"product_brand":[1831],"product_cat":[1558],"giftcard-category":[],"class_list":{"0":"post-24180","1":"product","2":"type-product","3":"status-publish","4":"has-post-thumbnail","6":"product_brand-dove","7":"product_cat-cosmetice-sanatate","9":"first","10":"outofstock","11":"taxable","12":"shipping-taxable","13":"purchasable","14":"product-type-simple"},"acf":[],"_links":{"self":[{"href":"https:\/\/totalblue.ro\/fr\/wp-json\/wp\/v2\/product\/24180","targetHints":{"allow":["GET"]}}],"collection":[{"href":"https:\/\/totalblue.ro\/fr\/wp-json\/wp\/v2\/product"}],"about":[{"href":"https:\/\/totalblue.ro\/fr\/wp-json\/wp\/v2\/types\/product"}],"replies":[{"embeddable":true,"href":"https:\/\/totalblue.ro\/fr\/wp-json\/wp\/v2\/comments?post=24180"}],"wp:featuredmedia":[{"embeddable":true,"href":"https:\/\/totalblue.ro\/fr\/wp-json\/wp\/v2\/media\/24181"}],"wp:attachment":[{"href":"https:\/\/totalblue.ro\/fr\/wp-json\/wp\/v2\/media?parent=24180"}],"wp:term":[{"taxonomy":"product_brand","embeddable":true,"href":"https:\/\/totalblue.ro\/fr\/wp-json\/wp\/v2\/product_brand?post=24180"},{"taxonomy":"product_cat","embeddable":true,"href":"https:\/\/totalblue.ro\/fr\/wp-json\/wp\/v2\/product_cat?post=24180"},{"taxonomy":"giftcard-category","embeddable":true,"href":"https:\/\/totalblue.ro\/fr\/wp-json\/wp\/v2\/giftcard-category?post=24180"}],"curies":[{"name":"wp","href":"https:\/\/api.w.org\/{rel}","templated":true}]}}