{"id":241810,"date":"2025-10-06T11:07:29","date_gmt":"2025-10-06T08:07:29","guid":{"rendered":"https:\/\/totalblue.ro\/?post_type=product&#038;p=241810"},"modified":"2025-12-03T16:25:10","modified_gmt":"2025-12-03T14:25:10","slug":"beemster-jong-48-felii-branza-maturata-250-g","status":"publish","type":"product","link":"https:\/\/totalblue.ro\/fr\/produs\/beemster-jong-48-felii-branza-maturata-250-g\/","title":{"rendered":"Beemster Jong 48+, fromage affin\u00e9 en tranches 250 g"},"content":{"rendered":"<p>Beemster Jong este o branza maturata natural, cu un gust minunat, cremoa si proaspat.<br \/>\nBeemster est une coop\u00e9rative de petits agriculteurs de la r\u00e9gion de Beemster aux Pays-Bas.<br \/>\nLes vaches sortent le plus souvent possible et sont tr\u00e8s bien soign\u00e9es.<br \/>\nBeemster produit du fromage de mani\u00e8re traditionnelle et durable.<br \/>\nEmballage pratique avec un syst\u00e8me d'ouverture et de fermeture qui pr\u00e9serve la saveur du produit.<br \/>\nCe produit est facile \u00e0 transformer en sandwich pr\u00eat \u00e0 d\u00e9guster.<br \/>\n<strong>Ingr\u00e9dient<\/strong>: Lapte de pasune, Reciclabil. Ingrediente: LAPTE DE VACA (pasteurizat), sare, cultura starter, cheag vegetarian, colorant natural annatto (E160b(ii)).<br \/>\n<strong>Allerg\u00e8nes<\/strong>: contine lapte<br \/>\nFromage affin\u00e9 48+<br \/>\nEmball\u00e9 dans une atmosph\u00e8re prot\u00e9g\u00e9e.<br \/>\nContenu et poids : produit pr\u00eat \u00e0 \u00eatre tranch\u00e9, poids 150 grammes.<br \/>\nStockage : Stocker dans un endroit frais (max 7\u00b0C). Produit p\u00e9rissable apr\u00e8s ouverture.<br \/>\nCaract\u00e9ristiques. V\u00e9g\u00e9tarien<br \/>\n<a href=\"https:\/\/totalblue.ro\/wp-content\/uploads\/2021\/02\/vegetarian.jpeg\"><img loading=\"lazy\" decoding=\"async\" class=\"alignnone wp-image-27413\" src=\"https:\/\/totalblue.ro\/wp-content\/uploads\/2021\/02\/vegetarian.jpeg\" alt=\"\" width=\"104\" height=\"104\" srcset=\"https:\/\/totalblue.ro\/wp-content\/uploads\/2021\/02\/vegetarian.jpeg 225w, https:\/\/totalblue.ro\/wp-content\/uploads\/2021\/02\/vegetarian-100x100.jpeg 100w\" sizes=\"auto, (max-width: 104px) 100vw, 104px\" \/><\/a><a href=\"https:\/\/totalblue.ro\/wp-content\/uploads\/2021\/11\/branzeturi.jpg\"><img loading=\"lazy\" decoding=\"async\" class=\"alignnone wp-image-37210\" src=\"https:\/\/totalblue.ro\/wp-content\/uploads\/2021\/11\/branzeturi.jpg\" alt=\"\" width=\"110\" height=\"105\" srcset=\"https:\/\/totalblue.ro\/wp-content\/uploads\/2021\/11\/branzeturi.jpg 300w, https:\/\/totalblue.ro\/wp-content\/uploads\/2021\/11\/branzeturi-100x95.jpg 100w\" sizes=\"auto, (max-width: 110px) 100vw, 110px\" \/><\/a><br \/>\n<strong>Valeurs nutritionnelles :<\/strong><br \/>\nEnergie 1556 kJ (375 kcal)<br \/>\nGrasimi 30,8 g din care acizi grasi saturati 22,2 g<br \/>\nGlucides 0 g dont sucres 0 g<br \/>\nProteine \u200b\u200b24,4 g<br \/>\nSel 1,7 g<br \/>\nCalciu 792 mg<\/p>\n<p>Producteur : CONO Kaasmakers, Postbus 1, 1462 ZG Middenbeemster, Pays-Bas<br \/>\nImportateur et distributeur : Total Blue Impex SRL, Bucarest, Roumanie<\/p>","protected":false},"excerpt":{"rendered":"<p>Beemster Jong este o branza maturata natural, cu un gust minunat, cremoa si proaspat. Beemster este o cooperativ\u0103 de mici fermieri din zona Beemster, Olanda. Vacile ies afara cat mai mult posibil si sunt foarte bine ingrijite. Beemster produce branzeturile intr-un mod traditional si durabil. Ambalat practic, cu sistem de deschidere-inchidere ce pastreaza savoarea produsului. [&#8230;]\n","protected":false},"featured_media":241811,"comment_status":"open","ping_status":"closed","template":"","meta":{"_acf_changed":false,"_seopress_robots_primary_cat":"none","_seopress_titles_title":"Beemster Jong 48+ felii branza maturata, branza si cascaval Olanda","_seopress_titles_desc":"Cauti branza si cascaval Beemster din Olanda ? Cumpara acum online Beemster Jong 48+ felii branza maturata, branza si cascaval Olanda.","_seopress_robots_index":""},"product_brand":[4228],"product_cat":[1555,3288,4226,1767],"giftcard-category":[],"class_list":{"0":"post-241810","1":"product","2":"type-product","3":"status-publish","4":"has-post-thumbnail","6":"product_brand-beemster","7":"product_cat-bacanie","8":"product_cat-branzeturi","9":"product_cat-branzeturi-bacanie","10":"product_cat-produse-olanda","12":"first","13":"outofstock","14":"taxable","15":"shipping-taxable","16":"purchasable","17":"product-type-simple"},"acf":[],"_links":{"self":[{"href":"https:\/\/totalblue.ro\/fr\/wp-json\/wp\/v2\/product\/241810","targetHints":{"allow":["GET"]}}],"collection":[{"href":"https:\/\/totalblue.ro\/fr\/wp-json\/wp\/v2\/product"}],"about":[{"href":"https:\/\/totalblue.ro\/fr\/wp-json\/wp\/v2\/types\/product"}],"replies":[{"embeddable":true,"href":"https:\/\/totalblue.ro\/fr\/wp-json\/wp\/v2\/comments?post=241810"}],"wp:featuredmedia":[{"embeddable":true,"href":"https:\/\/totalblue.ro\/fr\/wp-json\/wp\/v2\/media\/241811"}],"wp:attachment":[{"href":"https:\/\/totalblue.ro\/fr\/wp-json\/wp\/v2\/media?parent=241810"}],"wp:term":[{"taxonomy":"product_brand","embeddable":true,"href":"https:\/\/totalblue.ro\/fr\/wp-json\/wp\/v2\/product_brand?post=241810"},{"taxonomy":"product_cat","embeddable":true,"href":"https:\/\/totalblue.ro\/fr\/wp-json\/wp\/v2\/product_cat?post=241810"},{"taxonomy":"giftcard-category","embeddable":true,"href":"https:\/\/totalblue.ro\/fr\/wp-json\/wp\/v2\/giftcard-category?post=241810"}],"curies":[{"name":"wp","href":"https:\/\/api.w.org\/{rel}","templated":true}]}}