{"id":241954,"date":"2025-10-08T10:27:44","date_gmt":"2025-10-08T07:27:44","guid":{"rendered":"https:\/\/totalblue.ro\/?post_type=product&#038;p=241954"},"modified":"2026-03-27T13:38:00","modified_gmt":"2026-03-27T11:38:00","slug":"unox-good-paste-cu-mozzarella-si-rosii-72g","status":"publish","type":"product","link":"https:\/\/totalblue.ro\/fr\/produs\/unox-good-paste-cu-mozzarella-si-rosii-72g\/","title":{"rendered":"Unox Good Paste cu mozzarella si rosii 72g"},"content":{"rendered":"<p>Ingrediente: Paste 61% (gris de grau dur, faina de grau), pasta de tomate pudra\u00b9 11%, amidon, lapte praf degresat 6,3%, branza topita pudra 4,5% (branza mozzarella, branza, zer), aroma (contine lapte), zahar, sare iodata, pudra de ceapa, sare minerala (potasiu), ierburi aromatice (oregano\u00b9, patrunjel, busuioc\u00b9), suc de lamaie pudra (maltodextrina, suc de lamaie), condimente (pudra de usturoi, piper). Poate contine secara, orz, ovaz, ou, soia, telina si mustar.\u00b9Cultivat sustenabil.<br \/>\nAllerg\u00e8nes :<br \/>\nContine: Lapte, Cereale care contin gluten, Grau<br \/>\nPoate contine: Oua, Telina, Soia si Mustar<br \/>\nRecommand\u00e9 : portion pour 1 personne<br \/>\nPr\u00eat en 5 minutes ! Facile \u00e0 pr\u00e9parer !<br \/>\nNe mettez pas l'emballage au micro-ondes ! Ouvrez le couvercle. Versez de l'eau bouillante directement dans le verre jusqu'\u00e0 la ligne. Fermez le couvercle. Laisser reposer les nouilles pendant 5 minutes. M\u00e9langez bien ! C'est pr\u00eat ! Bon app\u00e9tit ! Note : le verre peut \u00eatre chaud !<br \/>\nValeurs nutritionnelles pour 100g :<br \/>\nEnergie 398 kJ (95 kcal)<br \/>\nGrasimi 0,9 g din care acizi grasi saturati 0,3 g<br \/>\nCarbohidrati 18 g din care zaharuri 3,5 g<br \/>\nFibre alimentare 1,1 g<br \/>\nProt\u00e9ines 3,7 g<br \/>\nSel 0,58 g<br \/>\nStockage : conserver dans un endroit sec \u00e0 temp\u00e9rature ambiante.<br \/>\nFabriqu\u00e9 aux Pays-Bas par Unilever Nederland Unox, Postbus 160 3000 AD AD Rotterdam<br \/>\nImportateur et distributeur Total Blue Impex SRL<\/p>","protected":false},"excerpt":{"rendered":"<p>Ingrediente: Paste 61% (gris de grau dur, faina de grau), pasta de tomate pudra\u00b9 11%, amidon, lapte praf degresat 6,3%, branza topita pudra 4,5% (branza mozzarella, branza, zer), aroma (contine lapte), zahar, sare iodata, pudra de ceapa, sare minerala (potasiu), ierburi aromatice (oregano\u00b9, patrunjel, busuioc\u00b9), suc de lamaie pudra (maltodextrina, suc de lamaie), condimente (pudra [&#8230;]\n","protected":false},"featured_media":241956,"comment_status":"open","ping_status":"closed","template":"","meta":{"_acf_changed":false,"_seopress_robots_primary_cat":"none","_seopress_titles_title":"","_seopress_titles_desc":"","_seopress_robots_index":""},"product_brand":[1925],"product_cat":[1555,3272,17494,21594,1463,3328,1767],"giftcard-category":[],"class_list":{"0":"post-241954","1":"product","2":"type-product","3":"status-publish","4":"has-post-thumbnail","6":"product_brand-unox","7":"product_cat-bacanie","8":"product_cat-conserve","9":"product_cat-influente-asiatice","10":"product_cat-noodles-supe-instant","11":"product_cat-orez","12":"product_cat-paste-orez-ulei-otet","13":"product_cat-produse-olanda","15":"first","16":"outofstock","17":"taxable","18":"shipping-taxable","19":"purchasable","20":"product-type-simple"},"acf":[],"_links":{"self":[{"href":"https:\/\/totalblue.ro\/fr\/wp-json\/wp\/v2\/product\/241954","targetHints":{"allow":["GET"]}}],"collection":[{"href":"https:\/\/totalblue.ro\/fr\/wp-json\/wp\/v2\/product"}],"about":[{"href":"https:\/\/totalblue.ro\/fr\/wp-json\/wp\/v2\/types\/product"}],"replies":[{"embeddable":true,"href":"https:\/\/totalblue.ro\/fr\/wp-json\/wp\/v2\/comments?post=241954"}],"wp:featuredmedia":[{"embeddable":true,"href":"https:\/\/totalblue.ro\/fr\/wp-json\/wp\/v2\/media\/241956"}],"wp:attachment":[{"href":"https:\/\/totalblue.ro\/fr\/wp-json\/wp\/v2\/media?parent=241954"}],"wp:term":[{"taxonomy":"product_brand","embeddable":true,"href":"https:\/\/totalblue.ro\/fr\/wp-json\/wp\/v2\/product_brand?post=241954"},{"taxonomy":"product_cat","embeddable":true,"href":"https:\/\/totalblue.ro\/fr\/wp-json\/wp\/v2\/product_cat?post=241954"},{"taxonomy":"giftcard-category","embeddable":true,"href":"https:\/\/totalblue.ro\/fr\/wp-json\/wp\/v2\/giftcard-category?post=241954"}],"curies":[{"name":"wp","href":"https:\/\/api.w.org\/{rel}","templated":true}]}}