{"id":241968,"date":"2025-10-08T11:04:15","date_gmt":"2025-10-08T08:04:15","guid":{"rendered":"https:\/\/totalblue.ro\/?post_type=product&#038;p=241968"},"modified":"2026-03-16T10:46:59","modified_gmt":"2026-03-16T08:46:59","slug":"unox-good-piure-instant-cu-bacon-si-ceapa-51g","status":"publish","type":"product","link":"https:\/\/totalblue.ro\/fr\/produs\/unox-good-piure-instant-cu-bacon-si-ceapa-51g\/","title":{"rendered":"Unox Good piure instant cu bacon si ceapa 51g"},"content":{"rendered":"<p>Pentru o gustare rapida, un preparat usor de preparat, gata in 5 minute.<br \/>\nGustare fara coloranti artificiali sau potentiatori de aroma.<br \/>\nPiure de cartofi delicios cu bacon si ceapa.<\/p>\n<p>Ingrediente:\u00a0Cartofi\u00b9 57%, ulei de floarea soarelui, LAPTE PRAF degresat, burta de porc afumata 5,1% (carne de porc, sare, stabilizator E250, afum), ceapa 4,8%, ZAHAR DIN LAPTE, sare iodata, sare minerala (potasiu), grasime de slanina afumata (slanina, sare, afum), PROTEINE DIN LAPTE, aroma, extract de drojdie, ierburi aromatice (arpagic, patrunjel), aroma de fum, sare, emulgator E471, turmeric. Poate contine grau, secara, orz, ovaz, ou, soia, telina si mustar.\u00b9Cultivat sustenabil.<br \/>\nInformations sur les allerg\u00e8nes<br \/>\nContient : Lait<br \/>\nPoate contine: Oua, Ovaz, Mustar, Telina, Secara, Orz, Grau, Soia si Cereale care contin gluten<br \/>\nRecommand\u00e9 : portion pour 1 personne<br \/>\nPr\u00eat en 5 minutes ! Facile \u00e0 pr\u00e9parer !<\/p>\n<p>Pr\u00e9paration :<br \/>\n1. Deschideti capacul pe jumatate si turnati apa clocotita in pahar pana la linia punctata.<br \/>\n2. Amestecati bine, inchideti capacul si lasati sa stea 5 minute.<br \/>\n3. Deschideti capacul, amestecati si ati gata! Atentie: Paharul poate fi fierbinte.<\/p>\n<p>Valeurs nutritionnelles pour 100g :<br \/>\nEnergie 372 kJ (89 kcal)<br \/>\nGrasimi 3,4 g<br \/>\ndin care acizi grasi saturati 0,7 g<br \/>\nCarbohidrati 11 g<br \/>\ndin care zaharuri 2,1 g<br \/>\nFibres alimentaires 1,8 g<br \/>\nProt\u00e9ines 2,6 g<br \/>\nSare 0,65 g<br \/>\nStockage : conserver dans un endroit sec \u00e0 temp\u00e9rature ambiante.<br \/>\nFabriqu\u00e9 aux Pays-Bas par Unilever Nederland Unox, Postbus 160 3000 AD AD Rotterdam<br \/>\nImportateur et distributeur Total Blue Impex SRL<\/p>","protected":false},"excerpt":{"rendered":"<p>Pentru o gustare rapida, un preparat usor de preparat, gata in 5 minute. Gustare fara coloranti artificiali sau potentiatori de aroma. Piure de cartofi delicios cu bacon si ceapa. Ingrediente:\u00a0Cartofi\u00b9 57%, ulei de floarea soarelui, LAPTE PRAF degresat, burta de porc afumata 5,1% (carne de porc, sare, stabilizator E250, afum), ceapa 4,8%, ZAHAR DIN LAPTE, [&#8230;]\n","protected":false},"featured_media":241970,"comment_status":"open","ping_status":"closed","template":"","meta":{"_acf_changed":false,"_seopress_robots_primary_cat":"none","_seopress_titles_title":"","_seopress_titles_desc":"","_seopress_robots_index":""},"product_brand":[1925],"product_cat":[1555,3272,17494,21594,1463,3328,1767],"giftcard-category":[],"class_list":{"0":"post-241968","1":"product","2":"type-product","3":"status-publish","4":"has-post-thumbnail","6":"product_brand-unox","7":"product_cat-bacanie","8":"product_cat-conserve","9":"product_cat-influente-asiatice","10":"product_cat-noodles-supe-instant","11":"product_cat-orez","12":"product_cat-paste-orez-ulei-otet","13":"product_cat-produse-olanda","15":"first","16":"instock","17":"taxable","18":"shipping-taxable","19":"purchasable","20":"product-type-simple"},"acf":[],"_links":{"self":[{"href":"https:\/\/totalblue.ro\/fr\/wp-json\/wp\/v2\/product\/241968","targetHints":{"allow":["GET"]}}],"collection":[{"href":"https:\/\/totalblue.ro\/fr\/wp-json\/wp\/v2\/product"}],"about":[{"href":"https:\/\/totalblue.ro\/fr\/wp-json\/wp\/v2\/types\/product"}],"replies":[{"embeddable":true,"href":"https:\/\/totalblue.ro\/fr\/wp-json\/wp\/v2\/comments?post=241968"}],"wp:featuredmedia":[{"embeddable":true,"href":"https:\/\/totalblue.ro\/fr\/wp-json\/wp\/v2\/media\/241970"}],"wp:attachment":[{"href":"https:\/\/totalblue.ro\/fr\/wp-json\/wp\/v2\/media?parent=241968"}],"wp:term":[{"taxonomy":"product_brand","embeddable":true,"href":"https:\/\/totalblue.ro\/fr\/wp-json\/wp\/v2\/product_brand?post=241968"},{"taxonomy":"product_cat","embeddable":true,"href":"https:\/\/totalblue.ro\/fr\/wp-json\/wp\/v2\/product_cat?post=241968"},{"taxonomy":"giftcard-category","embeddable":true,"href":"https:\/\/totalblue.ro\/fr\/wp-json\/wp\/v2\/giftcard-category?post=241968"}],"curies":[{"name":"wp","href":"https:\/\/api.w.org\/{rel}","templated":true}]}}