{"id":241971,"date":"2025-10-08T11:08:14","date_gmt":"2025-10-08T08:08:14","guid":{"rendered":"https:\/\/totalblue.ro\/?post_type=product&#038;p=241971"},"modified":"2026-03-16T10:45:26","modified_gmt":"2026-03-16T08:45:26","slug":"unox-good-piure-instant-cu-broccoli-si-branza-50g","status":"publish","type":"product","link":"https:\/\/totalblue.ro\/fr\/produs\/unox-good-piure-instant-cu-broccoli-si-branza-50g\/","title":{"rendered":"Unox Good piure instant cu Broccoli si Branza 50g"},"content":{"rendered":"<p>Pentru o gustare rapida, un preparat usor de preparat, gata in 5 minute.<br \/>\nGustare fara coloranti artificiali sau potentiatori de aroma.<br \/>\nPiure de cartofi delicios umplut cu broccoli si branza<\/p>\n<p>Ingrediente:Cartofi\u00b9 59%, ulei de floarea soarelui, pudra de branza 7,5% (BRANZA, BRANZA Gorgonzola, produs din zer (contine LAPTE)), SMANTANA PRAF, ZAHAR DIN LAPTE, pudra de ceapa, broccoli\u00b9 2,1%, sare iodata, grasime de palmier, aroma, PROTEINE DIN LAPTE, condimente (pudra de usturoi, piper, turmeric), sare, maltodextrina, emulgator E471, amidon. Poate contine grau, secara, orz, ovaz, ou, soia, telina si mustar.\u00b9Cultivat sustenabil.<br \/>\nInformations sur les allerg\u00e8nes<br \/>\nContient :<br \/>\nLapte, Lactoza<br \/>\nPeut contenir :<br \/>\nSoia, Oua, Mustar, Cereale care contin gluten, Grau, Orz, Ovaz, Secara, Telina<br \/>\nRecommand\u00e9 : portion pour 1 personne<br \/>\nPr\u00eat en 5 minutes ! Facile \u00e0 pr\u00e9parer !<\/p>\n<p>Pr\u00e9paration :<br \/>\n1. Deschideti capacul pe jumatate si turnati apa clocotita in pahar pana la linia punctata.<br \/>\n2. Amestecati bine, inchideti capacul si lasati sa stea 5 minute.<br \/>\n3. Deschideti capacul, amestecati si ati gata! Atentie: Paharul poate fi fierbinte.<\/p>\n<p>Valeurs nutritionnelles pour 100g :<br \/>\nEnergie 376 kJ (90 kcal)<br \/>\nGrasimi 4,1 g din care acizi grasi saturati 1,2 g<br \/>\nCarbohidrati 10 g din care zaharuri 1,5 g<br \/>\nFibre alimentare 1,6 g<br \/>\nProteine \u200b\u200b2,2 g<br \/>\nSare 0,61 g<br \/>\nStockage : conserver dans un endroit sec \u00e0 temp\u00e9rature ambiante.<br \/>\nFabriqu\u00e9 aux Pays-Bas par Unilever Nederland Unox, Postbus 160 3000 AD AD Rotterdam<br \/>\nImportateur et distributeur Total Blue Impex SRL<\/p>","protected":false},"excerpt":{"rendered":"<p>Pentru o gustare rapida, un preparat usor de preparat, gata in 5 minute. Gustare fara coloranti artificiali sau potentiatori de aroma. Piure de cartofi delicios umplut cu broccoli si branza Ingrediente:Cartofi\u00b9 59%, ulei de floarea soarelui, pudra de branza 7,5% (BRANZA, BRANZA Gorgonzola, produs din zer (contine LAPTE)), SMANTANA PRAF, ZAHAR DIN LAPTE, pudra de [&#8230;]\n","protected":false},"featured_media":241973,"comment_status":"open","ping_status":"closed","template":"","meta":{"_acf_changed":false,"_seopress_robots_primary_cat":"none","_seopress_titles_title":"","_seopress_titles_desc":"","_seopress_robots_index":""},"product_brand":[1925],"product_cat":[1555,3272,17494,21594,1463,3328,1767],"giftcard-category":[],"class_list":{"0":"post-241971","1":"product","2":"type-product","3":"status-publish","4":"has-post-thumbnail","6":"product_brand-unox","7":"product_cat-bacanie","8":"product_cat-conserve","9":"product_cat-influente-asiatice","10":"product_cat-noodles-supe-instant","11":"product_cat-orez","12":"product_cat-paste-orez-ulei-otet","13":"product_cat-produse-olanda","15":"first","16":"instock","17":"taxable","18":"shipping-taxable","19":"purchasable","20":"product-type-simple"},"acf":[],"_links":{"self":[{"href":"https:\/\/totalblue.ro\/fr\/wp-json\/wp\/v2\/product\/241971","targetHints":{"allow":["GET"]}}],"collection":[{"href":"https:\/\/totalblue.ro\/fr\/wp-json\/wp\/v2\/product"}],"about":[{"href":"https:\/\/totalblue.ro\/fr\/wp-json\/wp\/v2\/types\/product"}],"replies":[{"embeddable":true,"href":"https:\/\/totalblue.ro\/fr\/wp-json\/wp\/v2\/comments?post=241971"}],"wp:featuredmedia":[{"embeddable":true,"href":"https:\/\/totalblue.ro\/fr\/wp-json\/wp\/v2\/media\/241973"}],"wp:attachment":[{"href":"https:\/\/totalblue.ro\/fr\/wp-json\/wp\/v2\/media?parent=241971"}],"wp:term":[{"taxonomy":"product_brand","embeddable":true,"href":"https:\/\/totalblue.ro\/fr\/wp-json\/wp\/v2\/product_brand?post=241971"},{"taxonomy":"product_cat","embeddable":true,"href":"https:\/\/totalblue.ro\/fr\/wp-json\/wp\/v2\/product_cat?post=241971"},{"taxonomy":"giftcard-category","embeddable":true,"href":"https:\/\/totalblue.ro\/fr\/wp-json\/wp\/v2\/giftcard-category?post=241971"}],"curies":[{"name":"wp","href":"https:\/\/api.w.org\/{rel}","templated":true}]}}