{"id":241991,"date":"2025-10-08T13:12:03","date_gmt":"2025-10-08T10:12:03","guid":{"rendered":"https:\/\/totalblue.ro\/?post_type=product&#038;p=241991"},"modified":"2025-10-16T15:28:33","modified_gmt":"2025-10-16T12:28:33","slug":"conimex-woksaus-sos-dulce-picant-175ml","status":"publish","type":"product","link":"https:\/\/totalblue.ro\/fr\/produs\/conimex-woksaus-sos-dulce-picant-175ml\/","title":{"rendered":"Conimex Woksaus Spicy Szechuan sos dulce-picant 175ml"},"content":{"rendered":"<p>Un sos chinezesc delicios cu condimente autentice.<br \/>\nAcest sos dulce-picant pentru wok este preparat cu piper Sichuan.<br \/>\nUn sos fara coloranti artificiali sau potentiatori de aroma.<br \/>\nIngrediente: Sirop de glucoza, apa, sambal 12% (ardei rosu 10%, sare, stabilizator: E270, conservant E202), zahar, piure de usturoi, sos de soia 5% (apa, boabe de soia, grau, sare), piure de ghimbir, otet, aroma, schinduf, extract de drojdie, amidon modificat, piper Sichuan 1,1%, pudra de ceapa, acidifiant E270, ardei iute 0,7%, ulei de rapita, sare, boia de ardei, conservant E202, agent de ingrosare E415.<br \/>\nInformations sur les allerg\u00e8nes<br \/>\nContine: Cereale care contin gluten, grau, soia<br \/>\nValori nutritionale \/ 100 de grame<br \/>\nEnergie 429 kJ (103 kcal)<br \/>\nGrasimi 2,4 g din care acizi grasi saturati 0,4 g<br \/>\nCarbohidrati 13 g din care zaharuri 3 g<br \/>\nFibre alimentare 1,4 g<br \/>\nProteine \u200b\u200b6,5 g<br \/>\nSare 0,33 g<br \/>\nStockage : Conserver dans un endroit sec, \u00e0 l'abri de la lumi\u00e8re et \u00e0 temp\u00e9rature ambiante. Ne pas exposer \u00e0 la lumi\u00e8re directe du soleil.<br \/>\nConsommer avant : voir sur l'emballage.<br \/>\nTenir hors de port\u00e9e des enfants<br \/>\nDupa deschidere a se pastra la rece, maxim 2 luni.<br \/>\nFabriqu\u00e9 en Hollande Unilever Nederland, Conimex, Postbus 160, 3000 AD Rotterdam<br \/>\nImportateur et distributeur Total Blue Impex SRL<\/p>","protected":false},"excerpt":{"rendered":"<p>Un sos chinezesc delicios cu condimente autentice. Acest sos dulce-picant pentru wok este preparat cu piper Sichuan. Un sos fara coloranti artificiali sau potentiatori de aroma. Ingrediente: Sirop de glucoza, apa, sambal 12% (ardei rosu 10%, sare, stabilizator: E270, conservant E202), zahar, piure de usturoi, sos de soia 5% (apa, boabe de soia, grau, sare), [&#8230;]\n","protected":false},"featured_media":241992,"comment_status":"open","ping_status":"closed","template":"","meta":{"_acf_changed":false,"_seopress_robots_primary_cat":"none","_seopress_titles_title":"Sos Conimex Wok teriyaki 175 ml Olanda","_seopress_titles_desc":"Cauti Sos Conimex Wok soia dulce 175 ml? Comanda acum Sos Conimex Wok soia dulce 175 ml, produs in Olanda cu livrare rapida","_seopress_robots_index":""},"product_brand":[1949],"product_cat":[1555,3280,17494,1767],"giftcard-category":[],"class_list":{"0":"post-241991","1":"product","2":"type-product","3":"status-publish","4":"has-post-thumbnail","6":"product_brand-conimex","7":"product_cat-bacanie","8":"product_cat-condimente-sosuri","9":"product_cat-influente-asiatice","10":"product_cat-produse-olanda","12":"first","13":"instock","14":"taxable","15":"shipping-taxable","16":"purchasable","17":"product-type-simple"},"acf":[],"_links":{"self":[{"href":"https:\/\/totalblue.ro\/fr\/wp-json\/wp\/v2\/product\/241991","targetHints":{"allow":["GET"]}}],"collection":[{"href":"https:\/\/totalblue.ro\/fr\/wp-json\/wp\/v2\/product"}],"about":[{"href":"https:\/\/totalblue.ro\/fr\/wp-json\/wp\/v2\/types\/product"}],"replies":[{"embeddable":true,"href":"https:\/\/totalblue.ro\/fr\/wp-json\/wp\/v2\/comments?post=241991"}],"wp:featuredmedia":[{"embeddable":true,"href":"https:\/\/totalblue.ro\/fr\/wp-json\/wp\/v2\/media\/241992"}],"wp:attachment":[{"href":"https:\/\/totalblue.ro\/fr\/wp-json\/wp\/v2\/media?parent=241991"}],"wp:term":[{"taxonomy":"product_brand","embeddable":true,"href":"https:\/\/totalblue.ro\/fr\/wp-json\/wp\/v2\/product_brand?post=241991"},{"taxonomy":"product_cat","embeddable":true,"href":"https:\/\/totalblue.ro\/fr\/wp-json\/wp\/v2\/product_cat?post=241991"},{"taxonomy":"giftcard-category","embeddable":true,"href":"https:\/\/totalblue.ro\/fr\/wp-json\/wp\/v2\/giftcard-category?post=241991"}],"curies":[{"name":"wp","href":"https:\/\/api.w.org\/{rel}","templated":true}]}}