{"id":242063,"date":"2025-10-09T10:28:05","date_gmt":"2025-10-09T07:28:05","guid":{"rendered":"https:\/\/totalblue.ro\/?post_type=product&#038;p=242063"},"modified":"2025-10-09T10:46:06","modified_gmt":"2025-10-09T07:46:06","slug":"conimex-woksaus-sos-yakitori-175ml","status":"publish","type":"product","link":"https:\/\/totalblue.ro\/fr\/produs\/conimex-woksaus-sos-yakitori-175ml\/","title":{"rendered":"Conimex Woksaus sos Yakitori 175ml"},"content":{"rendered":"<p>Sosul Conimex Yakitori pentru wok este un sos dulce pe baza de sos de soia, cu ierburi si condimente japoneze autentice.<br \/>\nUn sos japonez delicios care se potriveste perfect cu frigarui de pui (vegetariane).<br \/>\nO jumatate de sticla de sos pentru wok este suficienta pentru 2-3 persoane.<br \/>\nVitaminele se pastreaza mai bine la wok decat la fierbere.<br \/>\nIngrediente: Sirop de glucoza, apa, sos de soia 21% (apa, boabe de soia, grau, sare), vin de orez (sirop de glucoza, apa, zahar, condimente fermentate, alcool, otet, acidifianti (E334, E296)), zahar, amidon modificat, extract de drojdie, acidifiant E270, sare, aroma naturala, colorant E150d, ulei de rapita, pudra de usturoi, agent de ingrosare E415, conservant E202.<br \/>\nInformations sur les allerg\u00e8nes<br \/>\nContine: Soia, grau, boabe care contin gluten<br \/>\nValori nutritionale \/ 100 de grame<br \/>\nEnergie 430 kJ (103 kcal)<br \/>\nGrasimi 2,3 g din care acizi grasi saturati 0,3 g<br \/>\nCarbohidrati 13 g din care zaharuri 3,1 g<br \/>\nFibres alimentaires 1,3 g<br \/>\nProteine \u200b\u200b6,5 g<br \/>\nSare 0,33 g<br \/>\nStockage : Conserver dans un endroit sec, \u00e0 l'abri de la lumi\u00e8re et \u00e0 temp\u00e9rature ambiante. Ne pas exposer \u00e0 la lumi\u00e8re directe du soleil.<br \/>\nConsommer avant : voir sur l'emballage.<br \/>\nTenir hors de port\u00e9e des enfants<br \/>\nDupa deschidere a se pastra la rece, maxim 2 luni.<br \/>\nFabriqu\u00e9 en Hollande Unilever Nederland, Conimex, Postbus 160, 3000 AD Rotterdam<br \/>\nImportateur et distributeur Total Blue Impex SRL<\/p>","protected":false},"excerpt":{"rendered":"<p>Sosul Conimex Yakitori pentru wok este un sos dulce pe baza de sos de soia, cu ierburi si condimente japoneze autentice. Un sos japonez delicios care se potriveste perfect cu frigarui de pui (vegetariane). O jumatate de sticla de sos pentru wok este suficienta pentru 2-3 persoane. Vitaminele se pastreaza mai bine la wok decat [&#8230;]\n","protected":false},"featured_media":242065,"comment_status":"open","ping_status":"closed","template":"","meta":{"_acf_changed":false,"_seopress_robots_primary_cat":"none","_seopress_titles_title":"Sos Conimex Wok teriyaki 175 ml Olanda","_seopress_titles_desc":"Cauti Sos Conimex Wok soia dulce 175 ml? Comanda acum Sos Conimex Wok soia dulce 175 ml, produs in Olanda cu livrare rapida","_seopress_robots_index":""},"product_brand":[1949],"product_cat":[1555,3280,17494,1767],"giftcard-category":[],"class_list":{"0":"post-242063","1":"product","2":"type-product","3":"status-publish","4":"has-post-thumbnail","6":"product_brand-conimex","7":"product_cat-bacanie","8":"product_cat-condimente-sosuri","9":"product_cat-influente-asiatice","10":"product_cat-produse-olanda","12":"first","13":"instock","14":"taxable","15":"shipping-taxable","16":"purchasable","17":"product-type-simple"},"acf":[],"_links":{"self":[{"href":"https:\/\/totalblue.ro\/fr\/wp-json\/wp\/v2\/product\/242063","targetHints":{"allow":["GET"]}}],"collection":[{"href":"https:\/\/totalblue.ro\/fr\/wp-json\/wp\/v2\/product"}],"about":[{"href":"https:\/\/totalblue.ro\/fr\/wp-json\/wp\/v2\/types\/product"}],"replies":[{"embeddable":true,"href":"https:\/\/totalblue.ro\/fr\/wp-json\/wp\/v2\/comments?post=242063"}],"wp:featuredmedia":[{"embeddable":true,"href":"https:\/\/totalblue.ro\/fr\/wp-json\/wp\/v2\/media\/242065"}],"wp:attachment":[{"href":"https:\/\/totalblue.ro\/fr\/wp-json\/wp\/v2\/media?parent=242063"}],"wp:term":[{"taxonomy":"product_brand","embeddable":true,"href":"https:\/\/totalblue.ro\/fr\/wp-json\/wp\/v2\/product_brand?post=242063"},{"taxonomy":"product_cat","embeddable":true,"href":"https:\/\/totalblue.ro\/fr\/wp-json\/wp\/v2\/product_cat?post=242063"},{"taxonomy":"giftcard-category","embeddable":true,"href":"https:\/\/totalblue.ro\/fr\/wp-json\/wp\/v2\/giftcard-category?post=242063"}],"curies":[{"name":"wp","href":"https:\/\/api.w.org\/{rel}","templated":true}]}}