{"id":24360,"date":"2020-08-21T16:16:58","date_gmt":"2020-08-21T13:16:58","guid":{"rendered":"https:\/\/totalblue.ro\/?post_type=product&#038;p=24360"},"modified":"2025-08-07T16:17:28","modified_gmt":"2025-08-07T13:17:28","slug":"vegeta-bors-a-la-creme-40-grammes","status":"publish","type":"product","link":"https:\/\/totalblue.ro\/fr\/produs\/vegeta-bors-cu-smantana-40-grame\/","title":{"rendered":"Vegeta Bors avec cr\u00e8me 40 grammes"},"content":{"rendered":"<p>Le Vegeta Bors \u00e0 la cr\u00e8me est destin\u00e9 \u00e0 rehausser et \u00e0 intensifier les saveurs des plats traditionnels, c'est pourquoi il contient tous les l\u00e9gumes naturellement s\u00e9ch\u00e9s, fabriqu\u00e9s \u00e0 partir du bl\u00e9, du ma\u00efs et de la laitue les plus fins pour en rehausser la saveur.<\/p>\n<div class=\"content bck--white\">\n<div class=\"inner\">\n<ul>\n<li>Uniquement les meilleurs ingr\u00e9dients s\u00e9ch\u00e9s naturellement<\/li>\n<li>Sans conservateurs ni exhausteurs de go\u00fbt<\/li>\n<li>Emballage pratique et facile \u00e0 utiliser<\/li>\n<\/ul>\n<\/div>\n<\/div>\n<p>Marque : VEGETA<br \/>\nQuantit\u00e9 : 40 grammes.<br \/>\n<strong>Ingr\u00e9dient :<\/strong><br \/>\nLactose, maltodextrine, farine de bl\u00e9, sucre, acidifiants (acide citrique, acide lactique), lait \u00e9cr\u00e9m\u00e9 en poudre, exhausteur de go\u00fbt (glutamate de sodium), huile de palme, amidon de ma\u00efs, r\u00e9gulateur d'acidit\u00e9 (lactate de calcium), cr\u00e8me en poudre 2%, ar\u00f4mes (contient du lait), liv\u00e8che 1.4%, nouilles de bl\u00e9 1.2%, c\u00e9leri d\u00e9shydrat\u00e9, feuilles de persil d\u00e9shydrat\u00e9es, ma\u00efzena 0.1%.<br \/>\n<strong>Allerg\u00e8nes<\/strong><br \/>\nBl\u00e9, lait, c\u00e9leri. Peut contenir des traces d'oeufs.<br \/>\n<strong>D\u00e9tails de l'utilisation :<\/strong><br \/>\nConserver dans un endroit sec \u00e0 temp\u00e9rature ambiante<br \/>\nVers la fin de la pr\u00e9paration, ajouter une cuill\u00e8re \u00e0 soupe ( ~10 g ) de Vegeta Bors Original \u00e0 un litre de soupe et remuer.<\/p>\n<p><strong>La nutrition<\/strong><\/p>\n<div class=\"wrapper-table-responsive m-t-3\">\n<table class=\"table table-striped table-bordered table-responsive TableResponsive responsive\" style=\"height: 155px\" width=\"255\">\n<thead>\n<tr>\n<th>Graisses<\/th>\n<th>7,7g\/100 g<\/th>\n<\/tr>\n<\/thead>\n<tbody>\n<tr>\n<td>Valeur \u00e9nerg\u00e9tique<\/td>\n<td>378 kcal\/100 g<\/td>\n<\/tr>\n<tr>\n<td>Glucides<\/td>\n<td>61 g\/100 g<\/td>\n<\/tr>\n<tr>\n<td>Sodium<\/td>\n<td>2,5 g\/100 g<\/td>\n<\/tr>\n<tr>\n<td>Prot\u00e9ines<\/td>\n<td>7,0 g\/100 g<\/td>\n<\/tr>\n<\/tbody>\n<\/table>\n<\/div>","protected":false},"excerpt":{"rendered":"<p>Le Vegeta Bors \u00e0 la cr\u00e8me est destin\u00e9 \u00e0 rehausser et \u00e0 intensifier les saveurs des plats traditionnels, c'est pourquoi il ne contient que des l\u00e9gumes naturellement s\u00e9ch\u00e9s, fabriqu\u00e9s \u00e0 partir du bl\u00e9, du ma\u00efs et de la laitue les plus fins pour ajouter de la saveur.<\/p>","protected":false},"featured_media":24384,"comment_status":"open","ping_status":"closed","template":"","meta":{"_acf_changed":false,"_seopress_robots_primary_cat":"1451","_seopress_titles_title":"","_seopress_titles_desc":"Vegeta Bors cu Smantana doreste sa imbunatateasca si sa intensifice aromele mancarurilor traditionale.","_seopress_robots_index":""},"product_brand":[1926],"product_cat":[1555,1451],"giftcard-category":[],"class_list":{"0":"post-24360","1":"product","2":"type-product","3":"status-publish","4":"has-post-thumbnail","6":"product_brand-vegeta","7":"product_cat-bacanie","8":"product_cat-condimente-produse-instant","10":"first","11":"outofstock","12":"taxable","13":"shipping-taxable","14":"purchasable","15":"product-type-simple"},"acf":[],"_links":{"self":[{"href":"https:\/\/totalblue.ro\/fr\/wp-json\/wp\/v2\/product\/24360","targetHints":{"allow":["GET"]}}],"collection":[{"href":"https:\/\/totalblue.ro\/fr\/wp-json\/wp\/v2\/product"}],"about":[{"href":"https:\/\/totalblue.ro\/fr\/wp-json\/wp\/v2\/types\/product"}],"replies":[{"embeddable":true,"href":"https:\/\/totalblue.ro\/fr\/wp-json\/wp\/v2\/comments?post=24360"}],"wp:featuredmedia":[{"embeddable":true,"href":"https:\/\/totalblue.ro\/fr\/wp-json\/wp\/v2\/media\/24384"}],"wp:attachment":[{"href":"https:\/\/totalblue.ro\/fr\/wp-json\/wp\/v2\/media?parent=24360"}],"wp:term":[{"taxonomy":"product_brand","embeddable":true,"href":"https:\/\/totalblue.ro\/fr\/wp-json\/wp\/v2\/product_brand?post=24360"},{"taxonomy":"product_cat","embeddable":true,"href":"https:\/\/totalblue.ro\/fr\/wp-json\/wp\/v2\/product_cat?post=24360"},{"taxonomy":"giftcard-category","embeddable":true,"href":"https:\/\/totalblue.ro\/fr\/wp-json\/wp\/v2\/giftcard-category?post=24360"}],"curies":[{"name":"wp","href":"https:\/\/api.w.org\/{rel}","templated":true}]}}