{"id":24376,"date":"2020-08-24T10:33:04","date_gmt":"2020-08-24T07:33:04","guid":{"rendered":"https:\/\/totalblue.ro\/?post_type=product&#038;p=24376"},"modified":"2025-08-05T15:10:29","modified_gmt":"2025-08-05T12:10:29","slug":"dr-oetker-praf-de-copt-10grame","status":"publish","type":"product","link":"https:\/\/totalblue.ro\/fr\/produs\/dr-oetker-praf-de-copt-10grame\/","title":{"rendered":"Dr Oetker Poudre \u00e0 lever 10 grammes"},"content":{"rendered":"<p>Garan\u0163ia reu\u015fitei de mai bine de 100 de ani! Dr. August Oetker a reu\u015fit s\u0103 inventeze praful de copt at\u00e2t datorit\u0103 materiilor prime folosite, c\u00e2t \u015fi combin\u0103rii acestora \u00eentr-o propor\u0163ie optim\u0103. El a putut astfel garanta gospodinelor reu\u015fita oric\u0103rei pr\u0103jituri. Mai mult, pentru a fi \u015fi mai u\u015for, a ambalat praful de copt \u00een pachete de 10 g &#8211; cantitatea exact\u0103 pentru 500 g f\u0103in\u0103. Praful de copt ajut\u0103 la cre\u015fterea \u015fi af\u00e2narea tuturor tipurilor de aluaturi.<\/p>\n<p>Aten\u0163ie: nu se stinge cu o\u0163et!<\/p>\n<p>Descrierea produsului:<\/p>\n<p>\u2022 Backin este un praf de copt ce ajut\u0103 la cre\u0219terea \u0219i af\u00e2narea aluaturilor.<\/p>\n<p>\u2022 Testat din 1891.<\/p>\n<p>\u2022 Sub influen\u021ba umidit\u0103\u021bii \u0219i a c\u0103ldurii (ca urmare a reac\u021biei dintre bicarbonatul de sodiu \u0219i acid) rezult\u0103 dioxidul de carbon necesar af\u00e2n\u0103rii aluatului.<\/p>\n<p>\u2022 Agentul separator \u00eempiedic\u0103 reac\u021bia prematur\u0103 a ingredientelor (datorit\u0103, de exemplu, umezelii din aer).<\/p>\n<p>Avantaje:<\/p>\n<p>\u2022 Backin contribuie la af\u00e2narea \u0219i cre\u0219terea volumului tuturor tipurilor de aluaturi.<\/p>\n<p>\u2022 Con\u021binutul unui plic este suficient pentru 500 g f\u0103in\u0103.<\/p>\n<p>\u2022 Pe spatele ambalajului se g\u0103sesc re\u021bete de pr\u0103jituri.<br \/>\n<strong>Ingr\u00e9dient : <\/strong>Agenti de afanare difosfat disodic E450i si carbonat acid de sodiu E500ii, amidon din porumb.<\/p>","protected":false},"excerpt":{"rendered":"<p>Praful de copt ajut\u0103 la cre\u015fterea \u015fi af\u00e2narea tuturor tipurilor de aluaturi.<\/p>","protected":false},"featured_media":24377,"comment_status":"open","ping_status":"closed","template":"","meta":{"_acf_changed":false,"_seopress_robots_primary_cat":"none","_seopress_titles_title":"","_seopress_titles_desc":"Praful de copt ajut\u0103 la cre\u015fterea \u015fi af\u00e2narea tuturor tipurilor de aluaturi. Con\u021binutul unui plic este suficient pentru 500 g f\u0103in\u0103.","_seopress_robots_index":""},"product_brand":[1832],"product_cat":[1555,1451,1362],"giftcard-category":[],"class_list":{"0":"post-24376","1":"product","2":"type-product","3":"status-publish","4":"has-post-thumbnail","6":"product_brand-dr-oetker","7":"product_cat-bacanie","8":"product_cat-condimente-produse-instant","9":"product_cat-ulei-orez-faina-zahar","11":"first","12":"instock","13":"taxable","14":"shipping-taxable","15":"purchasable","16":"product-type-simple"},"acf":[],"_links":{"self":[{"href":"https:\/\/totalblue.ro\/fr\/wp-json\/wp\/v2\/product\/24376","targetHints":{"allow":["GET"]}}],"collection":[{"href":"https:\/\/totalblue.ro\/fr\/wp-json\/wp\/v2\/product"}],"about":[{"href":"https:\/\/totalblue.ro\/fr\/wp-json\/wp\/v2\/types\/product"}],"replies":[{"embeddable":true,"href":"https:\/\/totalblue.ro\/fr\/wp-json\/wp\/v2\/comments?post=24376"}],"wp:featuredmedia":[{"embeddable":true,"href":"https:\/\/totalblue.ro\/fr\/wp-json\/wp\/v2\/media\/24377"}],"wp:attachment":[{"href":"https:\/\/totalblue.ro\/fr\/wp-json\/wp\/v2\/media?parent=24376"}],"wp:term":[{"taxonomy":"product_brand","embeddable":true,"href":"https:\/\/totalblue.ro\/fr\/wp-json\/wp\/v2\/product_brand?post=24376"},{"taxonomy":"product_cat","embeddable":true,"href":"https:\/\/totalblue.ro\/fr\/wp-json\/wp\/v2\/product_cat?post=24376"},{"taxonomy":"giftcard-category","embeddable":true,"href":"https:\/\/totalblue.ro\/fr\/wp-json\/wp\/v2\/giftcard-category?post=24376"}],"curies":[{"name":"wp","href":"https:\/\/api.w.org\/{rel}","templated":true}]}}