{"id":24487,"date":"2020-08-28T11:28:56","date_gmt":"2020-08-28T08:28:56","guid":{"rendered":"https:\/\/totalblue.ro\/?post_type=product&#038;p=24487"},"modified":"2025-08-13T11:57:38","modified_gmt":"2025-08-13T08:57:38","slug":"ghiozdan-football-winner-23-cm","status":"publish","type":"product","link":"https:\/\/totalblue.ro\/fr\/produs\/ghiozdan-football-winner-23-cm\/","title":{"rendered":"Gagnant du football 23 cm"},"content":{"rendered":"<p>Ghiozdanul se remarca prin imprimeul Football si benzile reflectorizante.<br \/>\nCon\u00e7u pour l'\u00e9cole maternelle, il est dot\u00e9 d'un grand compartiment principal et d'une poche frontale zipp\u00e9e.<br \/>\nIl se distingue par son dos ergonomique qui favorise la circulation de l'air et assure souplesse et confort d'utilisation. Les bretelles sont moul\u00e9es et r\u00e9glables<br \/>\nLa base solide donne de la stabilit\u00e9 et de la stabilit\u00e9.<br \/>\nLe sac \u00e0 dos se ferme facilement avec un crochet.<br \/>\nDimensiunile produsului sunt 22x11x23 cm.<\/p>","protected":false},"excerpt":{"rendered":"<p>Ghiozdanul se remarca prin imprimeul Football si benzile reflectorizante. Conceput pentru gradinita acesta are un compartiment principal mare si un buzunar cu fermoar frontal. Se remarca prin spatele ergonomic pentru circulatia aerului si care asigura flexibilitate si confort deosebit in utilizare. Curelele de umar sunt buretate si ajustabile Baza solida confera stabilitate stabilitate. Ghiozdanul se [&#8230;]\n","protected":false},"featured_media":24488,"comment_status":"open","ping_status":"closed","template":"","meta":{"_acf_changed":false,"_seopress_robots_primary_cat":"none","_seopress_titles_title":"","_seopress_titles_desc":"Ghiozdanul se remarca prin imprimeul Football si benzile reflectorizante.","_seopress_robots_index":""},"product_brand":[],"product_cat":[11519],"giftcard-category":[],"class_list":{"0":"post-24487","1":"product","2":"type-product","3":"status-publish","4":"has-post-thumbnail","6":"product_cat-rechizite","8":"first","9":"instock","10":"taxable","11":"shipping-taxable","12":"purchasable","13":"product-type-simple"},"acf":[],"_links":{"self":[{"href":"https:\/\/totalblue.ro\/fr\/wp-json\/wp\/v2\/product\/24487","targetHints":{"allow":["GET"]}}],"collection":[{"href":"https:\/\/totalblue.ro\/fr\/wp-json\/wp\/v2\/product"}],"about":[{"href":"https:\/\/totalblue.ro\/fr\/wp-json\/wp\/v2\/types\/product"}],"replies":[{"embeddable":true,"href":"https:\/\/totalblue.ro\/fr\/wp-json\/wp\/v2\/comments?post=24487"}],"wp:featuredmedia":[{"embeddable":true,"href":"https:\/\/totalblue.ro\/fr\/wp-json\/wp\/v2\/media\/24488"}],"wp:attachment":[{"href":"https:\/\/totalblue.ro\/fr\/wp-json\/wp\/v2\/media?parent=24487"}],"wp:term":[{"taxonomy":"product_brand","embeddable":true,"href":"https:\/\/totalblue.ro\/fr\/wp-json\/wp\/v2\/product_brand?post=24487"},{"taxonomy":"product_cat","embeddable":true,"href":"https:\/\/totalblue.ro\/fr\/wp-json\/wp\/v2\/product_cat?post=24487"},{"taxonomy":"giftcard-category","embeddable":true,"href":"https:\/\/totalblue.ro\/fr\/wp-json\/wp\/v2\/giftcard-category?post=24487"}],"curies":[{"name":"wp","href":"https:\/\/api.w.org\/{rel}","templated":true}]}}