{"id":24493,"date":"2020-08-28T11:33:02","date_gmt":"2020-08-28T08:33:02","guid":{"rendered":"https:\/\/totalblue.ro\/?post_type=product&#038;p=24493"},"modified":"2023-09-19T16:04:59","modified_gmt":"2023-09-19T13:04:59","slug":"emoji-cartable-decole-maternelle-30-cm","status":"publish","type":"product","link":"https:\/\/totalblue.ro\/fr\/produs\/ghiozdan-gradinita-emoji-30-cm\/","title":{"rendered":"Emoji 30 cm sac d'\u00e9cole maternelle"},"content":{"rendered":"<p>Le sac \u00e0 dos se distingue par son imprim\u00e9 emoji.<br \/>\nCon\u00e7u pour l'\u00e9cole maternelle, il est dot\u00e9 d'un grand compartiment principal et d'une poche frontale zipp\u00e9e.<br \/>\nSac \u00e0 dos fabriqu\u00e9 dans un mat\u00e9riau r\u00e9sistant \u00e0 l'eau.<br \/>\nLes bretelles du sac \u00e0 dos sont rembourr\u00e9es et r\u00e9glables.<br \/>\nLe sac \u00e0 dos dispose de deux poches lat\u00e9rales pour les bouteilles d'eau.<br \/>\nLes dimensions du produit sont de 25x30x15cm.<\/p>","protected":false},"excerpt":{"rendered":"<p>Emoji 30 cm sac d'\u00e9cole maternelle<\/p>","protected":false},"featured_media":96734,"comment_status":"open","ping_status":"closed","template":"","meta":{"_acf_changed":false,"_seopress_robots_primary_cat":"none","_seopress_titles_title":"","_seopress_titles_desc":"Ghiozdanul se remarca prin imprimeul cu Emoji.","_seopress_robots_index":""},"product_brand":[],"product_cat":[11519],"giftcard-category":[],"class_list":{"0":"post-24493","1":"product","2":"type-product","3":"status-publish","4":"has-post-thumbnail","6":"product_cat-rechizite","8":"first","9":"instock","10":"taxable","11":"shipping-taxable","12":"purchasable","13":"product-type-simple"},"acf":[],"_links":{"self":[{"href":"https:\/\/totalblue.ro\/fr\/wp-json\/wp\/v2\/product\/24493","targetHints":{"allow":["GET"]}}],"collection":[{"href":"https:\/\/totalblue.ro\/fr\/wp-json\/wp\/v2\/product"}],"about":[{"href":"https:\/\/totalblue.ro\/fr\/wp-json\/wp\/v2\/types\/product"}],"replies":[{"embeddable":true,"href":"https:\/\/totalblue.ro\/fr\/wp-json\/wp\/v2\/comments?post=24493"}],"wp:featuredmedia":[{"embeddable":true,"href":"https:\/\/totalblue.ro\/fr\/wp-json\/wp\/v2\/media\/96734"}],"wp:attachment":[{"href":"https:\/\/totalblue.ro\/fr\/wp-json\/wp\/v2\/media?parent=24493"}],"wp:term":[{"taxonomy":"product_brand","embeddable":true,"href":"https:\/\/totalblue.ro\/fr\/wp-json\/wp\/v2\/product_brand?post=24493"},{"taxonomy":"product_cat","embeddable":true,"href":"https:\/\/totalblue.ro\/fr\/wp-json\/wp\/v2\/product_cat?post=24493"},{"taxonomy":"giftcard-category","embeddable":true,"href":"https:\/\/totalblue.ro\/fr\/wp-json\/wp\/v2\/giftcard-category?post=24493"}],"curies":[{"name":"wp","href":"https:\/\/api.w.org\/{rel}","templated":true}]}}