{"id":24581,"date":"2020-08-28T14:15:05","date_gmt":"2020-08-28T11:15:05","guid":{"rendered":"https:\/\/totalblue.ro\/?post_type=product&#038;p=24581"},"modified":"2023-10-04T10:10:55","modified_gmt":"2023-10-04T07:10:55","slug":"minions-oops-sac-a-dos-23-cm","status":"publish","type":"product","link":"https:\/\/totalblue.ro\/fr\/produs\/ghiozdan-minions-oops-23-cm\/","title":{"rendered":"Minions Oops 23 cm"},"content":{"rendered":"<p>Ce sac \u00e0 dos se distingue par son imprim\u00e9 Minions.<br \/>\nCon\u00e7u pour l'\u00e9cole maternelle, il est dot\u00e9 d'un grand compartiment principal et d'une poche frontale zipp\u00e9e.<br \/>\nIl se distingue par son dos ergonomique qui favorise la circulation de l'air et assure souplesse et confort d'utilisation. Les bretelles sont moul\u00e9es et r\u00e9glables<br \/>\nLa base solide donne de la stabilit\u00e9 et de la stabilit\u00e9.<br \/>\nLe sac \u00e0 dos se ferme facilement avec un crochet.<br \/>\nLes dimensions du produit sont 22x11x23 cm<\/p>\n<p>&nbsp;<\/p>","protected":false},"excerpt":{"rendered":"<p>Ce sac \u00e0 dos se distingue par son imprim\u00e9 Minions.<br \/>\nCode produit : MNVA8240<\/p>","protected":false},"featured_media":24583,"comment_status":"open","ping_status":"closed","template":"","meta":{"_acf_changed":false,"_seopress_robots_primary_cat":"1517","_seopress_titles_title":"","_seopress_titles_desc":"Ghiozdan perfect pentru o noua zi de gradinita. Ghiozdan confectionat din material rezistente la apa.","_seopress_robots_index":""},"product_brand":[],"product_cat":[11519],"giftcard-category":[],"class_list":{"0":"post-24581","1":"product","2":"type-product","3":"status-publish","4":"has-post-thumbnail","6":"product_cat-rechizite","8":"first","9":"instock","10":"taxable","11":"shipping-taxable","12":"purchasable","13":"product-type-simple"},"acf":[],"_links":{"self":[{"href":"https:\/\/totalblue.ro\/fr\/wp-json\/wp\/v2\/product\/24581","targetHints":{"allow":["GET"]}}],"collection":[{"href":"https:\/\/totalblue.ro\/fr\/wp-json\/wp\/v2\/product"}],"about":[{"href":"https:\/\/totalblue.ro\/fr\/wp-json\/wp\/v2\/types\/product"}],"replies":[{"embeddable":true,"href":"https:\/\/totalblue.ro\/fr\/wp-json\/wp\/v2\/comments?post=24581"}],"wp:featuredmedia":[{"embeddable":true,"href":"https:\/\/totalblue.ro\/fr\/wp-json\/wp\/v2\/media\/24583"}],"wp:attachment":[{"href":"https:\/\/totalblue.ro\/fr\/wp-json\/wp\/v2\/media?parent=24581"}],"wp:term":[{"taxonomy":"product_brand","embeddable":true,"href":"https:\/\/totalblue.ro\/fr\/wp-json\/wp\/v2\/product_brand?post=24581"},{"taxonomy":"product_cat","embeddable":true,"href":"https:\/\/totalblue.ro\/fr\/wp-json\/wp\/v2\/product_cat?post=24581"},{"taxonomy":"giftcard-category","embeddable":true,"href":"https:\/\/totalblue.ro\/fr\/wp-json\/wp\/v2\/giftcard-category?post=24581"}],"curies":[{"name":"wp","href":"https:\/\/api.w.org\/{rel}","templated":true}]}}