{"id":24616,"date":"2020-08-28T14:51:15","date_gmt":"2020-08-28T11:51:15","guid":{"rendered":"https:\/\/totalblue.ro\/?post_type=product&#038;p=24616"},"modified":"2023-09-19T16:04:21","modified_gmt":"2023-09-19T13:04:21","slug":"sac-a-dos-poing-spiderman-29-cm","status":"publish","type":"product","link":"https:\/\/totalblue.ro\/fr\/produs\/ghiozdan-spiderman-fist-29-cm\/","title":{"rendered":"Poing de Spiderman 29 cm"},"content":{"rendered":"<p>Le sac \u00e0 dos est imprim\u00e9 du h\u00e9ros pr\u00e9f\u00e9r\u00e9 des petits, Spiderman.<br \/>\nCon\u00e7u pour la cr\u00e8che et l'\u00e9cole, il est dot\u00e9 d'un grand compartiment principal et d'une petite poche frontale.<br \/>\nIl se distingue par son dos ergonomique qui favorise la circulation de l'air et assure une flexibilit\u00e9 et un grand confort d'utilisation. Les bretelles sont moul\u00e9es et r\u00e9glables.<br \/>\nLe sac \u00e0 dos se ferme facilement \u00e0 l'aide des sangles de fermeture \u00e0 glissi\u00e8re.<br \/>\nLes dimensions du produit sont de 29x25x9 cm.<\/p>\n<p>&nbsp;<\/p>","protected":false},"excerpt":{"rendered":"<p>Le sac \u00e0 dos est imprim\u00e9 du h\u00e9ros pr\u00e9f\u00e9r\u00e9 des petits, Spiderman.<br \/>\nCon\u00e7u pour la cr\u00e8che et l'\u00e9cole, il est dot\u00e9 d'un grand compartiment principal et d'une petite poche frontale.<br \/>\nCode produit : SM711147<\/p>","protected":false},"featured_media":24618,"comment_status":"open","ping_status":"closed","template":"","meta":{"_acf_changed":false,"_seopress_robots_primary_cat":"","_seopress_titles_title":"","_seopress_titles_desc":"Conceput pentru scoala acesta are un compartiment principal mare si un buzunar mic frontal.","_seopress_robots_index":""},"product_brand":[],"product_cat":[11519],"giftcard-category":[],"class_list":{"0":"post-24616","1":"product","2":"type-product","3":"status-publish","4":"has-post-thumbnail","6":"product_cat-rechizite","8":"first","9":"instock","10":"taxable","11":"shipping-taxable","12":"purchasable","13":"product-type-simple"},"acf":[],"_links":{"self":[{"href":"https:\/\/totalblue.ro\/fr\/wp-json\/wp\/v2\/product\/24616","targetHints":{"allow":["GET"]}}],"collection":[{"href":"https:\/\/totalblue.ro\/fr\/wp-json\/wp\/v2\/product"}],"about":[{"href":"https:\/\/totalblue.ro\/fr\/wp-json\/wp\/v2\/types\/product"}],"replies":[{"embeddable":true,"href":"https:\/\/totalblue.ro\/fr\/wp-json\/wp\/v2\/comments?post=24616"}],"wp:featuredmedia":[{"embeddable":true,"href":"https:\/\/totalblue.ro\/fr\/wp-json\/wp\/v2\/media\/24618"}],"wp:attachment":[{"href":"https:\/\/totalblue.ro\/fr\/wp-json\/wp\/v2\/media?parent=24616"}],"wp:term":[{"taxonomy":"product_brand","embeddable":true,"href":"https:\/\/totalblue.ro\/fr\/wp-json\/wp\/v2\/product_brand?post=24616"},{"taxonomy":"product_cat","embeddable":true,"href":"https:\/\/totalblue.ro\/fr\/wp-json\/wp\/v2\/product_cat?post=24616"},{"taxonomy":"giftcard-category","embeddable":true,"href":"https:\/\/totalblue.ro\/fr\/wp-json\/wp\/v2\/giftcard-category?post=24616"}],"curies":[{"name":"wp","href":"https:\/\/api.w.org\/{rel}","templated":true}]}}